{"id":612,"date":"2024-08-29T00:51:30","date_gmt":"2024-08-28T22:51:30","guid":{"rendered":"https:\/\/lesjambiens.be\/?page_id=612"},"modified":"2026-01-28T10:36:07","modified_gmt":"2026-01-28T09:36:07","slug":"c-c-a","status":"publish","type":"page","link":"https:\/\/lesjambiens.be\/index.php\/nos-partenaires\/c-c-a\/","title":{"rendered":"Conseil Consultatif Communal des A\u00een\u00e9s (C.C.C.A)"},"content":{"rendered":"<p><span style=\"text-decoration: underline;\"><span style=\"color: #3366ff; text-decoration: underline;\"><strong>Lien vers la Page Facebook :\u00a0<\/strong><\/span><strong><br \/>\n<\/strong><\/span><a href=\"https:\/\/www.facebook.com\/groups\/1114887503182210\/\">https:\/\/www.facebook.com\/groups\/1114887503182210\/<\/a><\/p>\n<p><span style=\"text-decoration: underline;\"><strong><span style=\"color: #3366ff;\">Composition :<\/span><br \/>\n<\/strong><\/span><a href=\"https:\/\/www.namur.be\/fr\/ma-ville\/social\/cohesion-sociale\/egalite-des-chances\/aines\/conseil-consultatif-communal-des-aines\/composition\" target=\"_blank\" rel=\"noopener\">https:\/\/www.namur.be\/fr\/ma-ville\/social\/cohesion-sociale\/egalite-des-chances\/aines\/conseil-consultatif-communal-des-aines\/composition<\/a><\/p>\n<p><span style=\"text-decoration: underline;\"><strong><span style=\"color: #3366ff; text-decoration: underline;\">Les Commissions :<br \/>\n<\/span><\/strong><\/span><strong><span style=\"color: #3366ff;\">&#8211;<\/span><\/strong><strong>\u00a0Bien-\u00eatre et Sant\u00e9 :<br \/>\n<\/strong><a href=\"https:\/\/www.namur.be\/fr\/ma-ville\/social\/cohesion-sociale\/egalite-des-chances\/aines\/conseil-consultatif-communal-des-aines\/commissions\/bien-etre-et-sante\" target=\"_blank\" rel=\"noopener\">https:\/\/www.namur.be\/fr\/ma-ville\/social\/cohesion-sociale\/egalite-des-chances\/aines\/conseil-consultatif-communal-des-aines\/commissions\/bien-etre-et-sante<\/a><br \/>\n&#8211; <strong>S\u00e9curit\u00e9, Mobilit\u00e9 et Environnement :<br \/>\n<\/strong><a href=\"https:\/\/www.namur.be\/fr\/ma-ville\/social\/cohesion-sociale\/egalite-des-chances\/aines\/conseil-consultatif-communal-des-aines\/commissions\/mobilite-et-securite\" target=\"_blank\" rel=\"noopener\">https:\/\/www.namur.be\/fr\/ma-ville\/social\/cohesion-sociale\/egalite-des-chances\/aines\/conseil-<\/a><a href=\"https:\/\/www.namur.be\/fr\/ma-ville\/social\/cohesion-sociale\/egalite-des-chances\/aines\/conseil-consultatif-communal-des-aines\/commissions\/mobilite-et-securite\" target=\"_blank\" rel=\"noopener\">consultatif-communal-des-aines\/commissions\/mobilite-et-securite<\/a><br \/>\n&#8211; <strong>Actions Interg\u00e9n\u00e9rationnelles :<br \/>\n<\/strong><a href=\"https:\/\/www.namur.be\/fr\/ma-ville\/social\/cohesion-sociale\/egalite-des-chances\/aines\/conseil-consultatif-communal-des-aines\/commissions\/actions-intergenerationnelles\" target=\"_blank\" rel=\"noopener\">https:\/\/www.namur.be\/fr\/ma-ville\/social\/cohesion-sociale\/egalite-des-chances\/aines\/conseil-consultatif-communal-des-aines\/commissions\/actions-intergenerationnelles<\/a><\/p>\n<p><span style=\"text-decoration: underline;\"><strong><span style=\"color: #3366ff; text-decoration: underline;\">Calendrier des r\u00e9unions \u00e0 t\u00e9l\u00e9charger :<br \/>\n<\/span><\/strong><\/span><a href=\"https:\/\/www.google.com\/url?sa=t&amp;source=web&amp;rct=j&amp;opi=89978449&amp;url=https:\/\/www.namur.be\/fr\/ma-ville\/social\/cohesion-sociale\/egalite-des-chances\/aines\/conseil-consultatif-communal-des-aines\/commissions\/calendrier-commissions-ccca\/view&amp;ved=2ahUKEwjrkN-m9q2SAxUSKvsDHSp9K90QFnoECBEQAQ&amp;usg=AOvVaw1tzaRFHYVbvUMa6e5d9lWN\" target=\"_blank\" rel=\"noopener\">https:\/\/www.google.com\/url?sa=t&amp;source=web&amp;rct=j&amp;opi=89978449&amp;url=https:\/\/www.namur.be\/fr\/ma-ville\/social\/cohesion-sociale\/egalite-des-chances\/aines\/conseil-consultatif-communal-des-aines\/commissions\/calendrier-commissions-ccca\/view&amp;ved=2ahUKEwjrkN-m9q2SAxUSKvsDHSp9K90QFnoECBEQAQ&amp;usg=AOvVaw1tzaRFHYVbvUMa6e5d9lWN<\/a><\/p>\n<p><span style=\"text-decoration: underline;\"><strong><span style=\"color: #3366ff; text-decoration: underline;\">Les Newsletters \u00e0 t\u00e9l\u00e9charger :<\/span><\/strong><\/span><span style=\"text-decoration: underline;\"><span style=\"color: #ff6600; text-decoration: underline;\"><br \/>\n<\/span><\/span><span style=\"color: #ff6600;\">&#8211;<\/span> <a href=\"https:\/\/lesjambiens.be\/wp-content\/uploads\/2025\/12\/Newsletter-n\u00b04.pdf\">Newsletter n\u00b04<\/a><span style=\"text-decoration: underline;\"><strong><br \/>\n<\/strong><\/span>&#8211; <a href=\"https:\/\/lesjambiens.be\/wp-content\/uploads\/2024\/11\/Newsletter-n3.pdf\" target=\"_blank\" rel=\"noopener\">Newsletter n\u00b03<\/a><br \/>\n&#8211; <a href=\"https:\/\/lesjambiens.be\/wp-content\/uploads\/2024\/11\/Newsletter-n2.pdf\">Newsletter n\u00b02<\/a><br \/>\n&#8211; <a href=\"https:\/\/lesjambiens.be\/wp-content\/uploads\/2024\/12\/Newsletter-n1.pdf\">Newsletter n\u00b01<\/a><\/p>\n<p><span style=\"text-decoration: underline;\"><span style=\"color: #3366ff;\"><strong>Rapport d&rsquo;activit\u00e9s\u00a0<\/strong><\/span><br \/>\n<\/span><a href=\"https:\/\/www.namur.be\/fr\/ma-ville\/social\/cohesion-sociale\/egalite-des-chances\/aines\/conseil-consultatif-communal-des-aines\/rapport-dactivites-du-ccca\" target=\"_blank\" rel=\"noopener\">https:\/\/www.namur.be\/fr\/ma-ville\/social\/cohesion-sociale\/egalite-des-chances\/aines\/conseil-consultatif-communal-des-aines\/rapport-dactivites-du-ccca<\/a><span style=\"text-decoration: underline;\"><br \/>\n<\/span><\/p>\n<p>&nbsp;<\/p>\n<table>\n<tbody>\n<tr>\n<td width=\"154\"><\/td>\n<td width=\"154\"><\/td>\n<td width=\"154\"><\/td>\n<td width=\"154\"><\/td>\n<\/tr>\n<tr>\n<td width=\"154\"><\/td>\n<td width=\"154\"><\/td>\n<td width=\"154\"><\/td>\n<td width=\"154\"><\/td>\n<\/tr>\n<tr>\n<td width=\"154\"><\/td>\n<td width=\"154\"><\/td>\n<td width=\"154\"><\/td>\n<td width=\"154\"><\/td>\n<\/tr>\n<\/tbody>\n<\/table>\n<p>&nbsp;<\/p>\n<div id=\"ConnectiveDocSignExtentionInstalled\" data-extension-version=\"1.0.4\"><\/div>\n","protected":false},"excerpt":{"rendered":"<p>Lien vers la Page Facebook :\u00a0 https:\/\/www.facebook.com\/groups\/1114887503182210\/ Composition : https:\/\/www.namur.be\/fr\/ma-ville\/social\/cohesion-sociale\/egalite-des-chances\/aines\/conseil-consultatif-communal-des-aines\/composition Les Commissions : &#8211;\u00a0Bien-\u00eatre et Sant\u00e9 : https:\/\/www.namur.be\/fr\/ma-ville\/social\/cohesion-sociale\/egalite-des-chances\/aines\/conseil-consultatif-communal-des-aines\/commissions\/bien-etre-et-sante &#8211; S\u00e9curit\u00e9, Mobilit\u00e9 et Environnement : https:\/\/www.namur.be\/fr\/ma-ville\/social\/cohesion-sociale\/egalite-des-chances\/aines\/conseil-consultatif-communal-des-aines\/commissions\/mobilite-et-securite &#8211; Actions Interg\u00e9n\u00e9rationnelles : https:\/\/www.namur.be\/fr\/ma-ville\/social\/cohesion-sociale\/egalite-des-chances\/aines\/conseil-consultatif-communal-des-aines\/commissions\/actions-intergenerationnelles &hellip; <a href=\"https:\/\/lesjambiens.be\/index.php\/nos-partenaires\/c-c-a\/\" class=\"more-link\">Lire la suite <span class=\"screen-reader-text\">Conseil Consultatif Communal des A\u00een\u00e9s (C.C.C.A)<\/span><\/a><\/p>\n","protected":false},"author":9,"featured_media":0,"parent":598,"menu_order":0,"comment_status":"closed","ping_status":"closed","template":"","meta":{"footnotes":""},"class_list":["post-612","page","type-page","status-publish","hentry","without-featured-image"],"yoast_head":"<!-- This site is optimized with the Yoast SEO plugin v27.4 - https:\/\/yoast.com\/product\/yoast-seo-wordpress\/ -->\n<title>Conseil Consultatif Communal des A\u00een\u00e9s (C.C.C.A) - Les Jambiens<\/title>\n<meta name=\"robots\" content=\"index, follow, max-snippet:-1, max-image-preview:large, max-video-preview:-1\" \/>\n<link rel=\"canonical\" href=\"https:\/\/lesjambiens.be\/index.php\/nos-partenaires\/c-c-a\/\" \/>\n<meta property=\"og:locale\" content=\"fr_FR\" \/>\n<meta property=\"og:type\" content=\"article\" \/>\n<meta property=\"og:title\" content=\"Conseil Consultatif Communal des A\u00een\u00e9s (C.C.C.A) - Les Jambiens\" \/>\n<meta property=\"og:description\" content=\"Lien vers la Page Facebook :\u00a0 https:\/\/www.facebook.com\/groups\/1114887503182210\/ Composition : https:\/\/www.namur.be\/fr\/ma-ville\/social\/cohesion-sociale\/egalite-des-chances\/aines\/conseil-consultatif-communal-des-aines\/composition Les Commissions : &#8211;\u00a0Bien-\u00eatre et Sant\u00e9 : https:\/\/www.namur.be\/fr\/ma-ville\/social\/cohesion-sociale\/egalite-des-chances\/aines\/conseil-consultatif-communal-des-aines\/commissions\/bien-etre-et-sante &#8211; S\u00e9curit\u00e9, Mobilit\u00e9 et Environnement : https:\/\/www.namur.be\/fr\/ma-ville\/social\/cohesion-sociale\/egalite-des-chances\/aines\/conseil-consultatif-communal-des-aines\/commissions\/mobilite-et-securite &#8211; Actions Interg\u00e9n\u00e9rationnelles : https:\/\/www.namur.be\/fr\/ma-ville\/social\/cohesion-sociale\/egalite-des-chances\/aines\/conseil-consultatif-communal-des-aines\/commissions\/actions-intergenerationnelles &hellip; Lire la suite Conseil Consultatif Communal des A\u00een\u00e9s (C.C.C.A)\" \/>\n<meta property=\"og:url\" content=\"https:\/\/lesjambiens.be\/index.php\/nos-partenaires\/c-c-a\/\" \/>\n<meta property=\"og:site_name\" content=\"Les Jambiens\" \/>\n<meta property=\"article:modified_time\" content=\"2026-01-28T09:36:07+00:00\" \/>\n<meta name=\"twitter:card\" content=\"summary_large_image\" \/>\n<meta name=\"twitter:label1\" content=\"Dur\u00e9e de lecture estim\u00e9e\" \/>\n\t<meta name=\"twitter:data1\" content=\"1 minute\" \/>\n<script type=\"application\/ld+json\" class=\"yoast-schema-graph\">{\"@context\":\"https:\\\/\\\/schema.org\",\"@graph\":[{\"@type\":\"WebPage\",\"@id\":\"https:\\\/\\\/lesjambiens.be\\\/index.php\\\/nos-partenaires\\\/c-c-a\\\/\",\"url\":\"https:\\\/\\\/lesjambiens.be\\\/index.php\\\/nos-partenaires\\\/c-c-a\\\/\",\"name\":\"Conseil Consultatif Communal des A\u00een\u00e9s (C.C.C.A) - Les Jambiens\",\"isPartOf\":{\"@id\":\"https:\\\/\\\/lesjambiens.be\\\/#website\"},\"datePublished\":\"2024-08-28T22:51:30+00:00\",\"dateModified\":\"2026-01-28T09:36:07+00:00\",\"breadcrumb\":{\"@id\":\"https:\\\/\\\/lesjambiens.be\\\/index.php\\\/nos-partenaires\\\/c-c-a\\\/#breadcrumb\"},\"inLanguage\":\"fr-FR\",\"potentialAction\":[{\"@type\":\"ReadAction\",\"target\":[\"https:\\\/\\\/lesjambiens.be\\\/index.php\\\/nos-partenaires\\\/c-c-a\\\/\"]}]},{\"@type\":\"BreadcrumbList\",\"@id\":\"https:\\\/\\\/lesjambiens.be\\\/index.php\\\/nos-partenaires\\\/c-c-a\\\/#breadcrumb\",\"itemListElement\":[{\"@type\":\"ListItem\",\"position\":1,\"name\":\"Accueil\",\"item\":\"https:\\\/\\\/lesjambiens.be\\\/\"},{\"@type\":\"ListItem\",\"position\":2,\"name\":\"Nos partenaires\",\"item\":\"https:\\\/\\\/lesjambiens.be\\\/index.php\\\/nos-partenaires\\\/\"},{\"@type\":\"ListItem\",\"position\":3,\"name\":\"Conseil Consultatif Communal des A\u00een\u00e9s (C.C.C.A)\"}]},{\"@type\":\"WebSite\",\"@id\":\"https:\\\/\\\/lesjambiens.be\\\/#website\",\"url\":\"https:\\\/\\\/lesjambiens.be\\\/\",\"name\":\"Les Jambiens\",\"description\":\"Activit\u00e9s pour les a\u00een\u00e9s \u00e0 Namur\",\"potentialAction\":[{\"@type\":\"SearchAction\",\"target\":{\"@type\":\"EntryPoint\",\"urlTemplate\":\"https:\\\/\\\/lesjambiens.be\\\/?s={search_term_string}\"},\"query-input\":{\"@type\":\"PropertyValueSpecification\",\"valueRequired\":true,\"valueName\":\"search_term_string\"}}],\"inLanguage\":\"fr-FR\"}]}<\/script>\n<!-- \/ Yoast SEO plugin. -->","yoast_head_json":{"title":"Conseil Consultatif Communal des A\u00een\u00e9s (C.C.C.A) - Les Jambiens","robots":{"index":"index","follow":"follow","max-snippet":"max-snippet:-1","max-image-preview":"max-image-preview:large","max-video-preview":"max-video-preview:-1"},"canonical":"https:\/\/lesjambiens.be\/index.php\/nos-partenaires\/c-c-a\/","og_locale":"fr_FR","og_type":"article","og_title":"Conseil Consultatif Communal des A\u00een\u00e9s (C.C.C.A) - Les Jambiens","og_description":"Lien vers la Page Facebook :\u00a0 https:\/\/www.facebook.com\/groups\/1114887503182210\/ Composition : https:\/\/www.namur.be\/fr\/ma-ville\/social\/cohesion-sociale\/egalite-des-chances\/aines\/conseil-consultatif-communal-des-aines\/composition Les Commissions : &#8211;\u00a0Bien-\u00eatre et Sant\u00e9 : https:\/\/www.namur.be\/fr\/ma-ville\/social\/cohesion-sociale\/egalite-des-chances\/aines\/conseil-consultatif-communal-des-aines\/commissions\/bien-etre-et-sante &#8211; S\u00e9curit\u00e9, Mobilit\u00e9 et Environnement : https:\/\/www.namur.be\/fr\/ma-ville\/social\/cohesion-sociale\/egalite-des-chances\/aines\/conseil-consultatif-communal-des-aines\/commissions\/mobilite-et-securite &#8211; Actions Interg\u00e9n\u00e9rationnelles : https:\/\/www.namur.be\/fr\/ma-ville\/social\/cohesion-sociale\/egalite-des-chances\/aines\/conseil-consultatif-communal-des-aines\/commissions\/actions-intergenerationnelles &hellip; Lire la suite Conseil Consultatif Communal des A\u00een\u00e9s (C.C.C.A)","og_url":"https:\/\/lesjambiens.be\/index.php\/nos-partenaires\/c-c-a\/","og_site_name":"Les Jambiens","article_modified_time":"2026-01-28T09:36:07+00:00","twitter_card":"summary_large_image","twitter_misc":{"Dur\u00e9e de lecture estim\u00e9e":"1 minute"},"schema":{"@context":"https:\/\/schema.org","@graph":[{"@type":"WebPage","@id":"https:\/\/lesjambiens.be\/index.php\/nos-partenaires\/c-c-a\/","url":"https:\/\/lesjambiens.be\/index.php\/nos-partenaires\/c-c-a\/","name":"Conseil Consultatif Communal des A\u00een\u00e9s (C.C.C.A) - Les Jambiens","isPartOf":{"@id":"https:\/\/lesjambiens.be\/#website"},"datePublished":"2024-08-28T22:51:30+00:00","dateModified":"2026-01-28T09:36:07+00:00","breadcrumb":{"@id":"https:\/\/lesjambiens.be\/index.php\/nos-partenaires\/c-c-a\/#breadcrumb"},"inLanguage":"fr-FR","potentialAction":[{"@type":"ReadAction","target":["https:\/\/lesjambiens.be\/index.php\/nos-partenaires\/c-c-a\/"]}]},{"@type":"BreadcrumbList","@id":"https:\/\/lesjambiens.be\/index.php\/nos-partenaires\/c-c-a\/#breadcrumb","itemListElement":[{"@type":"ListItem","position":1,"name":"Accueil","item":"https:\/\/lesjambiens.be\/"},{"@type":"ListItem","position":2,"name":"Nos partenaires","item":"https:\/\/lesjambiens.be\/index.php\/nos-partenaires\/"},{"@type":"ListItem","position":3,"name":"Conseil Consultatif Communal des A\u00een\u00e9s (C.C.C.A)"}]},{"@type":"WebSite","@id":"https:\/\/lesjambiens.be\/#website","url":"https:\/\/lesjambiens.be\/","name":"Les Jambiens","description":"Activit\u00e9s pour les a\u00een\u00e9s \u00e0 Namur","potentialAction":[{"@type":"SearchAction","target":{"@type":"EntryPoint","urlTemplate":"https:\/\/lesjambiens.be\/?s={search_term_string}"},"query-input":{"@type":"PropertyValueSpecification","valueRequired":true,"valueName":"search_term_string"}}],"inLanguage":"fr-FR"}]}},"_links":{"self":[{"href":"https:\/\/lesjambiens.be\/index.php\/wp-json\/wp\/v2\/pages\/612","targetHints":{"allow":["GET"]}}],"collection":[{"href":"https:\/\/lesjambiens.be\/index.php\/wp-json\/wp\/v2\/pages"}],"about":[{"href":"https:\/\/lesjambiens.be\/index.php\/wp-json\/wp\/v2\/types\/page"}],"author":[{"embeddable":true,"href":"https:\/\/lesjambiens.be\/index.php\/wp-json\/wp\/v2\/users\/9"}],"replies":[{"embeddable":true,"href":"https:\/\/lesjambiens.be\/index.php\/wp-json\/wp\/v2\/comments?post=612"}],"version-history":[{"count":45,"href":"https:\/\/lesjambiens.be\/index.php\/wp-json\/wp\/v2\/pages\/612\/revisions"}],"predecessor-version":[{"id":1640,"href":"https:\/\/lesjambiens.be\/index.php\/wp-json\/wp\/v2\/pages\/612\/revisions\/1640"}],"up":[{"embeddable":true,"href":"https:\/\/lesjambiens.be\/index.php\/wp-json\/wp\/v2\/pages\/598"}],"wp:attachment":[{"href":"https:\/\/lesjambiens.be\/index.php\/wp-json\/wp\/v2\/media?parent=612"}],"curies":[{"name":"wp","href":"https:\/\/api.w.org\/{rel}","templated":true}]}}