{"id":585,"date":"2024-08-28T22:47:16","date_gmt":"2024-08-28T20:47:16","guid":{"rendered":"https:\/\/lesjambiens.be\/?page_id=585"},"modified":"2026-03-22T18:36:57","modified_gmt":"2026-03-22T17:36:57","slug":"nos-sponsors","status":"publish","type":"page","link":"https:\/\/lesjambiens.be\/index.php\/nos-sponsors\/","title":{"rendered":"Nos sponsors"},"content":{"rendered":"<h2><strong><span style=\"text-decoration: underline;\"><span style=\"color: #3366ff; text-decoration: underline;\">Vous souhaitez soutenir notre Asbl ?<br \/>\n<\/span><\/span><\/strong><\/h2>\n<p>Particulier ou professionnel n&rsquo;h\u00e9sitez pas \u00e0 prendre contact avec <span style=\"text-decoration: underline;\"><strong>Bernadette PARIS<\/strong><\/span>,\u00a0 \u00a0 \u00a0 \u00a0 \u00a0 \u00a0 \u00a0 \u00a0 \u00a0 GSM 0495\u00a0 57.29.45 ou mail <a href=\"mailto:asbllesjambiens@gmail.com\">\u00a0\u00a0asbllesjambiens@gmail.com<\/a><\/p>\n<p>Nous vous guiderons avec plaisir dans la r\u00e9daction de votre encart.<\/p>\n<p>Pour plus de pr\u00e9cisions, vous pouvez consulter, ci-dessous,\u00a0 la \u00ab\u00a0Charte des sponsors\u00a0\u00bb.<\/p>\n<h2><strong><span style=\"text-decoration: underline;\"><span style=\"color: #3366ff; text-decoration: underline;\">charte des sponsors .<\/span><\/span><\/strong><u><\/u><\/h2>\n<p>Nous vous remercions d\u00e9j\u00e0 pour l&rsquo;int\u00e9r\u00eat que vous portez \u00e0 notre Asbl.<\/p>\n<p>Si vous souhaitez <span style=\"text-decoration: underline;\"><strong>soutenir nos projets,<\/strong><\/span> vous pouvez faire ins\u00e9rer un encart publicitaire sur notre site <a href=\"http:\/\/www.lesjambiens.be\">www.lesjambiens.be<\/a> \u00a0pour un montant de 50 \u20ac par ann\u00e9e civile du 1<sup>er<\/sup> janvier au 31 d\u00e9cembre \u00e0 verser sur notre compte bancaire n\u00b0 BE76 134501354195 et \u00e9ventuellement renouvelable.<\/p>\n<p>Nous pouvons, si besoin, vous aider\u00a0pour la r\u00e9daction de votre publicit\u00e9\u00a0; soit par mail, t\u00e9l\u00e9phone ou m\u00eame en nous rendant chez vous.<\/p>\n<p><span style=\"text-decoration: underline;\"><strong>La forme de cet encart sera la suivante<\/strong> <\/span>:<br \/>\n&#8211; il sera pr\u00e9sent\u00e9 sous Word dans un format A4<br \/>\n&#8211; il pourra \u00e9ventuellement contenir votre logo.<br \/>\n&#8211; Il comportera au maximum 400 caract\u00e8res espaces compris.<\/p>\n<p>D\u00e8s r\u00e9ception du paiement et apr\u00e8s avoir re\u00e7u votre accord de \u00ab\u00a0bon \u00e0 mettre en ligne\u00a0\u00bb, l&rsquo;encart sera publi\u00e9 sur notre site dans la rubrique : \u00ab\u00a0<strong>Partenaires &#8211; Sponsors<\/strong>\u00a0\u00bb<\/p>\n<p><strong>Les particuliers<\/strong> qui souhaitent \u00e9galement nous apportez leur soutien peuvent faire un don sur le m\u00eame compte bancaire qui sera alors mentionn\u00e9 anonymement\u00a0sur le site sous la forme : par sympathie.<\/p>\n<p><strong>Nous vous remercions d\u00e9j\u00e0<\/strong> tr\u00e8s chaleureusement pour votre implication.<\/p>\n<p>&nbsp;<\/p>\n<h2><\/h2>\n<p>&nbsp;<\/p>\n<h2><span style=\"color: #177b8f;\">\u00a0<\/span><\/h2>\n<p>&nbsp;<\/p>\n<p>&nbsp;<\/p>\n<div id=\"ConnectiveDocSignExtentionInstalled\" data-extension-version=\"1.0.4\"><\/div>\n","protected":false},"excerpt":{"rendered":"<p>Vous souhaitez soutenir notre Asbl ? Particulier ou professionnel n&rsquo;h\u00e9sitez pas \u00e0 prendre contact avec Bernadette PARIS,\u00a0 \u00a0 \u00a0 \u00a0 \u00a0 \u00a0 \u00a0 \u00a0 \u00a0 GSM 0495\u00a0 57.29.45 ou mail &hellip; <a href=\"https:\/\/lesjambiens.be\/index.php\/nos-sponsors\/\" class=\"more-link\">Lire la suite <span class=\"screen-reader-text\">Nos sponsors<\/span><\/a><\/p>\n","protected":false},"author":9,"featured_media":0,"parent":0,"menu_order":0,"comment_status":"closed","ping_status":"closed","template":"","meta":{"footnotes":""},"class_list":["post-585","page","type-page","status-publish","hentry","without-featured-image"],"yoast_head":"<!-- This site is optimized with the Yoast SEO plugin v27.4 - https:\/\/yoast.com\/product\/yoast-seo-wordpress\/ -->\n<title>Nos sponsors - Les Jambiens<\/title>\n<meta name=\"robots\" content=\"index, follow, max-snippet:-1, max-image-preview:large, max-video-preview:-1\" \/>\n<link rel=\"canonical\" href=\"https:\/\/lesjambiens.be\/index.php\/nos-sponsors\/\" \/>\n<meta property=\"og:locale\" content=\"fr_FR\" \/>\n<meta property=\"og:type\" content=\"article\" \/>\n<meta property=\"og:title\" content=\"Nos sponsors - Les Jambiens\" \/>\n<meta property=\"og:description\" content=\"Vous souhaitez soutenir notre Asbl ? Particulier ou professionnel n&rsquo;h\u00e9sitez pas \u00e0 prendre contact avec Bernadette PARIS,\u00a0 \u00a0 \u00a0 \u00a0 \u00a0 \u00a0 \u00a0 \u00a0 \u00a0 GSM 0495\u00a0 57.29.45 ou mail &hellip; Lire la suite Nos sponsors\" \/>\n<meta property=\"og:url\" content=\"https:\/\/lesjambiens.be\/index.php\/nos-sponsors\/\" \/>\n<meta property=\"og:site_name\" content=\"Les Jambiens\" \/>\n<meta property=\"article:modified_time\" content=\"2026-03-22T17:36:57+00:00\" \/>\n<meta name=\"twitter:card\" content=\"summary_large_image\" \/>\n<meta name=\"twitter:label1\" content=\"Dur\u00e9e de lecture estim\u00e9e\" \/>\n\t<meta name=\"twitter:data1\" content=\"2 minutes\" \/>\n<script type=\"application\/ld+json\" class=\"yoast-schema-graph\">{\"@context\":\"https:\\\/\\\/schema.org\",\"@graph\":[{\"@type\":\"WebPage\",\"@id\":\"https:\\\/\\\/lesjambiens.be\\\/index.php\\\/nos-sponsors\\\/\",\"url\":\"https:\\\/\\\/lesjambiens.be\\\/index.php\\\/nos-sponsors\\\/\",\"name\":\"Nos sponsors - Les Jambiens\",\"isPartOf\":{\"@id\":\"https:\\\/\\\/lesjambiens.be\\\/#website\"},\"datePublished\":\"2024-08-28T20:47:16+00:00\",\"dateModified\":\"2026-03-22T17:36:57+00:00\",\"breadcrumb\":{\"@id\":\"https:\\\/\\\/lesjambiens.be\\\/index.php\\\/nos-sponsors\\\/#breadcrumb\"},\"inLanguage\":\"fr-FR\",\"potentialAction\":[{\"@type\":\"ReadAction\",\"target\":[\"https:\\\/\\\/lesjambiens.be\\\/index.php\\\/nos-sponsors\\\/\"]}]},{\"@type\":\"BreadcrumbList\",\"@id\":\"https:\\\/\\\/lesjambiens.be\\\/index.php\\\/nos-sponsors\\\/#breadcrumb\",\"itemListElement\":[{\"@type\":\"ListItem\",\"position\":1,\"name\":\"Accueil\",\"item\":\"https:\\\/\\\/lesjambiens.be\\\/\"},{\"@type\":\"ListItem\",\"position\":2,\"name\":\"Nos sponsors\"}]},{\"@type\":\"WebSite\",\"@id\":\"https:\\\/\\\/lesjambiens.be\\\/#website\",\"url\":\"https:\\\/\\\/lesjambiens.be\\\/\",\"name\":\"Les Jambiens\",\"description\":\"Activit\u00e9s pour les a\u00een\u00e9s \u00e0 Namur\",\"potentialAction\":[{\"@type\":\"SearchAction\",\"target\":{\"@type\":\"EntryPoint\",\"urlTemplate\":\"https:\\\/\\\/lesjambiens.be\\\/?s={search_term_string}\"},\"query-input\":{\"@type\":\"PropertyValueSpecification\",\"valueRequired\":true,\"valueName\":\"search_term_string\"}}],\"inLanguage\":\"fr-FR\"}]}<\/script>\n<!-- \/ Yoast SEO plugin. -->","yoast_head_json":{"title":"Nos sponsors - Les Jambiens","robots":{"index":"index","follow":"follow","max-snippet":"max-snippet:-1","max-image-preview":"max-image-preview:large","max-video-preview":"max-video-preview:-1"},"canonical":"https:\/\/lesjambiens.be\/index.php\/nos-sponsors\/","og_locale":"fr_FR","og_type":"article","og_title":"Nos sponsors - Les Jambiens","og_description":"Vous souhaitez soutenir notre Asbl ? Particulier ou professionnel n&rsquo;h\u00e9sitez pas \u00e0 prendre contact avec Bernadette PARIS,\u00a0 \u00a0 \u00a0 \u00a0 \u00a0 \u00a0 \u00a0 \u00a0 \u00a0 GSM 0495\u00a0 57.29.45 ou mail &hellip; Lire la suite Nos sponsors","og_url":"https:\/\/lesjambiens.be\/index.php\/nos-sponsors\/","og_site_name":"Les Jambiens","article_modified_time":"2026-03-22T17:36:57+00:00","twitter_card":"summary_large_image","twitter_misc":{"Dur\u00e9e de lecture estim\u00e9e":"2 minutes"},"schema":{"@context":"https:\/\/schema.org","@graph":[{"@type":"WebPage","@id":"https:\/\/lesjambiens.be\/index.php\/nos-sponsors\/","url":"https:\/\/lesjambiens.be\/index.php\/nos-sponsors\/","name":"Nos sponsors - Les Jambiens","isPartOf":{"@id":"https:\/\/lesjambiens.be\/#website"},"datePublished":"2024-08-28T20:47:16+00:00","dateModified":"2026-03-22T17:36:57+00:00","breadcrumb":{"@id":"https:\/\/lesjambiens.be\/index.php\/nos-sponsors\/#breadcrumb"},"inLanguage":"fr-FR","potentialAction":[{"@type":"ReadAction","target":["https:\/\/lesjambiens.be\/index.php\/nos-sponsors\/"]}]},{"@type":"BreadcrumbList","@id":"https:\/\/lesjambiens.be\/index.php\/nos-sponsors\/#breadcrumb","itemListElement":[{"@type":"ListItem","position":1,"name":"Accueil","item":"https:\/\/lesjambiens.be\/"},{"@type":"ListItem","position":2,"name":"Nos sponsors"}]},{"@type":"WebSite","@id":"https:\/\/lesjambiens.be\/#website","url":"https:\/\/lesjambiens.be\/","name":"Les Jambiens","description":"Activit\u00e9s pour les a\u00een\u00e9s \u00e0 Namur","potentialAction":[{"@type":"SearchAction","target":{"@type":"EntryPoint","urlTemplate":"https:\/\/lesjambiens.be\/?s={search_term_string}"},"query-input":{"@type":"PropertyValueSpecification","valueRequired":true,"valueName":"search_term_string"}}],"inLanguage":"fr-FR"}]}},"_links":{"self":[{"href":"https:\/\/lesjambiens.be\/index.php\/wp-json\/wp\/v2\/pages\/585","targetHints":{"allow":["GET"]}}],"collection":[{"href":"https:\/\/lesjambiens.be\/index.php\/wp-json\/wp\/v2\/pages"}],"about":[{"href":"https:\/\/lesjambiens.be\/index.php\/wp-json\/wp\/v2\/types\/page"}],"author":[{"embeddable":true,"href":"https:\/\/lesjambiens.be\/index.php\/wp-json\/wp\/v2\/users\/9"}],"replies":[{"embeddable":true,"href":"https:\/\/lesjambiens.be\/index.php\/wp-json\/wp\/v2\/comments?post=585"}],"version-history":[{"count":32,"href":"https:\/\/lesjambiens.be\/index.php\/wp-json\/wp\/v2\/pages\/585\/revisions"}],"predecessor-version":[{"id":1644,"href":"https:\/\/lesjambiens.be\/index.php\/wp-json\/wp\/v2\/pages\/585\/revisions\/1644"}],"wp:attachment":[{"href":"https:\/\/lesjambiens.be\/index.php\/wp-json\/wp\/v2\/media?parent=585"}],"curies":[{"name":"wp","href":"https:\/\/api.w.org\/{rel}","templated":true}]}}