{"id":52,"date":"2024-03-12T11:16:36","date_gmt":"2024-03-12T10:16:36","guid":{"rendered":"https:\/\/lesjambiens.be\/?page_id=52"},"modified":"2024-12-17T16:50:19","modified_gmt":"2024-12-17T15:50:19","slug":"couture","status":"publish","type":"page","link":"https:\/\/lesjambiens.be\/index.php\/les-sections\/couture\/","title":{"rendered":"Couture \u00ab\u00a0Les Cousettes\u00a0\u00bb"},"content":{"rendered":"<h4><strong><img loading=\"lazy\" decoding=\"async\" class=\"alignnone wp-image-947\" src=\"https:\/\/lesjambiens.be\/wp-content\/uploads\/2024\/11\/2_20240723_111038-Copie-copie-281x300.jpg\" alt=\"\" width=\"340\" height=\"363\" srcset=\"https:\/\/lesjambiens.be\/wp-content\/uploads\/2024\/11\/2_20240723_111038-Copie-copie-281x300.jpg 281w, https:\/\/lesjambiens.be\/wp-content\/uploads\/2024\/11\/2_20240723_111038-Copie-copie-356x380.jpg 356w, https:\/\/lesjambiens.be\/wp-content\/uploads\/2024\/11\/2_20240723_111038-Copie-copie.jpg 748w\" sizes=\"auto, (max-width: 340px) 100vw, 340px\" \/><\/strong><\/h4>\n<h4><strong><span style=\"text-decoration: underline;\">Responsables<\/span> :<\/strong><\/h4>\n<ul>\n<li><strong>Genevi\u00e8ve<\/strong> &#8211; 0496 74.14.40 &#8211; <a href=\"mailto:g.bughin@yahoo.fr\"><strong>g.bughin@yahoo.fr<\/strong><\/a><\/li>\n<li><strong>Fran\u00e7oise<\/strong> &#8211; 0475 95.74.46 &#8211; <a href=\"mailto:mousailon@belgacom.net\"><strong>mousailon@belgacom.net<\/strong><\/a><\/li>\n<\/ul>\n<h4><strong><span style=\"text-decoration: underline;\">Horaire<\/span> :<\/strong><\/h4>\n<ul>\n<li>Le <strong>mardi<\/strong><\/li>\n<li>De<strong> 09h30<\/strong> \u00e0 <strong>12h30<\/strong><\/li>\n<\/ul>\n<h4><strong><span style=\"text-decoration: underline;\">LIeu<\/span> :<\/strong><\/h4>\n<p><strong>Salle Jean Materne<br \/>\nAll\u00e9e du Parc Astrid, 30<\/strong><br \/>\n<strong>\u00e0 5100 JAMBES<\/strong><\/p>\n<h4><strong><span style=\"text-decoration: underline;\">OBJECTIFS<\/span> :<\/strong><\/h4>\n<ul>\n<li><strong>Couture<br \/>\n<\/strong>\u00a0\u00a0 R\u00e9alisation de v\u00eatements et d&rsquo;am\u00e9nagement int\u00e9rieur.<\/li>\n<li><strong>Patchwork<br \/>\n<\/strong>\u00a0\u00a0 Cr\u00e9ation de coussins, sacs, napperons et d\u00e9corations de No\u00ebl<\/li>\n<\/ul>\n<h4><strong><span style=\"text-decoration: underline;\">Philosophie<\/span> :<\/strong><\/h4>\n<p>La section couture et patchwork est un atelier o\u00f9 les travaux individuels n&rsquo;y sont pas impos\u00e9s.<br \/>\nLes id\u00e9es et les conseils de chacune sont partag\u00e9s dans la convivialit\u00e9.<br \/>\nLa matin\u00e9e est entrecoup\u00e9e d&rsquo;une pause-caf\u00e9 gourmand.<br \/>\nNous adh\u00e9rons \u00e0 la philosophie de la Soci\u00e9t\u00e9 Royale Asbl \u201cLes Jambiens\u201d<\/p>\n<h4><strong><span style=\"text-decoration: underline;\">REMARQUe<\/span> :<\/strong><\/h4>\n<p>Machine \u00e0 coudre et surjeteuse sont \u00e0 votre disposition.<\/p>\n<div style=\"width: 620px;\" class=\"wp-video\"><video class=\"wp-video-shortcode\" id=\"video-52-1\" width=\"620\" height=\"349\" preload=\"metadata\" controls=\"controls\"><source type=\"video\/mp4\" src=\"https:\/\/lesjambiens.be\/wp-content\/uploads\/2024\/08\/Diaporama-Couture-Les-cousettes.mp4?_=1\" \/><a href=\"https:\/\/lesjambiens.be\/wp-content\/uploads\/2024\/08\/Diaporama-Couture-Les-cousettes.mp4\">https:\/\/lesjambiens.be\/wp-content\/uploads\/2024\/08\/Diaporama-Couture-Les-cousettes.mp4<\/a><\/video><\/div>\n<div id=\"ConnectiveDocSignExtentionInstalled\" data-extension-version=\"1.0.4\"><\/div>\n","protected":false},"excerpt":{"rendered":"<p>Responsables : Genevi\u00e8ve &#8211; 0496 74.14.40 &#8211; g.bughin@yahoo.fr Fran\u00e7oise &#8211; 0475 95.74.46 &#8211; mousailon@belgacom.net Horaire : Le mardi De 09h30 \u00e0 12h30 LIeu : Salle Jean Materne All\u00e9e du Parc &hellip; <a href=\"https:\/\/lesjambiens.be\/index.php\/les-sections\/couture\/\" class=\"more-link\">Lire la suite <span class=\"screen-reader-text\">Couture \u00ab\u00a0Les Cousettes\u00a0\u00bb<\/span><\/a><\/p>\n","protected":false},"author":4,"featured_media":0,"parent":20,"menu_order":0,"comment_status":"closed","ping_status":"closed","template":"","meta":{"footnotes":""},"class_list":["post-52","page","type-page","status-publish","hentry","without-featured-image"],"yoast_head":"<!-- This site is optimized with the Yoast SEO plugin v27.4 - https:\/\/yoast.com\/product\/yoast-seo-wordpress\/ -->\n<title>Couture &quot;Les Cousettes&quot; - Les Jambiens<\/title>\n<meta name=\"robots\" content=\"index, follow, max-snippet:-1, max-image-preview:large, max-video-preview:-1\" \/>\n<link rel=\"canonical\" href=\"https:\/\/lesjambiens.be\/index.php\/les-sections\/couture\/\" \/>\n<meta property=\"og:locale\" content=\"fr_FR\" \/>\n<meta property=\"og:type\" content=\"article\" \/>\n<meta property=\"og:title\" content=\"Couture &quot;Les Cousettes&quot; - Les Jambiens\" \/>\n<meta property=\"og:description\" content=\"Responsables : Genevi\u00e8ve &#8211; 0496 74.14.40 &#8211; g.bughin@yahoo.fr Fran\u00e7oise &#8211; 0475 95.74.46 &#8211; mousailon@belgacom.net Horaire : Le mardi De 09h30 \u00e0 12h30 LIeu : Salle Jean Materne All\u00e9e du Parc &hellip; Lire la suite Couture \u00ab\u00a0Les Cousettes\u00a0\u00bb\" \/>\n<meta property=\"og:url\" content=\"https:\/\/lesjambiens.be\/index.php\/les-sections\/couture\/\" \/>\n<meta property=\"og:site_name\" content=\"Les Jambiens\" \/>\n<meta property=\"article:modified_time\" content=\"2024-12-17T15:50:19+00:00\" \/>\n<meta property=\"og:image\" content=\"http:\/\/lesjambiens.be\/wp-content\/uploads\/2024\/11\/2_20240723_111038-Copie-copie-281x300.jpg\" \/>\n<meta name=\"twitter:card\" content=\"summary_large_image\" \/>\n<meta name=\"twitter:label1\" content=\"Dur\u00e9e de lecture estim\u00e9e\" \/>\n\t<meta name=\"twitter:data1\" content=\"1 minute\" \/>\n<script type=\"application\/ld+json\" class=\"yoast-schema-graph\">{\"@context\":\"https:\\\/\\\/schema.org\",\"@graph\":[{\"@type\":\"WebPage\",\"@id\":\"https:\\\/\\\/lesjambiens.be\\\/index.php\\\/les-sections\\\/couture\\\/\",\"url\":\"https:\\\/\\\/lesjambiens.be\\\/index.php\\\/les-sections\\\/couture\\\/\",\"name\":\"Couture \\\"Les Cousettes\\\" - Les Jambiens\",\"isPartOf\":{\"@id\":\"https:\\\/\\\/lesjambiens.be\\\/#website\"},\"primaryImageOfPage\":{\"@id\":\"https:\\\/\\\/lesjambiens.be\\\/index.php\\\/les-sections\\\/couture\\\/#primaryimage\"},\"image\":{\"@id\":\"https:\\\/\\\/lesjambiens.be\\\/index.php\\\/les-sections\\\/couture\\\/#primaryimage\"},\"thumbnailUrl\":\"http:\\\/\\\/lesjambiens.be\\\/wp-content\\\/uploads\\\/2024\\\/11\\\/2_20240723_111038-Copie-copie-281x300.jpg\",\"datePublished\":\"2024-03-12T10:16:36+00:00\",\"dateModified\":\"2024-12-17T15:50:19+00:00\",\"breadcrumb\":{\"@id\":\"https:\\\/\\\/lesjambiens.be\\\/index.php\\\/les-sections\\\/couture\\\/#breadcrumb\"},\"inLanguage\":\"fr-FR\",\"potentialAction\":[{\"@type\":\"ReadAction\",\"target\":[\"https:\\\/\\\/lesjambiens.be\\\/index.php\\\/les-sections\\\/couture\\\/\"]}]},{\"@type\":\"ImageObject\",\"inLanguage\":\"fr-FR\",\"@id\":\"https:\\\/\\\/lesjambiens.be\\\/index.php\\\/les-sections\\\/couture\\\/#primaryimage\",\"url\":\"https:\\\/\\\/lesjambiens.be\\\/wp-content\\\/uploads\\\/2024\\\/11\\\/2_20240723_111038-Copie-copie.jpg\",\"contentUrl\":\"https:\\\/\\\/lesjambiens.be\\\/wp-content\\\/uploads\\\/2024\\\/11\\\/2_20240723_111038-Copie-copie.jpg\",\"width\":748,\"height\":799},{\"@type\":\"BreadcrumbList\",\"@id\":\"https:\\\/\\\/lesjambiens.be\\\/index.php\\\/les-sections\\\/couture\\\/#breadcrumb\",\"itemListElement\":[{\"@type\":\"ListItem\",\"position\":1,\"name\":\"Accueil\",\"item\":\"https:\\\/\\\/lesjambiens.be\\\/\"},{\"@type\":\"ListItem\",\"position\":2,\"name\":\"Nos sections\",\"item\":\"https:\\\/\\\/lesjambiens.be\\\/index.php\\\/les-sections\\\/\"},{\"@type\":\"ListItem\",\"position\":3,\"name\":\"Couture \u00ab\u00a0Les Cousettes\u00a0\u00bb\"}]},{\"@type\":\"WebSite\",\"@id\":\"https:\\\/\\\/lesjambiens.be\\\/#website\",\"url\":\"https:\\\/\\\/lesjambiens.be\\\/\",\"name\":\"Les Jambiens\",\"description\":\"Activit\u00e9s pour les a\u00een\u00e9s \u00e0 Namur\",\"potentialAction\":[{\"@type\":\"SearchAction\",\"target\":{\"@type\":\"EntryPoint\",\"urlTemplate\":\"https:\\\/\\\/lesjambiens.be\\\/?s={search_term_string}\"},\"query-input\":{\"@type\":\"PropertyValueSpecification\",\"valueRequired\":true,\"valueName\":\"search_term_string\"}}],\"inLanguage\":\"fr-FR\"}]}<\/script>\n<!-- \/ Yoast SEO plugin. -->","yoast_head_json":{"title":"Couture \"Les Cousettes\" - Les Jambiens","robots":{"index":"index","follow":"follow","max-snippet":"max-snippet:-1","max-image-preview":"max-image-preview:large","max-video-preview":"max-video-preview:-1"},"canonical":"https:\/\/lesjambiens.be\/index.php\/les-sections\/couture\/","og_locale":"fr_FR","og_type":"article","og_title":"Couture \"Les Cousettes\" - Les Jambiens","og_description":"Responsables : Genevi\u00e8ve &#8211; 0496 74.14.40 &#8211; g.bughin@yahoo.fr Fran\u00e7oise &#8211; 0475 95.74.46 &#8211; mousailon@belgacom.net Horaire : Le mardi De 09h30 \u00e0 12h30 LIeu : Salle Jean Materne All\u00e9e du Parc &hellip; Lire la suite Couture \u00ab\u00a0Les Cousettes\u00a0\u00bb","og_url":"https:\/\/lesjambiens.be\/index.php\/les-sections\/couture\/","og_site_name":"Les Jambiens","article_modified_time":"2024-12-17T15:50:19+00:00","og_image":[{"url":"http:\/\/lesjambiens.be\/wp-content\/uploads\/2024\/11\/2_20240723_111038-Copie-copie-281x300.jpg","type":"","width":"","height":""}],"twitter_card":"summary_large_image","twitter_misc":{"Dur\u00e9e de lecture estim\u00e9e":"1 minute"},"schema":{"@context":"https:\/\/schema.org","@graph":[{"@type":"WebPage","@id":"https:\/\/lesjambiens.be\/index.php\/les-sections\/couture\/","url":"https:\/\/lesjambiens.be\/index.php\/les-sections\/couture\/","name":"Couture \"Les Cousettes\" - Les Jambiens","isPartOf":{"@id":"https:\/\/lesjambiens.be\/#website"},"primaryImageOfPage":{"@id":"https:\/\/lesjambiens.be\/index.php\/les-sections\/couture\/#primaryimage"},"image":{"@id":"https:\/\/lesjambiens.be\/index.php\/les-sections\/couture\/#primaryimage"},"thumbnailUrl":"http:\/\/lesjambiens.be\/wp-content\/uploads\/2024\/11\/2_20240723_111038-Copie-copie-281x300.jpg","datePublished":"2024-03-12T10:16:36+00:00","dateModified":"2024-12-17T15:50:19+00:00","breadcrumb":{"@id":"https:\/\/lesjambiens.be\/index.php\/les-sections\/couture\/#breadcrumb"},"inLanguage":"fr-FR","potentialAction":[{"@type":"ReadAction","target":["https:\/\/lesjambiens.be\/index.php\/les-sections\/couture\/"]}]},{"@type":"ImageObject","inLanguage":"fr-FR","@id":"https:\/\/lesjambiens.be\/index.php\/les-sections\/couture\/#primaryimage","url":"https:\/\/lesjambiens.be\/wp-content\/uploads\/2024\/11\/2_20240723_111038-Copie-copie.jpg","contentUrl":"https:\/\/lesjambiens.be\/wp-content\/uploads\/2024\/11\/2_20240723_111038-Copie-copie.jpg","width":748,"height":799},{"@type":"BreadcrumbList","@id":"https:\/\/lesjambiens.be\/index.php\/les-sections\/couture\/#breadcrumb","itemListElement":[{"@type":"ListItem","position":1,"name":"Accueil","item":"https:\/\/lesjambiens.be\/"},{"@type":"ListItem","position":2,"name":"Nos sections","item":"https:\/\/lesjambiens.be\/index.php\/les-sections\/"},{"@type":"ListItem","position":3,"name":"Couture \u00ab\u00a0Les Cousettes\u00a0\u00bb"}]},{"@type":"WebSite","@id":"https:\/\/lesjambiens.be\/#website","url":"https:\/\/lesjambiens.be\/","name":"Les Jambiens","description":"Activit\u00e9s pour les a\u00een\u00e9s \u00e0 Namur","potentialAction":[{"@type":"SearchAction","target":{"@type":"EntryPoint","urlTemplate":"https:\/\/lesjambiens.be\/?s={search_term_string}"},"query-input":{"@type":"PropertyValueSpecification","valueRequired":true,"valueName":"search_term_string"}}],"inLanguage":"fr-FR"}]}},"_links":{"self":[{"href":"https:\/\/lesjambiens.be\/index.php\/wp-json\/wp\/v2\/pages\/52","targetHints":{"allow":["GET"]}}],"collection":[{"href":"https:\/\/lesjambiens.be\/index.php\/wp-json\/wp\/v2\/pages"}],"about":[{"href":"https:\/\/lesjambiens.be\/index.php\/wp-json\/wp\/v2\/types\/page"}],"author":[{"embeddable":true,"href":"https:\/\/lesjambiens.be\/index.php\/wp-json\/wp\/v2\/users\/4"}],"replies":[{"embeddable":true,"href":"https:\/\/lesjambiens.be\/index.php\/wp-json\/wp\/v2\/comments?post=52"}],"version-history":[{"count":20,"href":"https:\/\/lesjambiens.be\/index.php\/wp-json\/wp\/v2\/pages\/52\/revisions"}],"predecessor-version":[{"id":1200,"href":"https:\/\/lesjambiens.be\/index.php\/wp-json\/wp\/v2\/pages\/52\/revisions\/1200"}],"up":[{"embeddable":true,"href":"https:\/\/lesjambiens.be\/index.php\/wp-json\/wp\/v2\/pages\/20"}],"wp:attachment":[{"href":"https:\/\/lesjambiens.be\/index.php\/wp-json\/wp\/v2\/media?parent=52"}],"curies":[{"name":"wp","href":"https:\/\/api.w.org\/{rel}","templated":true}]}}