{"id":50,"date":"2024-03-12T11:16:22","date_gmt":"2024-03-12T10:16:22","guid":{"rendered":"https:\/\/lesjambiens.be\/?page_id=50"},"modified":"2026-01-21T00:31:11","modified_gmt":"2026-01-20T23:31:11","slug":"voyage","status":"publish","type":"page","link":"https:\/\/lesjambiens.be\/index.php\/les-sections\/voyage\/","title":{"rendered":"Voyages"},"content":{"rendered":"<h4><img loading=\"lazy\" decoding=\"async\" class=\"alignnone size-full wp-image-813\" src=\"https:\/\/lesjambiens.be\/wp-content\/uploads\/2024\/09\/Logo.jpg\" alt=\"\" width=\"267\" height=\"189\" \/><\/h4>\n<h4><strong><span style=\"text-decoration: underline;\">Responsables<\/span> :<\/strong><\/h4>\n<ul>\n<li><strong>Nicole HANNECART <\/strong>&#8211; 0495 \/90 68 96 &#8211; <a href=\"mailto:voyageschoralejambiens@gmail.com\"><strong>voyageschoralejambiens@gmail.com<\/strong><\/a><\/li>\n<li><strong>Claudie PIET<\/strong> &#8211; 0487 \/ 92 30 05 &#8211; <a href=\"mailto:voyageschoralejambiens@gmail.com\"><strong>voyageschoralejambiens@gmail.com<\/strong><\/a><\/li>\n<li><strong>Willy POSKIN &#8211; <\/strong>0477 \/ 52 58 32\u00a0 &#8211; <a href=\"mailto:voyageschoralejambiens@gmail.com\"><strong>voyageschoralejambiens@gmail.com<\/strong><\/a><\/li>\n<\/ul>\n<h4><strong><span style=\"text-decoration: underline;\">HORAIRE<\/span> :<\/strong><\/h4>\n<p><span style=\"color: #000000;\">Permanence :<br \/>\nLes <strong>1er<\/strong> et <strong>3\u00e8me<\/strong> Jeudis de<strong> 9 h 00<\/strong> <strong>\u00e0 12 h 00<br \/>\n<\/strong>Les <strong>2\u00e8me<\/strong> et <strong>4\u00e8me<\/strong> Jeudis de <strong>10 h 00<\/strong> \u00e0 <strong>12 h 00<\/strong><\/span><\/p>\n<h4><strong><span style=\"text-decoration: underline;\">Lieu<\/span> :<\/strong><\/h4>\n<p><strong>Salle Jean Materne<br \/>\nAll\u00e9e du Parc Astrid, 30<br \/>\n\u00e0 5100 JAMBES<\/strong><\/p>\n<h4><strong><span style=\"text-decoration: underline;\">OBJECTIFS<\/span> :<\/strong><\/h4>\n<p>La section organise des <strong>voyages d\u2019un \u00e0 quelques jours<\/strong> afin de d\u00e9couvrir nos r\u00e9gions et pays voisins, de quitter la routine pour quelques instants dans la convivialit\u00e9, le rire, la bonne humeur et le partage.<\/p>\n<p>Comme chacun sait <strong>les voyages forment la jeunesse ;<\/strong> il nous faut donc en profiter.<\/p>\n<p>Il y a aussi des go\u00fbters et repas dansants organis\u00e9s dans une bonne ambiance o\u00f9 toutes et tous sont les bienvenus.<\/p>\n<h4><strong><span style=\"text-decoration: underline;\">Philosophie<\/span> :<\/strong><\/h4>\n<p>Notre section permet de rompre l&rsquo;isolement en faisant de nouvelles rencontres et en partageant d&rsquo;agr\u00e9ables moments.<br \/>\nNous adh\u00e9rons \u00e0 la philosophie de la Soci\u00e9t\u00e9 Royale Asbl \u201cLes Jambiens\u201d<\/p>\n<div style=\"width: 620px;\" class=\"wp-video\"><video class=\"wp-video-shortcode\" id=\"video-50-1\" width=\"620\" height=\"349\" preload=\"metadata\" controls=\"controls\"><source type=\"video\/mp4\" src=\"https:\/\/lesjambiens.be\/wp-content\/uploads\/2024\/09\/Diaporama-Voyages.mp4?_=1\" \/><a href=\"https:\/\/lesjambiens.be\/wp-content\/uploads\/2024\/09\/Diaporama-Voyages.mp4\">https:\/\/lesjambiens.be\/wp-content\/uploads\/2024\/09\/Diaporama-Voyages.mp4<\/a><\/video><\/div>\n<p>&nbsp;<\/p>\n<p>&nbsp;<\/p>\n<div id=\"ConnectiveDocSignExtentionInstalled\" data-extension-version=\"1.0.4\"><\/div>\n","protected":false},"excerpt":{"rendered":"<p>Responsables : Nicole HANNECART &#8211; 0495 \/90 68 96 &#8211; voyageschoralejambiens@gmail.com Claudie PIET &#8211; 0487 \/ 92 30 05 &#8211; voyageschoralejambiens@gmail.com Willy POSKIN &#8211; 0477 \/ 52 58 32\u00a0 &#8211; &hellip; <a href=\"https:\/\/lesjambiens.be\/index.php\/les-sections\/voyage\/\" class=\"more-link\">Lire la suite <span class=\"screen-reader-text\">Voyages<\/span><\/a><\/p>\n","protected":false},"author":4,"featured_media":0,"parent":20,"menu_order":0,"comment_status":"closed","ping_status":"closed","template":"","meta":{"footnotes":""},"class_list":["post-50","page","type-page","status-publish","hentry","without-featured-image"],"yoast_head":"<!-- This site is optimized with the Yoast SEO plugin v27.4 - https:\/\/yoast.com\/product\/yoast-seo-wordpress\/ -->\n<title>Voyages - Les Jambiens<\/title>\n<meta name=\"robots\" content=\"index, follow, max-snippet:-1, max-image-preview:large, max-video-preview:-1\" \/>\n<link rel=\"canonical\" href=\"https:\/\/lesjambiens.be\/index.php\/les-sections\/voyage\/\" \/>\n<meta property=\"og:locale\" content=\"fr_FR\" \/>\n<meta property=\"og:type\" content=\"article\" \/>\n<meta property=\"og:title\" content=\"Voyages - Les Jambiens\" \/>\n<meta property=\"og:description\" content=\"Responsables : Nicole HANNECART &#8211; 0495 \/90 68 96 &#8211; voyageschoralejambiens@gmail.com Claudie PIET &#8211; 0487 \/ 92 30 05 &#8211; voyageschoralejambiens@gmail.com Willy POSKIN &#8211; 0477 \/ 52 58 32\u00a0 &#8211; &hellip; Lire la suite Voyages\" \/>\n<meta property=\"og:url\" content=\"https:\/\/lesjambiens.be\/index.php\/les-sections\/voyage\/\" \/>\n<meta property=\"og:site_name\" content=\"Les Jambiens\" \/>\n<meta property=\"article:modified_time\" content=\"2026-01-20T23:31:11+00:00\" \/>\n<meta property=\"og:image\" content=\"http:\/\/lesjambiens.be\/wp-content\/uploads\/2024\/09\/Logo.jpg\" \/>\n<meta name=\"twitter:card\" content=\"summary_large_image\" \/>\n<meta name=\"twitter:label1\" content=\"Dur\u00e9e de lecture estim\u00e9e\" \/>\n\t<meta name=\"twitter:data1\" content=\"2 minutes\" \/>\n<script type=\"application\/ld+json\" class=\"yoast-schema-graph\">{\"@context\":\"https:\\\/\\\/schema.org\",\"@graph\":[{\"@type\":\"WebPage\",\"@id\":\"https:\\\/\\\/lesjambiens.be\\\/index.php\\\/les-sections\\\/voyage\\\/\",\"url\":\"https:\\\/\\\/lesjambiens.be\\\/index.php\\\/les-sections\\\/voyage\\\/\",\"name\":\"Voyages - Les Jambiens\",\"isPartOf\":{\"@id\":\"https:\\\/\\\/lesjambiens.be\\\/#website\"},\"primaryImageOfPage\":{\"@id\":\"https:\\\/\\\/lesjambiens.be\\\/index.php\\\/les-sections\\\/voyage\\\/#primaryimage\"},\"image\":{\"@id\":\"https:\\\/\\\/lesjambiens.be\\\/index.php\\\/les-sections\\\/voyage\\\/#primaryimage\"},\"thumbnailUrl\":\"http:\\\/\\\/lesjambiens.be\\\/wp-content\\\/uploads\\\/2024\\\/09\\\/Logo.jpg\",\"datePublished\":\"2024-03-12T10:16:22+00:00\",\"dateModified\":\"2026-01-20T23:31:11+00:00\",\"breadcrumb\":{\"@id\":\"https:\\\/\\\/lesjambiens.be\\\/index.php\\\/les-sections\\\/voyage\\\/#breadcrumb\"},\"inLanguage\":\"fr-FR\",\"potentialAction\":[{\"@type\":\"ReadAction\",\"target\":[\"https:\\\/\\\/lesjambiens.be\\\/index.php\\\/les-sections\\\/voyage\\\/\"]}]},{\"@type\":\"ImageObject\",\"inLanguage\":\"fr-FR\",\"@id\":\"https:\\\/\\\/lesjambiens.be\\\/index.php\\\/les-sections\\\/voyage\\\/#primaryimage\",\"url\":\"http:\\\/\\\/lesjambiens.be\\\/wp-content\\\/uploads\\\/2024\\\/09\\\/Logo.jpg\",\"contentUrl\":\"http:\\\/\\\/lesjambiens.be\\\/wp-content\\\/uploads\\\/2024\\\/09\\\/Logo.jpg\"},{\"@type\":\"BreadcrumbList\",\"@id\":\"https:\\\/\\\/lesjambiens.be\\\/index.php\\\/les-sections\\\/voyage\\\/#breadcrumb\",\"itemListElement\":[{\"@type\":\"ListItem\",\"position\":1,\"name\":\"Accueil\",\"item\":\"https:\\\/\\\/lesjambiens.be\\\/\"},{\"@type\":\"ListItem\",\"position\":2,\"name\":\"Nos sections\",\"item\":\"https:\\\/\\\/lesjambiens.be\\\/index.php\\\/les-sections\\\/\"},{\"@type\":\"ListItem\",\"position\":3,\"name\":\"Voyages\"}]},{\"@type\":\"WebSite\",\"@id\":\"https:\\\/\\\/lesjambiens.be\\\/#website\",\"url\":\"https:\\\/\\\/lesjambiens.be\\\/\",\"name\":\"Les Jambiens\",\"description\":\"Activit\u00e9s pour les a\u00een\u00e9s \u00e0 Namur\",\"potentialAction\":[{\"@type\":\"SearchAction\",\"target\":{\"@type\":\"EntryPoint\",\"urlTemplate\":\"https:\\\/\\\/lesjambiens.be\\\/?s={search_term_string}\"},\"query-input\":{\"@type\":\"PropertyValueSpecification\",\"valueRequired\":true,\"valueName\":\"search_term_string\"}}],\"inLanguage\":\"fr-FR\"}]}<\/script>\n<!-- \/ Yoast SEO plugin. -->","yoast_head_json":{"title":"Voyages - Les Jambiens","robots":{"index":"index","follow":"follow","max-snippet":"max-snippet:-1","max-image-preview":"max-image-preview:large","max-video-preview":"max-video-preview:-1"},"canonical":"https:\/\/lesjambiens.be\/index.php\/les-sections\/voyage\/","og_locale":"fr_FR","og_type":"article","og_title":"Voyages - Les Jambiens","og_description":"Responsables : Nicole HANNECART &#8211; 0495 \/90 68 96 &#8211; voyageschoralejambiens@gmail.com Claudie PIET &#8211; 0487 \/ 92 30 05 &#8211; voyageschoralejambiens@gmail.com Willy POSKIN &#8211; 0477 \/ 52 58 32\u00a0 &#8211; &hellip; Lire la suite Voyages","og_url":"https:\/\/lesjambiens.be\/index.php\/les-sections\/voyage\/","og_site_name":"Les Jambiens","article_modified_time":"2026-01-20T23:31:11+00:00","og_image":[{"url":"http:\/\/lesjambiens.be\/wp-content\/uploads\/2024\/09\/Logo.jpg","type":"","width":"","height":""}],"twitter_card":"summary_large_image","twitter_misc":{"Dur\u00e9e de lecture estim\u00e9e":"2 minutes"},"schema":{"@context":"https:\/\/schema.org","@graph":[{"@type":"WebPage","@id":"https:\/\/lesjambiens.be\/index.php\/les-sections\/voyage\/","url":"https:\/\/lesjambiens.be\/index.php\/les-sections\/voyage\/","name":"Voyages - Les Jambiens","isPartOf":{"@id":"https:\/\/lesjambiens.be\/#website"},"primaryImageOfPage":{"@id":"https:\/\/lesjambiens.be\/index.php\/les-sections\/voyage\/#primaryimage"},"image":{"@id":"https:\/\/lesjambiens.be\/index.php\/les-sections\/voyage\/#primaryimage"},"thumbnailUrl":"http:\/\/lesjambiens.be\/wp-content\/uploads\/2024\/09\/Logo.jpg","datePublished":"2024-03-12T10:16:22+00:00","dateModified":"2026-01-20T23:31:11+00:00","breadcrumb":{"@id":"https:\/\/lesjambiens.be\/index.php\/les-sections\/voyage\/#breadcrumb"},"inLanguage":"fr-FR","potentialAction":[{"@type":"ReadAction","target":["https:\/\/lesjambiens.be\/index.php\/les-sections\/voyage\/"]}]},{"@type":"ImageObject","inLanguage":"fr-FR","@id":"https:\/\/lesjambiens.be\/index.php\/les-sections\/voyage\/#primaryimage","url":"http:\/\/lesjambiens.be\/wp-content\/uploads\/2024\/09\/Logo.jpg","contentUrl":"http:\/\/lesjambiens.be\/wp-content\/uploads\/2024\/09\/Logo.jpg"},{"@type":"BreadcrumbList","@id":"https:\/\/lesjambiens.be\/index.php\/les-sections\/voyage\/#breadcrumb","itemListElement":[{"@type":"ListItem","position":1,"name":"Accueil","item":"https:\/\/lesjambiens.be\/"},{"@type":"ListItem","position":2,"name":"Nos sections","item":"https:\/\/lesjambiens.be\/index.php\/les-sections\/"},{"@type":"ListItem","position":3,"name":"Voyages"}]},{"@type":"WebSite","@id":"https:\/\/lesjambiens.be\/#website","url":"https:\/\/lesjambiens.be\/","name":"Les Jambiens","description":"Activit\u00e9s pour les a\u00een\u00e9s \u00e0 Namur","potentialAction":[{"@type":"SearchAction","target":{"@type":"EntryPoint","urlTemplate":"https:\/\/lesjambiens.be\/?s={search_term_string}"},"query-input":{"@type":"PropertyValueSpecification","valueRequired":true,"valueName":"search_term_string"}}],"inLanguage":"fr-FR"}]}},"_links":{"self":[{"href":"https:\/\/lesjambiens.be\/index.php\/wp-json\/wp\/v2\/pages\/50","targetHints":{"allow":["GET"]}}],"collection":[{"href":"https:\/\/lesjambiens.be\/index.php\/wp-json\/wp\/v2\/pages"}],"about":[{"href":"https:\/\/lesjambiens.be\/index.php\/wp-json\/wp\/v2\/types\/page"}],"author":[{"embeddable":true,"href":"https:\/\/lesjambiens.be\/index.php\/wp-json\/wp\/v2\/users\/4"}],"replies":[{"embeddable":true,"href":"https:\/\/lesjambiens.be\/index.php\/wp-json\/wp\/v2\/comments?post=50"}],"version-history":[{"count":24,"href":"https:\/\/lesjambiens.be\/index.php\/wp-json\/wp\/v2\/pages\/50\/revisions"}],"predecessor-version":[{"id":1638,"href":"https:\/\/lesjambiens.be\/index.php\/wp-json\/wp\/v2\/pages\/50\/revisions\/1638"}],"up":[{"embeddable":true,"href":"https:\/\/lesjambiens.be\/index.php\/wp-json\/wp\/v2\/pages\/20"}],"wp:attachment":[{"href":"https:\/\/lesjambiens.be\/index.php\/wp-json\/wp\/v2\/media?parent=50"}],"curies":[{"name":"wp","href":"https:\/\/api.w.org\/{rel}","templated":true}]}}