{"id":48,"date":"2024-03-12T11:16:07","date_gmt":"2024-03-12T10:16:07","guid":{"rendered":"https:\/\/lesjambiens.be\/?page_id=48"},"modified":"2024-12-17T16:57:02","modified_gmt":"2024-12-17T15:57:02","slug":"atelier-creatif","status":"publish","type":"page","link":"https:\/\/lesjambiens.be\/index.php\/les-sections\/atelier-creatif\/","title":{"rendered":"Ateliers cr\u00e9atifs"},"content":{"rendered":"<h4><img loading=\"lazy\" decoding=\"async\" class=\"alignnone wp-image-436\" src=\"https:\/\/lesjambiens.be\/wp-content\/uploads\/2024\/08\/1722354724774-224x300.jpg\" alt=\"\" width=\"302\" height=\"404\" srcset=\"https:\/\/lesjambiens.be\/wp-content\/uploads\/2024\/08\/1722354724774-224x300.jpg 224w, https:\/\/lesjambiens.be\/wp-content\/uploads\/2024\/08\/1722354724774-284x380.jpg 284w, https:\/\/lesjambiens.be\/wp-content\/uploads\/2024\/08\/1722354724774.jpg 748w\" sizes=\"auto, (max-width: 302px) 100vw, 302px\" \/><\/h4>\n<h4><strong><span style=\"text-decoration: underline;\"><br \/>\nResponsables<\/span> :<\/strong><\/h4>\n<ul>\n<li><strong>Annie<\/strong> &#8211; 0495 46.30.90 &#8211; <a href=\"mailto:annie.rosmant@hotmail.com\"><strong>annie.rosmant<strong>@<\/strong>hotmail.com<\/strong><\/a><\/li>\n<li><strong>Marie-Jeanne<\/strong> &#8211; 081 30.13.09<\/li>\n<\/ul>\n<h4><strong><span style=\"text-decoration: underline;\">Horaire<\/span> :<\/strong><\/h4>\n<ul>\n<li>Le<strong> mardi<\/strong><\/li>\n<li>De <strong>13h00 \u00e0 17h00<\/strong><\/li>\n<\/ul>\n<h4><strong><span style=\"text-decoration: underline;\">LIeu<\/span> :<\/strong><\/h4>\n<p><strong>Salle Jean Materne<br \/>\nAll\u00e9e du Parc Astrid, 30<\/strong><br \/>\n<strong>\u00e0 5100 JAMBES<\/strong><\/p>\n<h4><strong><span style=\"text-decoration: underline;\">OBJECTIFS<\/span> :<\/strong><\/h4>\n<ul>\n<li>Tricoter vos propres \u00e9charpes, pulls, &#8230; vous int\u00e9resse ?<\/li>\n<li>Votre pantalon est trop long et vous avez besoin d&rsquo;une retouche ?<\/li>\n<li>Le tricot et le crochet n&rsquo;ont plus gu\u00e8re de secret pour vous ?<\/li>\n<li>Des amigurumis, vous en avez crochet\u00e9s par dizaines ?<\/li>\n<li>Votre derni\u00e8re cr\u00e9ation est un attrape-r\u00eave au crochet ?<\/li>\n<li>Vous souhaitez plut\u00f4t partager votre exp\u00e9rience ?<br \/>\nN&rsquo;h\u00e9sitez pas \u00e0 franchir les portes des Ateliers Cr\u00e9atifs des Jambiens.<\/li>\n<\/ul>\n<h4><strong><span style=\"text-decoration: underline;\">Philosophie<\/span> :<\/strong><\/h4>\n<p>Votre\u00a0 participation aux ateliers cr\u00e9atifs vous permettra de rencontrer des personnes passionn\u00e9es par leur art, dans un cadre chaleureux, le tout autour d&rsquo;une tasse de caf\u00e9\/th\u00e9 et de d\u00e9licieux biscuits.<\/p>\n<p>Pour tisser ces liens, nous y associons en cours d&rsquo;ann\u00e9e quelques douceurs lors de la Saint-Nicolas, No\u00ebl, \u00c9piphanie, P\u00e2ques, f\u00eate des m\u00e8res.<\/p>\n<p>Nous adh\u00e9rons \u00e0 la philosophie de la Soci\u00e9t\u00e9 Royale Asbl \u201cLes Jambiens\u201d<\/p>\n<div style=\"width: 620px;\" class=\"wp-video\"><video class=\"wp-video-shortcode\" id=\"video-48-1\" width=\"620\" height=\"349\" preload=\"metadata\" controls=\"controls\"><source type=\"video\/mp4\" src=\"https:\/\/lesjambiens.be\/wp-content\/uploads\/2024\/08\/Diaporama-Atelier-creatif.mp4?_=1\" \/><a href=\"https:\/\/lesjambiens.be\/wp-content\/uploads\/2024\/08\/Diaporama-Atelier-creatif.mp4\">https:\/\/lesjambiens.be\/wp-content\/uploads\/2024\/08\/Diaporama-Atelier-creatif.mp4<\/a><\/video><\/div>\n<h4><strong><span style=\"color: #3366ff;\"><span style=\"text-decoration: underline;\">\u00a0<\/span><\/span><\/strong><\/h4>\n<p>&nbsp;<\/p>\n<h4><\/h4>\n<p>&nbsp;<\/p>\n<p>&nbsp;<\/p>\n<div id=\"ConnectiveDocSignExtentionInstalled\" data-extension-version=\"1.0.4\"><\/div>\n","protected":false},"excerpt":{"rendered":"<p>Responsables : Annie &#8211; 0495 46.30.90 &#8211; annie.rosmant@hotmail.com Marie-Jeanne &#8211; 081 30.13.09 Horaire : Le mardi De 13h00 \u00e0 17h00 LIeu : Salle Jean Materne All\u00e9e du Parc Astrid, 30 &hellip; <a href=\"https:\/\/lesjambiens.be\/index.php\/les-sections\/atelier-creatif\/\" class=\"more-link\">Lire la suite <span class=\"screen-reader-text\">Ateliers cr\u00e9atifs<\/span><\/a><\/p>\n","protected":false},"author":4,"featured_media":0,"parent":20,"menu_order":0,"comment_status":"closed","ping_status":"closed","template":"","meta":{"footnotes":""},"class_list":["post-48","page","type-page","status-publish","hentry","without-featured-image"],"yoast_head":"<!-- This site is optimized with the Yoast SEO plugin v27.4 - https:\/\/yoast.com\/product\/yoast-seo-wordpress\/ -->\n<title>Ateliers cr\u00e9atifs - Les Jambiens<\/title>\n<meta name=\"robots\" content=\"index, follow, max-snippet:-1, max-image-preview:large, max-video-preview:-1\" \/>\n<link rel=\"canonical\" href=\"https:\/\/lesjambiens.be\/index.php\/les-sections\/atelier-creatif\/\" \/>\n<meta property=\"og:locale\" content=\"fr_FR\" \/>\n<meta property=\"og:type\" content=\"article\" \/>\n<meta property=\"og:title\" content=\"Ateliers cr\u00e9atifs - Les Jambiens\" \/>\n<meta property=\"og:description\" content=\"Responsables : Annie &#8211; 0495 46.30.90 &#8211; annie.rosmant@hotmail.com Marie-Jeanne &#8211; 081 30.13.09 Horaire : Le mardi De 13h00 \u00e0 17h00 LIeu : Salle Jean Materne All\u00e9e du Parc Astrid, 30 &hellip; Lire la suite Ateliers cr\u00e9atifs\" \/>\n<meta property=\"og:url\" content=\"https:\/\/lesjambiens.be\/index.php\/les-sections\/atelier-creatif\/\" \/>\n<meta property=\"og:site_name\" content=\"Les Jambiens\" \/>\n<meta property=\"article:modified_time\" content=\"2024-12-17T15:57:02+00:00\" \/>\n<meta property=\"og:image\" content=\"http:\/\/lesjambiens.be\/wp-content\/uploads\/2024\/08\/1722354724774-224x300.jpg\" \/>\n<meta name=\"twitter:card\" content=\"summary_large_image\" \/>\n<meta name=\"twitter:label1\" content=\"Dur\u00e9e de lecture estim\u00e9e\" \/>\n\t<meta name=\"twitter:data1\" content=\"2 minutes\" \/>\n<script type=\"application\/ld+json\" class=\"yoast-schema-graph\">{\"@context\":\"https:\\\/\\\/schema.org\",\"@graph\":[{\"@type\":\"WebPage\",\"@id\":\"https:\\\/\\\/lesjambiens.be\\\/index.php\\\/les-sections\\\/atelier-creatif\\\/\",\"url\":\"https:\\\/\\\/lesjambiens.be\\\/index.php\\\/les-sections\\\/atelier-creatif\\\/\",\"name\":\"Ateliers cr\u00e9atifs - Les Jambiens\",\"isPartOf\":{\"@id\":\"https:\\\/\\\/lesjambiens.be\\\/#website\"},\"primaryImageOfPage\":{\"@id\":\"https:\\\/\\\/lesjambiens.be\\\/index.php\\\/les-sections\\\/atelier-creatif\\\/#primaryimage\"},\"image\":{\"@id\":\"https:\\\/\\\/lesjambiens.be\\\/index.php\\\/les-sections\\\/atelier-creatif\\\/#primaryimage\"},\"thumbnailUrl\":\"http:\\\/\\\/lesjambiens.be\\\/wp-content\\\/uploads\\\/2024\\\/08\\\/1722354724774-224x300.jpg\",\"datePublished\":\"2024-03-12T10:16:07+00:00\",\"dateModified\":\"2024-12-17T15:57:02+00:00\",\"breadcrumb\":{\"@id\":\"https:\\\/\\\/lesjambiens.be\\\/index.php\\\/les-sections\\\/atelier-creatif\\\/#breadcrumb\"},\"inLanguage\":\"fr-FR\",\"potentialAction\":[{\"@type\":\"ReadAction\",\"target\":[\"https:\\\/\\\/lesjambiens.be\\\/index.php\\\/les-sections\\\/atelier-creatif\\\/\"]}]},{\"@type\":\"ImageObject\",\"inLanguage\":\"fr-FR\",\"@id\":\"https:\\\/\\\/lesjambiens.be\\\/index.php\\\/les-sections\\\/atelier-creatif\\\/#primaryimage\",\"url\":\"https:\\\/\\\/lesjambiens.be\\\/wp-content\\\/uploads\\\/2024\\\/08\\\/1722354724774.jpg\",\"contentUrl\":\"https:\\\/\\\/lesjambiens.be\\\/wp-content\\\/uploads\\\/2024\\\/08\\\/1722354724774.jpg\",\"width\":748,\"height\":1000},{\"@type\":\"BreadcrumbList\",\"@id\":\"https:\\\/\\\/lesjambiens.be\\\/index.php\\\/les-sections\\\/atelier-creatif\\\/#breadcrumb\",\"itemListElement\":[{\"@type\":\"ListItem\",\"position\":1,\"name\":\"Accueil\",\"item\":\"https:\\\/\\\/lesjambiens.be\\\/\"},{\"@type\":\"ListItem\",\"position\":2,\"name\":\"Nos sections\",\"item\":\"https:\\\/\\\/lesjambiens.be\\\/index.php\\\/les-sections\\\/\"},{\"@type\":\"ListItem\",\"position\":3,\"name\":\"Ateliers cr\u00e9atifs\"}]},{\"@type\":\"WebSite\",\"@id\":\"https:\\\/\\\/lesjambiens.be\\\/#website\",\"url\":\"https:\\\/\\\/lesjambiens.be\\\/\",\"name\":\"Les Jambiens\",\"description\":\"Activit\u00e9s pour les a\u00een\u00e9s \u00e0 Namur\",\"potentialAction\":[{\"@type\":\"SearchAction\",\"target\":{\"@type\":\"EntryPoint\",\"urlTemplate\":\"https:\\\/\\\/lesjambiens.be\\\/?s={search_term_string}\"},\"query-input\":{\"@type\":\"PropertyValueSpecification\",\"valueRequired\":true,\"valueName\":\"search_term_string\"}}],\"inLanguage\":\"fr-FR\"}]}<\/script>\n<!-- \/ Yoast SEO plugin. -->","yoast_head_json":{"title":"Ateliers cr\u00e9atifs - Les Jambiens","robots":{"index":"index","follow":"follow","max-snippet":"max-snippet:-1","max-image-preview":"max-image-preview:large","max-video-preview":"max-video-preview:-1"},"canonical":"https:\/\/lesjambiens.be\/index.php\/les-sections\/atelier-creatif\/","og_locale":"fr_FR","og_type":"article","og_title":"Ateliers cr\u00e9atifs - Les Jambiens","og_description":"Responsables : Annie &#8211; 0495 46.30.90 &#8211; annie.rosmant@hotmail.com Marie-Jeanne &#8211; 081 30.13.09 Horaire : Le mardi De 13h00 \u00e0 17h00 LIeu : Salle Jean Materne All\u00e9e du Parc Astrid, 30 &hellip; Lire la suite Ateliers cr\u00e9atifs","og_url":"https:\/\/lesjambiens.be\/index.php\/les-sections\/atelier-creatif\/","og_site_name":"Les Jambiens","article_modified_time":"2024-12-17T15:57:02+00:00","og_image":[{"url":"http:\/\/lesjambiens.be\/wp-content\/uploads\/2024\/08\/1722354724774-224x300.jpg","type":"","width":"","height":""}],"twitter_card":"summary_large_image","twitter_misc":{"Dur\u00e9e de lecture estim\u00e9e":"2 minutes"},"schema":{"@context":"https:\/\/schema.org","@graph":[{"@type":"WebPage","@id":"https:\/\/lesjambiens.be\/index.php\/les-sections\/atelier-creatif\/","url":"https:\/\/lesjambiens.be\/index.php\/les-sections\/atelier-creatif\/","name":"Ateliers cr\u00e9atifs - Les Jambiens","isPartOf":{"@id":"https:\/\/lesjambiens.be\/#website"},"primaryImageOfPage":{"@id":"https:\/\/lesjambiens.be\/index.php\/les-sections\/atelier-creatif\/#primaryimage"},"image":{"@id":"https:\/\/lesjambiens.be\/index.php\/les-sections\/atelier-creatif\/#primaryimage"},"thumbnailUrl":"http:\/\/lesjambiens.be\/wp-content\/uploads\/2024\/08\/1722354724774-224x300.jpg","datePublished":"2024-03-12T10:16:07+00:00","dateModified":"2024-12-17T15:57:02+00:00","breadcrumb":{"@id":"https:\/\/lesjambiens.be\/index.php\/les-sections\/atelier-creatif\/#breadcrumb"},"inLanguage":"fr-FR","potentialAction":[{"@type":"ReadAction","target":["https:\/\/lesjambiens.be\/index.php\/les-sections\/atelier-creatif\/"]}]},{"@type":"ImageObject","inLanguage":"fr-FR","@id":"https:\/\/lesjambiens.be\/index.php\/les-sections\/atelier-creatif\/#primaryimage","url":"https:\/\/lesjambiens.be\/wp-content\/uploads\/2024\/08\/1722354724774.jpg","contentUrl":"https:\/\/lesjambiens.be\/wp-content\/uploads\/2024\/08\/1722354724774.jpg","width":748,"height":1000},{"@type":"BreadcrumbList","@id":"https:\/\/lesjambiens.be\/index.php\/les-sections\/atelier-creatif\/#breadcrumb","itemListElement":[{"@type":"ListItem","position":1,"name":"Accueil","item":"https:\/\/lesjambiens.be\/"},{"@type":"ListItem","position":2,"name":"Nos sections","item":"https:\/\/lesjambiens.be\/index.php\/les-sections\/"},{"@type":"ListItem","position":3,"name":"Ateliers cr\u00e9atifs"}]},{"@type":"WebSite","@id":"https:\/\/lesjambiens.be\/#website","url":"https:\/\/lesjambiens.be\/","name":"Les Jambiens","description":"Activit\u00e9s pour les a\u00een\u00e9s \u00e0 Namur","potentialAction":[{"@type":"SearchAction","target":{"@type":"EntryPoint","urlTemplate":"https:\/\/lesjambiens.be\/?s={search_term_string}"},"query-input":{"@type":"PropertyValueSpecification","valueRequired":true,"valueName":"search_term_string"}}],"inLanguage":"fr-FR"}]}},"_links":{"self":[{"href":"https:\/\/lesjambiens.be\/index.php\/wp-json\/wp\/v2\/pages\/48","targetHints":{"allow":["GET"]}}],"collection":[{"href":"https:\/\/lesjambiens.be\/index.php\/wp-json\/wp\/v2\/pages"}],"about":[{"href":"https:\/\/lesjambiens.be\/index.php\/wp-json\/wp\/v2\/types\/page"}],"author":[{"embeddable":true,"href":"https:\/\/lesjambiens.be\/index.php\/wp-json\/wp\/v2\/users\/4"}],"replies":[{"embeddable":true,"href":"https:\/\/lesjambiens.be\/index.php\/wp-json\/wp\/v2\/comments?post=48"}],"version-history":[{"count":16,"href":"https:\/\/lesjambiens.be\/index.php\/wp-json\/wp\/v2\/pages\/48\/revisions"}],"predecessor-version":[{"id":1204,"href":"https:\/\/lesjambiens.be\/index.php\/wp-json\/wp\/v2\/pages\/48\/revisions\/1204"}],"up":[{"embeddable":true,"href":"https:\/\/lesjambiens.be\/index.php\/wp-json\/wp\/v2\/pages\/20"}],"wp:attachment":[{"href":"https:\/\/lesjambiens.be\/index.php\/wp-json\/wp\/v2\/media?parent=48"}],"curies":[{"name":"wp","href":"https:\/\/api.w.org\/{rel}","templated":true}]}}