{"id":46,"date":"2024-03-12T11:15:45","date_gmt":"2024-03-12T10:15:45","guid":{"rendered":"https:\/\/lesjambiens.be\/?page_id=46"},"modified":"2025-01-24T18:16:05","modified_gmt":"2025-01-24T17:16:05","slug":"chorale","status":"publish","type":"page","link":"https:\/\/lesjambiens.be\/index.php\/les-sections\/chorale\/","title":{"rendered":"Chorale"},"content":{"rendered":"<h4><img loading=\"lazy\" decoding=\"async\" class=\"alignnone wp-image-989\" src=\"https:\/\/lesjambiens.be\/wp-content\/uploads\/2024\/11\/20240928_151107-copie-300x138.jpg\" alt=\"\" width=\"498\" height=\"229\" srcset=\"https:\/\/lesjambiens.be\/wp-content\/uploads\/2024\/11\/20240928_151107-copie-300x138.jpg 300w, https:\/\/lesjambiens.be\/wp-content\/uploads\/2024\/11\/20240928_151107-copie-1024x469.jpg 1024w, https:\/\/lesjambiens.be\/wp-content\/uploads\/2024\/11\/20240928_151107-copie-768x352.jpg 768w, https:\/\/lesjambiens.be\/wp-content\/uploads\/2024\/11\/20240928_151107-copie-829x380.jpg 829w, https:\/\/lesjambiens.be\/wp-content\/uploads\/2024\/11\/20240928_151107-copie.jpg 1200w\" sizes=\"auto, (max-width: 498px) 100vw, 498px\" \/><\/h4>\n<h4><strong><span style=\"text-decoration: underline;\">Responsables<\/span><\/strong> :<\/h4>\n<ul>\n<li><strong>Nicole HANNECART<\/strong> &#8211; 0495 90 68 96 &#8211; <a href=\"mailto:voyageschoralelejambiens@gmail.com\"><strong>voyageschoralelejambiens@gmail.com<\/strong><\/a><\/li>\n<li><strong>Lysiane DELFLEUR<\/strong> &#8211; 0477 31 71 04 &#8211; <a href=\"mailto:lysianedelfleur@gmail.com\"><strong>lysianedelfleur@gmail.com<\/strong><\/a><\/li>\n<\/ul>\n<h4><strong><span style=\"text-decoration: underline;\">Horaire<\/span><\/strong> :<\/h4>\n<ul>\n<li>Les<strong> 2\u00e8me et 4\u00e8me mercredi<\/strong><\/li>\n<li>de <strong>10h00 \u00e0 12h00<\/strong><\/li>\n<\/ul>\n<h4><span style=\"text-decoration: underline;\"><strong>LIeu<\/strong><\/span> :<\/h4>\n<p><strong>Salle Jean Materne<br \/>\nAll\u00e9e du Parc Astrid, 30<br \/>\n\u00e0 5100 JAMBES<\/strong><\/p>\n<h4><strong><span style=\"text-decoration: underline;\">OBJECTIFS<\/span> :<\/strong><\/h4>\n<ul>\n<li>Cette section est ouverte \u00e0 tout le monde.<\/li>\n<li aria-level=\"1\">Le chant est une fa\u00e7on de s\u2019exprimer, de s\u2019\u00e9panouir et de sortir de l&rsquo;isolement.<\/li>\n<li aria-level=\"1\">Vous \u00e9voluerez dans un groupe convivial sous la conduite d&rsquo;une excellente professeure, dans un r\u00e9pertoire vari\u00e9.<\/li>\n<li aria-level=\"1\">Pour cl\u00f4turer l&rsquo;ann\u00e9e, vous aurez l&rsquo;occasion de vous produire lors d&rsquo;un concert ouvert au public.<\/li>\n<li aria-level=\"1\">A chaque fois, vous en ressortirez avec le sourire et le moral au plus haut.<\/li>\n<\/ul>\n<h4><strong><span style=\"text-decoration: underline;\">PHILOSOPHIE<\/span> :<\/strong><\/h4>\n<p>Nous adh\u00e9rons \u00e0 la philosophie de la Soci\u00e9t\u00e9 Royale Asbl \u201cLes Jambiens\u201d<\/p>\n<h4><strong><span style=\"text-decoration: underline;\">REMARQUe<\/span> :<\/strong><\/h4>\n<p>Mat\u00e9riel n\u00e9cessaire : une farde \u00ab\u00a0 atoma \u00bb noire afin de pouvoir y glisser vos partitions.<\/p>\n<div style=\"width: 620px;\" class=\"wp-video\"><video class=\"wp-video-shortcode\" id=\"video-46-1\" width=\"620\" height=\"349\" preload=\"metadata\" controls=\"controls\"><source type=\"video\/mp4\" src=\"https:\/\/lesjambiens.be\/wp-content\/uploads\/2024\/12\/Mon-Diaporama-chorale-2.mp4?_=1\" \/><a href=\"https:\/\/lesjambiens.be\/wp-content\/uploads\/2024\/12\/Mon-Diaporama-chorale-2.mp4\">https:\/\/lesjambiens.be\/wp-content\/uploads\/2024\/12\/Mon-Diaporama-chorale-2.mp4<\/a><\/video><\/div>\n<div id=\"ConnectiveDocSignExtentionInstalled\" data-extension-version=\"1.0.4\"><\/div>\n","protected":false},"excerpt":{"rendered":"<p>Responsables : Nicole HANNECART &#8211; 0495 90 68 96 &#8211; voyageschoralelejambiens@gmail.com Lysiane DELFLEUR &#8211; 0477 31 71 04 &#8211; lysianedelfleur@gmail.com Horaire : Les 2\u00e8me et 4\u00e8me mercredi de 10h00 \u00e0 &hellip; <a href=\"https:\/\/lesjambiens.be\/index.php\/les-sections\/chorale\/\" class=\"more-link\">Lire la suite <span class=\"screen-reader-text\">Chorale<\/span><\/a><\/p>\n","protected":false},"author":4,"featured_media":0,"parent":20,"menu_order":0,"comment_status":"closed","ping_status":"closed","template":"","meta":{"footnotes":""},"class_list":["post-46","page","type-page","status-publish","hentry","without-featured-image"],"yoast_head":"<!-- This site is optimized with the Yoast SEO plugin v27.4 - https:\/\/yoast.com\/product\/yoast-seo-wordpress\/ -->\n<title>Chorale - Les Jambiens<\/title>\n<meta name=\"robots\" content=\"index, follow, max-snippet:-1, max-image-preview:large, max-video-preview:-1\" \/>\n<link rel=\"canonical\" href=\"https:\/\/lesjambiens.be\/index.php\/les-sections\/chorale\/\" \/>\n<meta property=\"og:locale\" content=\"fr_FR\" \/>\n<meta property=\"og:type\" content=\"article\" \/>\n<meta property=\"og:title\" content=\"Chorale - Les Jambiens\" \/>\n<meta property=\"og:description\" content=\"Responsables : Nicole HANNECART &#8211; 0495 90 68 96 &#8211; voyageschoralelejambiens@gmail.com Lysiane DELFLEUR &#8211; 0477 31 71 04 &#8211; lysianedelfleur@gmail.com Horaire : Les 2\u00e8me et 4\u00e8me mercredi de 10h00 \u00e0 &hellip; Lire la suite Chorale\" \/>\n<meta property=\"og:url\" content=\"https:\/\/lesjambiens.be\/index.php\/les-sections\/chorale\/\" \/>\n<meta property=\"og:site_name\" content=\"Les Jambiens\" \/>\n<meta property=\"article:modified_time\" content=\"2025-01-24T17:16:05+00:00\" \/>\n<meta property=\"og:image\" content=\"http:\/\/lesjambiens.be\/wp-content\/uploads\/2024\/11\/20240928_151107-copie-300x138.jpg\" \/>\n<meta name=\"twitter:card\" content=\"summary_large_image\" \/>\n<meta name=\"twitter:label1\" content=\"Dur\u00e9e de lecture estim\u00e9e\" \/>\n\t<meta name=\"twitter:data1\" content=\"1 minute\" \/>\n<script type=\"application\/ld+json\" class=\"yoast-schema-graph\">{\"@context\":\"https:\\\/\\\/schema.org\",\"@graph\":[{\"@type\":\"WebPage\",\"@id\":\"https:\\\/\\\/lesjambiens.be\\\/index.php\\\/les-sections\\\/chorale\\\/\",\"url\":\"https:\\\/\\\/lesjambiens.be\\\/index.php\\\/les-sections\\\/chorale\\\/\",\"name\":\"Chorale - Les Jambiens\",\"isPartOf\":{\"@id\":\"https:\\\/\\\/lesjambiens.be\\\/#website\"},\"primaryImageOfPage\":{\"@id\":\"https:\\\/\\\/lesjambiens.be\\\/index.php\\\/les-sections\\\/chorale\\\/#primaryimage\"},\"image\":{\"@id\":\"https:\\\/\\\/lesjambiens.be\\\/index.php\\\/les-sections\\\/chorale\\\/#primaryimage\"},\"thumbnailUrl\":\"http:\\\/\\\/lesjambiens.be\\\/wp-content\\\/uploads\\\/2024\\\/11\\\/20240928_151107-copie-300x138.jpg\",\"datePublished\":\"2024-03-12T10:15:45+00:00\",\"dateModified\":\"2025-01-24T17:16:05+00:00\",\"breadcrumb\":{\"@id\":\"https:\\\/\\\/lesjambiens.be\\\/index.php\\\/les-sections\\\/chorale\\\/#breadcrumb\"},\"inLanguage\":\"fr-FR\",\"potentialAction\":[{\"@type\":\"ReadAction\",\"target\":[\"https:\\\/\\\/lesjambiens.be\\\/index.php\\\/les-sections\\\/chorale\\\/\"]}]},{\"@type\":\"ImageObject\",\"inLanguage\":\"fr-FR\",\"@id\":\"https:\\\/\\\/lesjambiens.be\\\/index.php\\\/les-sections\\\/chorale\\\/#primaryimage\",\"url\":\"https:\\\/\\\/lesjambiens.be\\\/wp-content\\\/uploads\\\/2024\\\/11\\\/20240928_151107-copie.jpg\",\"contentUrl\":\"https:\\\/\\\/lesjambiens.be\\\/wp-content\\\/uploads\\\/2024\\\/11\\\/20240928_151107-copie.jpg\",\"width\":1200,\"height\":550},{\"@type\":\"BreadcrumbList\",\"@id\":\"https:\\\/\\\/lesjambiens.be\\\/index.php\\\/les-sections\\\/chorale\\\/#breadcrumb\",\"itemListElement\":[{\"@type\":\"ListItem\",\"position\":1,\"name\":\"Accueil\",\"item\":\"https:\\\/\\\/lesjambiens.be\\\/\"},{\"@type\":\"ListItem\",\"position\":2,\"name\":\"Nos sections\",\"item\":\"https:\\\/\\\/lesjambiens.be\\\/index.php\\\/les-sections\\\/\"},{\"@type\":\"ListItem\",\"position\":3,\"name\":\"Chorale\"}]},{\"@type\":\"WebSite\",\"@id\":\"https:\\\/\\\/lesjambiens.be\\\/#website\",\"url\":\"https:\\\/\\\/lesjambiens.be\\\/\",\"name\":\"Les Jambiens\",\"description\":\"Activit\u00e9s pour les a\u00een\u00e9s \u00e0 Namur\",\"potentialAction\":[{\"@type\":\"SearchAction\",\"target\":{\"@type\":\"EntryPoint\",\"urlTemplate\":\"https:\\\/\\\/lesjambiens.be\\\/?s={search_term_string}\"},\"query-input\":{\"@type\":\"PropertyValueSpecification\",\"valueRequired\":true,\"valueName\":\"search_term_string\"}}],\"inLanguage\":\"fr-FR\"}]}<\/script>\n<!-- \/ Yoast SEO plugin. -->","yoast_head_json":{"title":"Chorale - Les Jambiens","robots":{"index":"index","follow":"follow","max-snippet":"max-snippet:-1","max-image-preview":"max-image-preview:large","max-video-preview":"max-video-preview:-1"},"canonical":"https:\/\/lesjambiens.be\/index.php\/les-sections\/chorale\/","og_locale":"fr_FR","og_type":"article","og_title":"Chorale - Les Jambiens","og_description":"Responsables : Nicole HANNECART &#8211; 0495 90 68 96 &#8211; voyageschoralelejambiens@gmail.com Lysiane DELFLEUR &#8211; 0477 31 71 04 &#8211; lysianedelfleur@gmail.com Horaire : Les 2\u00e8me et 4\u00e8me mercredi de 10h00 \u00e0 &hellip; Lire la suite Chorale","og_url":"https:\/\/lesjambiens.be\/index.php\/les-sections\/chorale\/","og_site_name":"Les Jambiens","article_modified_time":"2025-01-24T17:16:05+00:00","og_image":[{"url":"http:\/\/lesjambiens.be\/wp-content\/uploads\/2024\/11\/20240928_151107-copie-300x138.jpg","type":"","width":"","height":""}],"twitter_card":"summary_large_image","twitter_misc":{"Dur\u00e9e de lecture estim\u00e9e":"1 minute"},"schema":{"@context":"https:\/\/schema.org","@graph":[{"@type":"WebPage","@id":"https:\/\/lesjambiens.be\/index.php\/les-sections\/chorale\/","url":"https:\/\/lesjambiens.be\/index.php\/les-sections\/chorale\/","name":"Chorale - Les Jambiens","isPartOf":{"@id":"https:\/\/lesjambiens.be\/#website"},"primaryImageOfPage":{"@id":"https:\/\/lesjambiens.be\/index.php\/les-sections\/chorale\/#primaryimage"},"image":{"@id":"https:\/\/lesjambiens.be\/index.php\/les-sections\/chorale\/#primaryimage"},"thumbnailUrl":"http:\/\/lesjambiens.be\/wp-content\/uploads\/2024\/11\/20240928_151107-copie-300x138.jpg","datePublished":"2024-03-12T10:15:45+00:00","dateModified":"2025-01-24T17:16:05+00:00","breadcrumb":{"@id":"https:\/\/lesjambiens.be\/index.php\/les-sections\/chorale\/#breadcrumb"},"inLanguage":"fr-FR","potentialAction":[{"@type":"ReadAction","target":["https:\/\/lesjambiens.be\/index.php\/les-sections\/chorale\/"]}]},{"@type":"ImageObject","inLanguage":"fr-FR","@id":"https:\/\/lesjambiens.be\/index.php\/les-sections\/chorale\/#primaryimage","url":"https:\/\/lesjambiens.be\/wp-content\/uploads\/2024\/11\/20240928_151107-copie.jpg","contentUrl":"https:\/\/lesjambiens.be\/wp-content\/uploads\/2024\/11\/20240928_151107-copie.jpg","width":1200,"height":550},{"@type":"BreadcrumbList","@id":"https:\/\/lesjambiens.be\/index.php\/les-sections\/chorale\/#breadcrumb","itemListElement":[{"@type":"ListItem","position":1,"name":"Accueil","item":"https:\/\/lesjambiens.be\/"},{"@type":"ListItem","position":2,"name":"Nos sections","item":"https:\/\/lesjambiens.be\/index.php\/les-sections\/"},{"@type":"ListItem","position":3,"name":"Chorale"}]},{"@type":"WebSite","@id":"https:\/\/lesjambiens.be\/#website","url":"https:\/\/lesjambiens.be\/","name":"Les Jambiens","description":"Activit\u00e9s pour les a\u00een\u00e9s \u00e0 Namur","potentialAction":[{"@type":"SearchAction","target":{"@type":"EntryPoint","urlTemplate":"https:\/\/lesjambiens.be\/?s={search_term_string}"},"query-input":{"@type":"PropertyValueSpecification","valueRequired":true,"valueName":"search_term_string"}}],"inLanguage":"fr-FR"}]}},"_links":{"self":[{"href":"https:\/\/lesjambiens.be\/index.php\/wp-json\/wp\/v2\/pages\/46","targetHints":{"allow":["GET"]}}],"collection":[{"href":"https:\/\/lesjambiens.be\/index.php\/wp-json\/wp\/v2\/pages"}],"about":[{"href":"https:\/\/lesjambiens.be\/index.php\/wp-json\/wp\/v2\/types\/page"}],"author":[{"embeddable":true,"href":"https:\/\/lesjambiens.be\/index.php\/wp-json\/wp\/v2\/users\/4"}],"replies":[{"embeddable":true,"href":"https:\/\/lesjambiens.be\/index.php\/wp-json\/wp\/v2\/comments?post=46"}],"version-history":[{"count":20,"href":"https:\/\/lesjambiens.be\/index.php\/wp-json\/wp\/v2\/pages\/46\/revisions"}],"predecessor-version":[{"id":1273,"href":"https:\/\/lesjambiens.be\/index.php\/wp-json\/wp\/v2\/pages\/46\/revisions\/1273"}],"up":[{"embeddable":true,"href":"https:\/\/lesjambiens.be\/index.php\/wp-json\/wp\/v2\/pages\/20"}],"wp:attachment":[{"href":"https:\/\/lesjambiens.be\/index.php\/wp-json\/wp\/v2\/media?parent=46"}],"curies":[{"name":"wp","href":"https:\/\/api.w.org\/{rel}","templated":true}]}}