{"id":40,"date":"2024-03-12T11:14:49","date_gmt":"2024-03-12T10:14:49","guid":{"rendered":"https:\/\/lesjambiens.be\/?page_id=40"},"modified":"2026-01-20T21:47:28","modified_gmt":"2026-01-20T20:47:28","slug":"marche","status":"publish","type":"page","link":"https:\/\/lesjambiens.be\/index.php\/les-sections\/marche\/","title":{"rendered":"Marche"},"content":{"rendered":"<h4><span style=\"color: #333300;\">Marche \u00e0 Erpent<\/span><\/h4>\n<div id='gallery-1' class='gallery galleryid-40 gallery-columns-2 gallery-size-large'><dl class='gallery-item'>\n\t\t\t<dt class='gallery-icon portrait'>\n\t\t\t\t<a href='https:\/\/lesjambiens.be\/index.php\/les-sections\/marche\/marche-a-erpent_1-recadree\/#main'><img loading=\"lazy\" decoding=\"async\" width=\"620\" height=\"775\" src=\"https:\/\/lesjambiens.be\/wp-content\/uploads\/2025\/03\/Marche-a-Erpent_1-recadree.jpg\" class=\"attachment-large size-large\" alt=\"\" srcset=\"https:\/\/lesjambiens.be\/wp-content\/uploads\/2025\/03\/Marche-a-Erpent_1-recadree.jpg 800w, https:\/\/lesjambiens.be\/wp-content\/uploads\/2025\/03\/Marche-a-Erpent_1-recadree-240x300.jpg 240w, https:\/\/lesjambiens.be\/wp-content\/uploads\/2025\/03\/Marche-a-Erpent_1-recadree-768x960.jpg 768w, https:\/\/lesjambiens.be\/wp-content\/uploads\/2025\/03\/Marche-a-Erpent_1-recadree-304x380.jpg 304w\" sizes=\"auto, (max-width: 620px) 100vw, 620px\" \/><\/a>\n\t\t\t<\/dt><\/dl><dl class='gallery-item'>\n\t\t\t<dt class='gallery-icon portrait'>\n\t\t\t\t<a href='https:\/\/lesjambiens.be\/index.php\/les-sections\/marche\/marche-a-erpent_2-recadree\/#main'><img loading=\"lazy\" decoding=\"async\" width=\"620\" height=\"775\" src=\"https:\/\/lesjambiens.be\/wp-content\/uploads\/2025\/03\/Marche-a-Erpent_2-recadree.jpg\" class=\"attachment-large size-large\" alt=\"\" srcset=\"https:\/\/lesjambiens.be\/wp-content\/uploads\/2025\/03\/Marche-a-Erpent_2-recadree.jpg 800w, https:\/\/lesjambiens.be\/wp-content\/uploads\/2025\/03\/Marche-a-Erpent_2-recadree-240x300.jpg 240w, https:\/\/lesjambiens.be\/wp-content\/uploads\/2025\/03\/Marche-a-Erpent_2-recadree-768x960.jpg 768w, https:\/\/lesjambiens.be\/wp-content\/uploads\/2025\/03\/Marche-a-Erpent_2-recadree-304x380.jpg 304w\" sizes=\"auto, (max-width: 620px) 100vw, 620px\" \/><\/a>\n\t\t\t<\/dt><\/dl><br style=\"clear: both\" \/>\n\t\t<\/div>\n\n<h4><strong><span style=\"text-decoration: underline;\">Responsables<\/span> :<\/strong><\/h4>\n<ul>\n<li><strong>Richard DEJARDIN <\/strong>&#8211; 0474 53.72.63 &#8211; <a href=\"mailto:richardlouis.dejardin@gmail.com\"><strong>richardlouis.dejardin@gmail.com<\/strong><\/a><\/li>\n<li><strong>Arlette LENAERTS <\/strong>&#8211; 0471 78.13.10<\/li>\n<\/ul>\n<h4><strong><span style=\"text-decoration: underline;\">Horaire<\/span> :<br \/>\n<img loading=\"lazy\" decoding=\"async\" class=\"alignnone  wp-image-1623\" src=\"https:\/\/lesjambiens.be\/wp-content\/uploads\/2026\/01\/Programme-Marche_-copie-1-217x300.jpg\" alt=\"\" width=\"589\" height=\"814\" srcset=\"https:\/\/lesjambiens.be\/wp-content\/uploads\/2026\/01\/Programme-Marche_-copie-1-217x300.jpg 217w, https:\/\/lesjambiens.be\/wp-content\/uploads\/2026\/01\/Programme-Marche_-copie-1-275x380.jpg 275w, https:\/\/lesjambiens.be\/wp-content\/uploads\/2026\/01\/Programme-Marche_-copie-1.jpg 724w\" sizes=\"auto, (max-width: 589px) 100vw, 589px\" \/><br \/>\n<\/strong><\/h4>\n<h4><strong><span style=\"text-decoration: underline;\">LIeu<\/span> :<\/strong><\/h4>\n<p>Le lieu de d\u00e9part varie selon les parcours choisis.<br \/>\nLes informations sont communiqu\u00e9es aux membres par mail quelques jours avant l&rsquo;\u00e9v\u00e8nement.<\/p>\n<h4><strong><span style=\"text-decoration: underline;\">Philosophie<\/span> :<\/strong><\/h4>\n<p>Nous\u00a0 marchons le matin, prioritairement dans les bois et les campagnes.<br \/>\nNotre r\u00e9gion \u00e9tant vallonn\u00e9e,\u00a0 des petites mont\u00e9es et descentes sont in\u00e9vitables.<br \/>\nNous adh\u00e9rons \u00e0 la philosophie de la Soci\u00e9t\u00e9 Royale Asbl \u201cLes Jambiens\u201d<\/p>\n<h4><strong><span style=\"text-decoration: underline;\">REMARQUe<\/span> :<\/strong><\/h4>\n<p>Il faut un moyen de locomotion pour se rendre au lieu de rendez-vous du d\u00e9part chaque fois diff\u00e9rent.<\/p>\n<div style=\"width: 620px;\" class=\"wp-video\"><video class=\"wp-video-shortcode\" id=\"video-40-1\" width=\"620\" height=\"349\" preload=\"metadata\" controls=\"controls\"><source type=\"video\/mp4\" src=\"https:\/\/lesjambiens.be\/wp-content\/uploads\/2024\/09\/Mon-Diaporama_Marche.mp4?_=1\" \/><a href=\"https:\/\/lesjambiens.be\/wp-content\/uploads\/2024\/09\/Mon-Diaporama_Marche.mp4\">https:\/\/lesjambiens.be\/wp-content\/uploads\/2024\/09\/Mon-Diaporama_Marche.mp4<\/a><\/video><\/div>\n<div id=\"ConnectiveDocSignExtentionInstalled\" data-extension-version=\"1.0.4\"><\/div>\n","protected":false},"excerpt":{"rendered":"<p>Marche \u00e0 Erpent Responsables : Richard DEJARDIN &#8211; 0474 53.72.63 &#8211; richardlouis.dejardin@gmail.com Arlette LENAERTS &#8211; 0471 78.13.10 Horaire : LIeu : Le lieu de d\u00e9part varie selon les parcours choisis. &hellip; <a href=\"https:\/\/lesjambiens.be\/index.php\/les-sections\/marche\/\" class=\"more-link\">Lire la suite <span class=\"screen-reader-text\">Marche<\/span><\/a><\/p>\n","protected":false},"author":4,"featured_media":0,"parent":20,"menu_order":0,"comment_status":"closed","ping_status":"closed","template":"","meta":{"footnotes":""},"class_list":["post-40","page","type-page","status-publish","hentry","without-featured-image"],"yoast_head":"<!-- This site is optimized with the Yoast SEO plugin v27.4 - https:\/\/yoast.com\/product\/yoast-seo-wordpress\/ -->\n<title>Marche - Les Jambiens<\/title>\n<meta name=\"robots\" content=\"index, follow, max-snippet:-1, max-image-preview:large, max-video-preview:-1\" \/>\n<link rel=\"canonical\" href=\"https:\/\/lesjambiens.be\/index.php\/les-sections\/marche\/\" \/>\n<meta property=\"og:locale\" content=\"fr_FR\" \/>\n<meta property=\"og:type\" content=\"article\" \/>\n<meta property=\"og:title\" content=\"Marche - Les Jambiens\" \/>\n<meta property=\"og:description\" content=\"Marche \u00e0 Erpent Responsables : Richard DEJARDIN &#8211; 0474 53.72.63 &#8211; richardlouis.dejardin@gmail.com Arlette LENAERTS &#8211; 0471 78.13.10 Horaire : LIeu : Le lieu de d\u00e9part varie selon les parcours choisis. &hellip; Lire la suite Marche\" \/>\n<meta property=\"og:url\" content=\"https:\/\/lesjambiens.be\/index.php\/les-sections\/marche\/\" \/>\n<meta property=\"og:site_name\" content=\"Les Jambiens\" \/>\n<meta property=\"article:modified_time\" content=\"2026-01-20T20:47:28+00:00\" \/>\n<meta property=\"og:image\" content=\"https:\/\/lesjambiens.be\/wp-content\/uploads\/2025\/03\/Marche-a-Erpent_1-recadree.jpg\" \/>\n<meta name=\"twitter:card\" content=\"summary_large_image\" \/>\n<meta name=\"twitter:label1\" content=\"Dur\u00e9e de lecture estim\u00e9e\" \/>\n\t<meta name=\"twitter:data1\" content=\"1 minute\" \/>\n<script type=\"application\/ld+json\" class=\"yoast-schema-graph\">{\"@context\":\"https:\\\/\\\/schema.org\",\"@graph\":[{\"@type\":\"WebPage\",\"@id\":\"https:\\\/\\\/lesjambiens.be\\\/index.php\\\/les-sections\\\/marche\\\/\",\"url\":\"https:\\\/\\\/lesjambiens.be\\\/index.php\\\/les-sections\\\/marche\\\/\",\"name\":\"Marche - Les Jambiens\",\"isPartOf\":{\"@id\":\"https:\\\/\\\/lesjambiens.be\\\/#website\"},\"primaryImageOfPage\":{\"@id\":\"https:\\\/\\\/lesjambiens.be\\\/index.php\\\/les-sections\\\/marche\\\/#primaryimage\"},\"image\":{\"@id\":\"https:\\\/\\\/lesjambiens.be\\\/index.php\\\/les-sections\\\/marche\\\/#primaryimage\"},\"thumbnailUrl\":\"https:\\\/\\\/lesjambiens.be\\\/wp-content\\\/uploads\\\/2026\\\/01\\\/Programme-Marche_-copie-1-217x300.jpg\",\"datePublished\":\"2024-03-12T10:14:49+00:00\",\"dateModified\":\"2026-01-20T20:47:28+00:00\",\"breadcrumb\":{\"@id\":\"https:\\\/\\\/lesjambiens.be\\\/index.php\\\/les-sections\\\/marche\\\/#breadcrumb\"},\"inLanguage\":\"fr-FR\",\"potentialAction\":[{\"@type\":\"ReadAction\",\"target\":[\"https:\\\/\\\/lesjambiens.be\\\/index.php\\\/les-sections\\\/marche\\\/\"]}]},{\"@type\":\"ImageObject\",\"inLanguage\":\"fr-FR\",\"@id\":\"https:\\\/\\\/lesjambiens.be\\\/index.php\\\/les-sections\\\/marche\\\/#primaryimage\",\"url\":\"https:\\\/\\\/lesjambiens.be\\\/wp-content\\\/uploads\\\/2026\\\/01\\\/Programme-Marche_-copie-1.jpg\",\"contentUrl\":\"https:\\\/\\\/lesjambiens.be\\\/wp-content\\\/uploads\\\/2026\\\/01\\\/Programme-Marche_-copie-1.jpg\",\"width\":724,\"height\":1000},{\"@type\":\"BreadcrumbList\",\"@id\":\"https:\\\/\\\/lesjambiens.be\\\/index.php\\\/les-sections\\\/marche\\\/#breadcrumb\",\"itemListElement\":[{\"@type\":\"ListItem\",\"position\":1,\"name\":\"Accueil\",\"item\":\"https:\\\/\\\/lesjambiens.be\\\/\"},{\"@type\":\"ListItem\",\"position\":2,\"name\":\"Nos sections\",\"item\":\"https:\\\/\\\/lesjambiens.be\\\/index.php\\\/les-sections\\\/\"},{\"@type\":\"ListItem\",\"position\":3,\"name\":\"Marche\"}]},{\"@type\":\"WebSite\",\"@id\":\"https:\\\/\\\/lesjambiens.be\\\/#website\",\"url\":\"https:\\\/\\\/lesjambiens.be\\\/\",\"name\":\"Les Jambiens\",\"description\":\"Activit\u00e9s pour les a\u00een\u00e9s \u00e0 Namur\",\"potentialAction\":[{\"@type\":\"SearchAction\",\"target\":{\"@type\":\"EntryPoint\",\"urlTemplate\":\"https:\\\/\\\/lesjambiens.be\\\/?s={search_term_string}\"},\"query-input\":{\"@type\":\"PropertyValueSpecification\",\"valueRequired\":true,\"valueName\":\"search_term_string\"}}],\"inLanguage\":\"fr-FR\"}]}<\/script>\n<!-- \/ Yoast SEO plugin. -->","yoast_head_json":{"title":"Marche - Les Jambiens","robots":{"index":"index","follow":"follow","max-snippet":"max-snippet:-1","max-image-preview":"max-image-preview:large","max-video-preview":"max-video-preview:-1"},"canonical":"https:\/\/lesjambiens.be\/index.php\/les-sections\/marche\/","og_locale":"fr_FR","og_type":"article","og_title":"Marche - Les Jambiens","og_description":"Marche \u00e0 Erpent Responsables : Richard DEJARDIN &#8211; 0474 53.72.63 &#8211; richardlouis.dejardin@gmail.com Arlette LENAERTS &#8211; 0471 78.13.10 Horaire : LIeu : Le lieu de d\u00e9part varie selon les parcours choisis. &hellip; Lire la suite Marche","og_url":"https:\/\/lesjambiens.be\/index.php\/les-sections\/marche\/","og_site_name":"Les Jambiens","article_modified_time":"2026-01-20T20:47:28+00:00","og_image":[{"url":"https:\/\/lesjambiens.be\/wp-content\/uploads\/2025\/03\/Marche-a-Erpent_1-recadree.jpg","type":"","width":"","height":""}],"twitter_card":"summary_large_image","twitter_misc":{"Dur\u00e9e de lecture estim\u00e9e":"1 minute"},"schema":{"@context":"https:\/\/schema.org","@graph":[{"@type":"WebPage","@id":"https:\/\/lesjambiens.be\/index.php\/les-sections\/marche\/","url":"https:\/\/lesjambiens.be\/index.php\/les-sections\/marche\/","name":"Marche - Les Jambiens","isPartOf":{"@id":"https:\/\/lesjambiens.be\/#website"},"primaryImageOfPage":{"@id":"https:\/\/lesjambiens.be\/index.php\/les-sections\/marche\/#primaryimage"},"image":{"@id":"https:\/\/lesjambiens.be\/index.php\/les-sections\/marche\/#primaryimage"},"thumbnailUrl":"https:\/\/lesjambiens.be\/wp-content\/uploads\/2026\/01\/Programme-Marche_-copie-1-217x300.jpg","datePublished":"2024-03-12T10:14:49+00:00","dateModified":"2026-01-20T20:47:28+00:00","breadcrumb":{"@id":"https:\/\/lesjambiens.be\/index.php\/les-sections\/marche\/#breadcrumb"},"inLanguage":"fr-FR","potentialAction":[{"@type":"ReadAction","target":["https:\/\/lesjambiens.be\/index.php\/les-sections\/marche\/"]}]},{"@type":"ImageObject","inLanguage":"fr-FR","@id":"https:\/\/lesjambiens.be\/index.php\/les-sections\/marche\/#primaryimage","url":"https:\/\/lesjambiens.be\/wp-content\/uploads\/2026\/01\/Programme-Marche_-copie-1.jpg","contentUrl":"https:\/\/lesjambiens.be\/wp-content\/uploads\/2026\/01\/Programme-Marche_-copie-1.jpg","width":724,"height":1000},{"@type":"BreadcrumbList","@id":"https:\/\/lesjambiens.be\/index.php\/les-sections\/marche\/#breadcrumb","itemListElement":[{"@type":"ListItem","position":1,"name":"Accueil","item":"https:\/\/lesjambiens.be\/"},{"@type":"ListItem","position":2,"name":"Nos sections","item":"https:\/\/lesjambiens.be\/index.php\/les-sections\/"},{"@type":"ListItem","position":3,"name":"Marche"}]},{"@type":"WebSite","@id":"https:\/\/lesjambiens.be\/#website","url":"https:\/\/lesjambiens.be\/","name":"Les Jambiens","description":"Activit\u00e9s pour les a\u00een\u00e9s \u00e0 Namur","potentialAction":[{"@type":"SearchAction","target":{"@type":"EntryPoint","urlTemplate":"https:\/\/lesjambiens.be\/?s={search_term_string}"},"query-input":{"@type":"PropertyValueSpecification","valueRequired":true,"valueName":"search_term_string"}}],"inLanguage":"fr-FR"}]}},"_links":{"self":[{"href":"https:\/\/lesjambiens.be\/index.php\/wp-json\/wp\/v2\/pages\/40","targetHints":{"allow":["GET"]}}],"collection":[{"href":"https:\/\/lesjambiens.be\/index.php\/wp-json\/wp\/v2\/pages"}],"about":[{"href":"https:\/\/lesjambiens.be\/index.php\/wp-json\/wp\/v2\/types\/page"}],"author":[{"embeddable":true,"href":"https:\/\/lesjambiens.be\/index.php\/wp-json\/wp\/v2\/users\/4"}],"replies":[{"embeddable":true,"href":"https:\/\/lesjambiens.be\/index.php\/wp-json\/wp\/v2\/comments?post=40"}],"version-history":[{"count":24,"href":"https:\/\/lesjambiens.be\/index.php\/wp-json\/wp\/v2\/pages\/40\/revisions"}],"predecessor-version":[{"id":1624,"href":"https:\/\/lesjambiens.be\/index.php\/wp-json\/wp\/v2\/pages\/40\/revisions\/1624"}],"up":[{"embeddable":true,"href":"https:\/\/lesjambiens.be\/index.php\/wp-json\/wp\/v2\/pages\/20"}],"wp:attachment":[{"href":"https:\/\/lesjambiens.be\/index.php\/wp-json\/wp\/v2\/media?parent=40"}],"curies":[{"name":"wp","href":"https:\/\/api.w.org\/{rel}","templated":true}]}}