{"id":38,"date":"2024-03-12T11:14:24","date_gmt":"2024-03-12T10:14:24","guid":{"rendered":"https:\/\/lesjambiens.be\/?page_id=38"},"modified":"2024-09-20T00:25:14","modified_gmt":"2024-09-19T22:25:14","slug":"tennis-de-table","status":"publish","type":"page","link":"https:\/\/lesjambiens.be\/index.php\/les-sections\/tennis-de-table\/","title":{"rendered":"Tennis de table"},"content":{"rendered":"<h4><strong><span style=\"color: #3366ff;\">\u00a0\u00a0\u00a0\u00a0 <img loading=\"lazy\" decoding=\"async\" class=\"alignnone size-medium wp-image-457\" src=\"https:\/\/lesjambiens.be\/wp-content\/uploads\/2024\/08\/Logo-tennis-de-table-300x214.jpg\" alt=\"\" width=\"300\" height=\"214\" srcset=\"https:\/\/lesjambiens.be\/wp-content\/uploads\/2024\/08\/Logo-tennis-de-table-300x214.jpg 300w, https:\/\/lesjambiens.be\/wp-content\/uploads\/2024\/08\/Logo-tennis-de-table-768x547.jpg 768w, https:\/\/lesjambiens.be\/wp-content\/uploads\/2024\/08\/Logo-tennis-de-table-533x380.jpg 533w, https:\/\/lesjambiens.be\/wp-content\/uploads\/2024\/08\/Logo-tennis-de-table.jpg 960w\" sizes=\"auto, (max-width: 300px) 100vw, 300px\" \/><\/span><\/strong><\/h4>\n<p>&nbsp;<\/p>\n<h4><strong><span style=\"text-decoration: underline;\">RESPONSABLES<\/span> :<\/strong><\/h4>\n<ul>\n<li><strong>L\u00e9on<\/strong>\u00a0 <strong>MAKA<\/strong> &#8211; 081\/30.50.04 &#8211; <a href=\"mailto:leon.maka@proximus.be\"><strong>leon.maka@proximus.be<\/strong><\/a><\/li>\n<li><strong>Michel RAYMACKERS<\/strong> &#8211; 0477 50.53.41 &#8211;\u00a0 <a href=\"mailto:raymackersmichel@skynet.be\"><strong>raymackersmichel@skynet.be<\/strong><\/a><\/li>\n<\/ul>\n<h4><strong><span style=\"text-decoration: underline;\">Horaire<\/span> :<\/strong><\/h4>\n<ul>\n<li>Le <strong><span style=\"color: #000000;\">lundi<\/span><\/strong><\/li>\n<li>De\u00a0<strong>13h30<\/strong> \u00e0 <strong>17h30<\/strong><\/li>\n<\/ul>\n<h4><strong><span style=\"text-decoration: underline;\">LIeu<\/span> :<\/strong><\/h4>\n<p><strong>Centre Culturel de G\u00e9ronsart<\/strong>,<br \/>\n<strong>Rue du tr\u00e8fle, 2\u00a0 \u00e0\u00a0 5100 Jambes &#8211;<\/strong><br \/>\nClub de tennis de table Sambre et Meuse (TTSM)<\/p>\n<h4><strong><span style=\"text-decoration: underline;\">OBJECTIFS<\/span> :<\/strong><\/h4>\n<ul>\n<li>Le tennis de table est un sport de raquette qui offre de <strong>nombreux avantages pour la sant\u00e9<\/strong> physique et mentale.<\/li>\n<li>En jouant r\u00e9guli\u00e8rement, vous pouvez <strong>am\u00e9liorer votre concentration<\/strong>,<strong> votre coordination et r\u00e9duire le stress<\/strong> dans une ambiance de d\u00e9tente tout en marquant un attrait pour le social.<\/li>\n<li>Si vous cherchez un sport amusant et stimulant qui peut vous aider \u00e0 rester en bonne sant\u00e9 alors le tennis de table pourrait \u00eatre une excellente option pour vous.<\/li>\n<li>Les pongistes de tous niveaux peuvent pratiquer leur sport dans une salle adapt\u00e9e et six tables sont \u00e0 leur disposition.<\/li>\n<li>De plus, chaque ann\u00e9e, les membres peuvent profiter de diff\u00e9rents avantages propos\u00e9s par les administrateurs, d\u00e9gustation des galettes des rois, chocolats \u00e0 P\u00e2ques, sp\u00e9culoos \u00e0 Saint Nicolas et petits cadeaux de fin d\u2019ann\u00e9e.<\/li>\n<li>\u00a0N\u2019h\u00e9sitez donc pas \u00e0 venir d\u00e9couvrir notre section.<\/li>\n<\/ul>\n<h4><strong><span style=\"text-decoration: underline;\">Philosophie<\/span> :<\/strong><\/h4>\n<p>Bonne humeur, ambiance et sportivit\u00e9 sont les ma\u00eetres mots de notre section.<br \/>\nNous adh\u00e9rons \u00e0 la philosophie de la Soci\u00e9t\u00e9 Royale Asbl \u201cLes Jambiens\u201d<\/p>\n<div style=\"width: 620px;\" class=\"wp-video\"><video class=\"wp-video-shortcode\" id=\"video-38-1\" width=\"620\" height=\"349\" preload=\"metadata\" controls=\"controls\"><source type=\"video\/mp4\" src=\"https:\/\/lesjambiens.be\/wp-content\/uploads\/2024\/08\/Diaporama-tennis-de-table-1.mp4?_=1\" \/><a href=\"https:\/\/lesjambiens.be\/wp-content\/uploads\/2024\/08\/Diaporama-tennis-de-table-1.mp4\">https:\/\/lesjambiens.be\/wp-content\/uploads\/2024\/08\/Diaporama-tennis-de-table-1.mp4<\/a><\/video><\/div>\n<p>&nbsp;<\/p>\n<div id=\"ConnectiveDocSignExtentionInstalled\" data-extension-version=\"1.0.4\"><\/div>\n","protected":false},"excerpt":{"rendered":"<p>\u00a0\u00a0\u00a0\u00a0 &nbsp; RESPONSABLES : L\u00e9on\u00a0 MAKA &#8211; 081\/30.50.04 &#8211; leon.maka@proximus.be Michel RAYMACKERS &#8211; 0477 50.53.41 &#8211;\u00a0 raymackersmichel@skynet.be Horaire : Le lundi De\u00a013h30 \u00e0 17h30 LIeu : Centre Culturel de G\u00e9ronsart, &hellip; <a href=\"https:\/\/lesjambiens.be\/index.php\/les-sections\/tennis-de-table\/\" class=\"more-link\">Lire la suite <span class=\"screen-reader-text\">Tennis de table<\/span><\/a><\/p>\n","protected":false},"author":4,"featured_media":0,"parent":20,"menu_order":0,"comment_status":"closed","ping_status":"closed","template":"","meta":{"footnotes":""},"class_list":["post-38","page","type-page","status-publish","hentry","without-featured-image"],"yoast_head":"<!-- This site is optimized with the Yoast SEO plugin v27.4 - https:\/\/yoast.com\/product\/yoast-seo-wordpress\/ -->\n<title>Tennis de table - Les Jambiens<\/title>\n<meta name=\"robots\" content=\"index, follow, max-snippet:-1, max-image-preview:large, max-video-preview:-1\" \/>\n<link rel=\"canonical\" href=\"https:\/\/lesjambiens.be\/index.php\/les-sections\/tennis-de-table\/\" \/>\n<meta property=\"og:locale\" content=\"fr_FR\" \/>\n<meta property=\"og:type\" content=\"article\" \/>\n<meta property=\"og:title\" content=\"Tennis de table - Les Jambiens\" \/>\n<meta property=\"og:description\" content=\"\u00a0\u00a0\u00a0\u00a0 &nbsp; RESPONSABLES : L\u00e9on\u00a0 MAKA &#8211; 081\/30.50.04 &#8211; leon.maka@proximus.be Michel RAYMACKERS &#8211; 0477 50.53.41 &#8211;\u00a0 raymackersmichel@skynet.be Horaire : Le lundi De\u00a013h30 \u00e0 17h30 LIeu : Centre Culturel de G\u00e9ronsart, &hellip; Lire la suite Tennis de table\" \/>\n<meta property=\"og:url\" content=\"https:\/\/lesjambiens.be\/index.php\/les-sections\/tennis-de-table\/\" \/>\n<meta property=\"og:site_name\" content=\"Les Jambiens\" \/>\n<meta property=\"article:modified_time\" content=\"2024-09-19T22:25:14+00:00\" \/>\n<meta property=\"og:image\" content=\"http:\/\/lesjambiens.be\/wp-content\/uploads\/2024\/08\/Logo-tennis-de-table-300x214.jpg\" \/>\n<meta name=\"twitter:card\" content=\"summary_large_image\" \/>\n<meta name=\"twitter:label1\" content=\"Dur\u00e9e de lecture estim\u00e9e\" \/>\n\t<meta name=\"twitter:data1\" content=\"2 minutes\" \/>\n<script type=\"application\/ld+json\" class=\"yoast-schema-graph\">{\"@context\":\"https:\\\/\\\/schema.org\",\"@graph\":[{\"@type\":\"WebPage\",\"@id\":\"https:\\\/\\\/lesjambiens.be\\\/index.php\\\/les-sections\\\/tennis-de-table\\\/\",\"url\":\"https:\\\/\\\/lesjambiens.be\\\/index.php\\\/les-sections\\\/tennis-de-table\\\/\",\"name\":\"Tennis de table - Les Jambiens\",\"isPartOf\":{\"@id\":\"https:\\\/\\\/lesjambiens.be\\\/#website\"},\"primaryImageOfPage\":{\"@id\":\"https:\\\/\\\/lesjambiens.be\\\/index.php\\\/les-sections\\\/tennis-de-table\\\/#primaryimage\"},\"image\":{\"@id\":\"https:\\\/\\\/lesjambiens.be\\\/index.php\\\/les-sections\\\/tennis-de-table\\\/#primaryimage\"},\"thumbnailUrl\":\"http:\\\/\\\/lesjambiens.be\\\/wp-content\\\/uploads\\\/2024\\\/08\\\/Logo-tennis-de-table-300x214.jpg\",\"datePublished\":\"2024-03-12T10:14:24+00:00\",\"dateModified\":\"2024-09-19T22:25:14+00:00\",\"breadcrumb\":{\"@id\":\"https:\\\/\\\/lesjambiens.be\\\/index.php\\\/les-sections\\\/tennis-de-table\\\/#breadcrumb\"},\"inLanguage\":\"fr-FR\",\"potentialAction\":[{\"@type\":\"ReadAction\",\"target\":[\"https:\\\/\\\/lesjambiens.be\\\/index.php\\\/les-sections\\\/tennis-de-table\\\/\"]}]},{\"@type\":\"ImageObject\",\"inLanguage\":\"fr-FR\",\"@id\":\"https:\\\/\\\/lesjambiens.be\\\/index.php\\\/les-sections\\\/tennis-de-table\\\/#primaryimage\",\"url\":\"https:\\\/\\\/lesjambiens.be\\\/wp-content\\\/uploads\\\/2024\\\/08\\\/Logo-tennis-de-table.jpg\",\"contentUrl\":\"https:\\\/\\\/lesjambiens.be\\\/wp-content\\\/uploads\\\/2024\\\/08\\\/Logo-tennis-de-table.jpg\",\"width\":960,\"height\":684},{\"@type\":\"BreadcrumbList\",\"@id\":\"https:\\\/\\\/lesjambiens.be\\\/index.php\\\/les-sections\\\/tennis-de-table\\\/#breadcrumb\",\"itemListElement\":[{\"@type\":\"ListItem\",\"position\":1,\"name\":\"Accueil\",\"item\":\"https:\\\/\\\/lesjambiens.be\\\/\"},{\"@type\":\"ListItem\",\"position\":2,\"name\":\"Nos sections\",\"item\":\"https:\\\/\\\/lesjambiens.be\\\/index.php\\\/les-sections\\\/\"},{\"@type\":\"ListItem\",\"position\":3,\"name\":\"Tennis de table\"}]},{\"@type\":\"WebSite\",\"@id\":\"https:\\\/\\\/lesjambiens.be\\\/#website\",\"url\":\"https:\\\/\\\/lesjambiens.be\\\/\",\"name\":\"Les Jambiens\",\"description\":\"Activit\u00e9s pour les a\u00een\u00e9s \u00e0 Namur\",\"potentialAction\":[{\"@type\":\"SearchAction\",\"target\":{\"@type\":\"EntryPoint\",\"urlTemplate\":\"https:\\\/\\\/lesjambiens.be\\\/?s={search_term_string}\"},\"query-input\":{\"@type\":\"PropertyValueSpecification\",\"valueRequired\":true,\"valueName\":\"search_term_string\"}}],\"inLanguage\":\"fr-FR\"}]}<\/script>\n<!-- \/ Yoast SEO plugin. -->","yoast_head_json":{"title":"Tennis de table - Les Jambiens","robots":{"index":"index","follow":"follow","max-snippet":"max-snippet:-1","max-image-preview":"max-image-preview:large","max-video-preview":"max-video-preview:-1"},"canonical":"https:\/\/lesjambiens.be\/index.php\/les-sections\/tennis-de-table\/","og_locale":"fr_FR","og_type":"article","og_title":"Tennis de table - Les Jambiens","og_description":"\u00a0\u00a0\u00a0\u00a0 &nbsp; RESPONSABLES : L\u00e9on\u00a0 MAKA &#8211; 081\/30.50.04 &#8211; leon.maka@proximus.be Michel RAYMACKERS &#8211; 0477 50.53.41 &#8211;\u00a0 raymackersmichel@skynet.be Horaire : Le lundi De\u00a013h30 \u00e0 17h30 LIeu : Centre Culturel de G\u00e9ronsart, &hellip; Lire la suite Tennis de table","og_url":"https:\/\/lesjambiens.be\/index.php\/les-sections\/tennis-de-table\/","og_site_name":"Les Jambiens","article_modified_time":"2024-09-19T22:25:14+00:00","og_image":[{"url":"http:\/\/lesjambiens.be\/wp-content\/uploads\/2024\/08\/Logo-tennis-de-table-300x214.jpg","type":"","width":"","height":""}],"twitter_card":"summary_large_image","twitter_misc":{"Dur\u00e9e de lecture estim\u00e9e":"2 minutes"},"schema":{"@context":"https:\/\/schema.org","@graph":[{"@type":"WebPage","@id":"https:\/\/lesjambiens.be\/index.php\/les-sections\/tennis-de-table\/","url":"https:\/\/lesjambiens.be\/index.php\/les-sections\/tennis-de-table\/","name":"Tennis de table - Les Jambiens","isPartOf":{"@id":"https:\/\/lesjambiens.be\/#website"},"primaryImageOfPage":{"@id":"https:\/\/lesjambiens.be\/index.php\/les-sections\/tennis-de-table\/#primaryimage"},"image":{"@id":"https:\/\/lesjambiens.be\/index.php\/les-sections\/tennis-de-table\/#primaryimage"},"thumbnailUrl":"http:\/\/lesjambiens.be\/wp-content\/uploads\/2024\/08\/Logo-tennis-de-table-300x214.jpg","datePublished":"2024-03-12T10:14:24+00:00","dateModified":"2024-09-19T22:25:14+00:00","breadcrumb":{"@id":"https:\/\/lesjambiens.be\/index.php\/les-sections\/tennis-de-table\/#breadcrumb"},"inLanguage":"fr-FR","potentialAction":[{"@type":"ReadAction","target":["https:\/\/lesjambiens.be\/index.php\/les-sections\/tennis-de-table\/"]}]},{"@type":"ImageObject","inLanguage":"fr-FR","@id":"https:\/\/lesjambiens.be\/index.php\/les-sections\/tennis-de-table\/#primaryimage","url":"https:\/\/lesjambiens.be\/wp-content\/uploads\/2024\/08\/Logo-tennis-de-table.jpg","contentUrl":"https:\/\/lesjambiens.be\/wp-content\/uploads\/2024\/08\/Logo-tennis-de-table.jpg","width":960,"height":684},{"@type":"BreadcrumbList","@id":"https:\/\/lesjambiens.be\/index.php\/les-sections\/tennis-de-table\/#breadcrumb","itemListElement":[{"@type":"ListItem","position":1,"name":"Accueil","item":"https:\/\/lesjambiens.be\/"},{"@type":"ListItem","position":2,"name":"Nos sections","item":"https:\/\/lesjambiens.be\/index.php\/les-sections\/"},{"@type":"ListItem","position":3,"name":"Tennis de table"}]},{"@type":"WebSite","@id":"https:\/\/lesjambiens.be\/#website","url":"https:\/\/lesjambiens.be\/","name":"Les Jambiens","description":"Activit\u00e9s pour les a\u00een\u00e9s \u00e0 Namur","potentialAction":[{"@type":"SearchAction","target":{"@type":"EntryPoint","urlTemplate":"https:\/\/lesjambiens.be\/?s={search_term_string}"},"query-input":{"@type":"PropertyValueSpecification","valueRequired":true,"valueName":"search_term_string"}}],"inLanguage":"fr-FR"}]}},"_links":{"self":[{"href":"https:\/\/lesjambiens.be\/index.php\/wp-json\/wp\/v2\/pages\/38","targetHints":{"allow":["GET"]}}],"collection":[{"href":"https:\/\/lesjambiens.be\/index.php\/wp-json\/wp\/v2\/pages"}],"about":[{"href":"https:\/\/lesjambiens.be\/index.php\/wp-json\/wp\/v2\/types\/page"}],"author":[{"embeddable":true,"href":"https:\/\/lesjambiens.be\/index.php\/wp-json\/wp\/v2\/users\/4"}],"replies":[{"embeddable":true,"href":"https:\/\/lesjambiens.be\/index.php\/wp-json\/wp\/v2\/comments?post=38"}],"version-history":[{"count":19,"href":"https:\/\/lesjambiens.be\/index.php\/wp-json\/wp\/v2\/pages\/38\/revisions"}],"predecessor-version":[{"id":795,"href":"https:\/\/lesjambiens.be\/index.php\/wp-json\/wp\/v2\/pages\/38\/revisions\/795"}],"up":[{"embeddable":true,"href":"https:\/\/lesjambiens.be\/index.php\/wp-json\/wp\/v2\/pages\/20"}],"wp:attachment":[{"href":"https:\/\/lesjambiens.be\/index.php\/wp-json\/wp\/v2\/media?parent=38"}],"curies":[{"name":"wp","href":"https:\/\/api.w.org\/{rel}","templated":true}]}}