{"id":36,"date":"2024-03-12T11:13:56","date_gmt":"2024-03-12T10:13:56","guid":{"rendered":"https:\/\/lesjambiens.be\/?page_id=36"},"modified":"2026-03-22T21:28:25","modified_gmt":"2026-03-22T20:28:25","slug":"pyramide","status":"publish","type":"page","link":"https:\/\/lesjambiens.be\/index.php\/les-sections\/pyramide\/","title":{"rendered":"Pyramide"},"content":{"rendered":"<h4><strong><span style=\"text-decoration: underline;\">Responsables<\/span> :<\/strong><\/h4>\n<ul>\n<li><strong>Jean-Marie MOTTOUL<\/strong> &#8211; 0472 01.19.89 &#8211; <a href=\"mailto:mottouljeanmarie@hotmail.com\"><strong>mottouljeanmarie<\/strong><strong>@hotmail.com<\/strong><\/a><\/li>\n<li><strong>Jacqueline LEMAIRE<\/strong> &#8211; 0474 44.59.46 &#8211; <strong><a href=\"lmrjacqueline@gmail.com\" target=\"_blank\" rel=\"noopener\">lmrjacqueline@gmail.com<\/a><\/strong><\/li>\n<\/ul>\n<h4><strong><span style=\"text-decoration: underline;\">Horaire<\/span> :<\/strong><\/h4>\n<ul>\n<li>Le <span style=\"color: #000000;\"><strong>mercredi<\/strong><\/span><\/li>\n<li>De <strong>13h30<\/strong> \u00e0 <strong>17h00<\/strong> (2\u00e8me et 4\u00e8me mercredis du mois et<\/li>\n<li>De <strong>19h15<\/strong> \u00e0 <strong>22h00<\/strong> (1er et 3\u00e8me mercredis du mois)<\/li>\n<\/ul>\n<h4><strong><span style=\"text-decoration: underline;\">LIeu<\/span> :<\/strong><\/h4>\n<p><strong><span style=\"color: #000000;\">Salle Jean Materne<\/span><\/strong><br \/>\n<strong><span style=\"color: #000000;\">All\u00e9e du Parc Astrid, 30<\/span><\/strong><br \/>\n<strong><span style=\"color: #000000;\">\u00e0 5100 JAMBES<\/span><\/strong><\/p>\n<h4><strong><span style=\"text-decoration: underline;\">OBJECTIFS<\/span> :<\/strong><\/h4>\n<p>La section pyramide est n\u00e9e il y a trente ans \u00e0 la suite de la diffusion de ce jeu sur une chaine fran\u00e7aise,\u00a0 anim\u00e9 par Patrice LAFFONT.<\/p>\n<p>C&rsquo;est un <strong>jeu c\u00e9r\u00e9bral<\/strong> puisqu&rsquo;il consiste essentiellement \u00e0 faire deviner et \u00e0 <strong>deviner des mots<\/strong> par d&rsquo;autres mots.<br \/>\nCela peut \u00eatre un synonyme\u00a0 (fier &#8211; orgueilleux) ou le contraire (riche &#8211; pauvre) ; la suite logique d&rsquo;une s\u00e9rie\u00a0 (avril &#8211; mai) ou une association (L\u00e9man &#8211; lac), (\u0152dipe &#8211; complexe).<\/p>\n<p>La section vous est grande ouverte !<br \/>\nVenez enrichir votre vocabulaire et entretenir vos facult\u00e9s intellectuelles.<\/p>\n<h4><span style=\"text-decoration: underline;\"><strong>Philosophie<\/strong><\/span> :<\/h4>\n<p>Nous adh\u00e9rons \u00e0 la philosophie de la soci\u00e9t\u00e9 royale Asbl \u201cLes Jambiens\u201d<\/p>\n<h4><span style=\"color: #000000;\">\u00a0<\/span><\/h4>\n<p>&nbsp;<\/p>\n<div id=\"ConnectiveDocSignExtentionInstalled\" data-extension-version=\"1.0.4\"><\/div>\n","protected":false},"excerpt":{"rendered":"<p>Responsables : Jean-Marie MOTTOUL &#8211; 0472 01.19.89 &#8211; mottouljeanmarie@hotmail.com Jacqueline LEMAIRE &#8211; 0474 44.59.46 &#8211; lmrjacqueline@gmail.com Horaire : Le mercredi De 13h30 \u00e0 17h00 (2\u00e8me et 4\u00e8me mercredis du mois &hellip; <a href=\"https:\/\/lesjambiens.be\/index.php\/les-sections\/pyramide\/\" class=\"more-link\">Lire la suite <span class=\"screen-reader-text\">Pyramide<\/span><\/a><\/p>\n","protected":false},"author":4,"featured_media":0,"parent":20,"menu_order":0,"comment_status":"closed","ping_status":"closed","template":"","meta":{"footnotes":""},"class_list":["post-36","page","type-page","status-publish","hentry","without-featured-image"],"yoast_head":"<!-- This site is optimized with the Yoast SEO plugin v27.4 - https:\/\/yoast.com\/product\/yoast-seo-wordpress\/ -->\n<title>Pyramide - Les Jambiens<\/title>\n<meta name=\"robots\" content=\"index, follow, max-snippet:-1, max-image-preview:large, max-video-preview:-1\" \/>\n<link rel=\"canonical\" href=\"https:\/\/lesjambiens.be\/index.php\/les-sections\/pyramide\/\" \/>\n<meta property=\"og:locale\" content=\"fr_FR\" \/>\n<meta property=\"og:type\" content=\"article\" \/>\n<meta property=\"og:title\" content=\"Pyramide - Les Jambiens\" \/>\n<meta property=\"og:description\" content=\"Responsables : Jean-Marie MOTTOUL &#8211; 0472 01.19.89 &#8211; mottouljeanmarie@hotmail.com Jacqueline LEMAIRE &#8211; 0474 44.59.46 &#8211; lmrjacqueline@gmail.com Horaire : Le mercredi De 13h30 \u00e0 17h00 (2\u00e8me et 4\u00e8me mercredis du mois &hellip; Lire la suite Pyramide\" \/>\n<meta property=\"og:url\" content=\"https:\/\/lesjambiens.be\/index.php\/les-sections\/pyramide\/\" \/>\n<meta property=\"og:site_name\" content=\"Les Jambiens\" \/>\n<meta property=\"article:modified_time\" content=\"2026-03-22T20:28:25+00:00\" \/>\n<meta name=\"twitter:card\" content=\"summary_large_image\" \/>\n<meta name=\"twitter:label1\" content=\"Dur\u00e9e de lecture estim\u00e9e\" \/>\n\t<meta name=\"twitter:data1\" content=\"1 minute\" \/>\n<script type=\"application\/ld+json\" class=\"yoast-schema-graph\">{\"@context\":\"https:\\\/\\\/schema.org\",\"@graph\":[{\"@type\":\"WebPage\",\"@id\":\"https:\\\/\\\/lesjambiens.be\\\/index.php\\\/les-sections\\\/pyramide\\\/\",\"url\":\"https:\\\/\\\/lesjambiens.be\\\/index.php\\\/les-sections\\\/pyramide\\\/\",\"name\":\"Pyramide - Les Jambiens\",\"isPartOf\":{\"@id\":\"https:\\\/\\\/lesjambiens.be\\\/#website\"},\"datePublished\":\"2024-03-12T10:13:56+00:00\",\"dateModified\":\"2026-03-22T20:28:25+00:00\",\"breadcrumb\":{\"@id\":\"https:\\\/\\\/lesjambiens.be\\\/index.php\\\/les-sections\\\/pyramide\\\/#breadcrumb\"},\"inLanguage\":\"fr-FR\",\"potentialAction\":[{\"@type\":\"ReadAction\",\"target\":[\"https:\\\/\\\/lesjambiens.be\\\/index.php\\\/les-sections\\\/pyramide\\\/\"]}]},{\"@type\":\"BreadcrumbList\",\"@id\":\"https:\\\/\\\/lesjambiens.be\\\/index.php\\\/les-sections\\\/pyramide\\\/#breadcrumb\",\"itemListElement\":[{\"@type\":\"ListItem\",\"position\":1,\"name\":\"Accueil\",\"item\":\"https:\\\/\\\/lesjambiens.be\\\/\"},{\"@type\":\"ListItem\",\"position\":2,\"name\":\"Nos sections\",\"item\":\"https:\\\/\\\/lesjambiens.be\\\/index.php\\\/les-sections\\\/\"},{\"@type\":\"ListItem\",\"position\":3,\"name\":\"Pyramide\"}]},{\"@type\":\"WebSite\",\"@id\":\"https:\\\/\\\/lesjambiens.be\\\/#website\",\"url\":\"https:\\\/\\\/lesjambiens.be\\\/\",\"name\":\"Les Jambiens\",\"description\":\"Activit\u00e9s pour les a\u00een\u00e9s \u00e0 Namur\",\"potentialAction\":[{\"@type\":\"SearchAction\",\"target\":{\"@type\":\"EntryPoint\",\"urlTemplate\":\"https:\\\/\\\/lesjambiens.be\\\/?s={search_term_string}\"},\"query-input\":{\"@type\":\"PropertyValueSpecification\",\"valueRequired\":true,\"valueName\":\"search_term_string\"}}],\"inLanguage\":\"fr-FR\"}]}<\/script>\n<!-- \/ Yoast SEO plugin. -->","yoast_head_json":{"title":"Pyramide - Les Jambiens","robots":{"index":"index","follow":"follow","max-snippet":"max-snippet:-1","max-image-preview":"max-image-preview:large","max-video-preview":"max-video-preview:-1"},"canonical":"https:\/\/lesjambiens.be\/index.php\/les-sections\/pyramide\/","og_locale":"fr_FR","og_type":"article","og_title":"Pyramide - Les Jambiens","og_description":"Responsables : Jean-Marie MOTTOUL &#8211; 0472 01.19.89 &#8211; mottouljeanmarie@hotmail.com Jacqueline LEMAIRE &#8211; 0474 44.59.46 &#8211; lmrjacqueline@gmail.com Horaire : Le mercredi De 13h30 \u00e0 17h00 (2\u00e8me et 4\u00e8me mercredis du mois &hellip; Lire la suite Pyramide","og_url":"https:\/\/lesjambiens.be\/index.php\/les-sections\/pyramide\/","og_site_name":"Les Jambiens","article_modified_time":"2026-03-22T20:28:25+00:00","twitter_card":"summary_large_image","twitter_misc":{"Dur\u00e9e de lecture estim\u00e9e":"1 minute"},"schema":{"@context":"https:\/\/schema.org","@graph":[{"@type":"WebPage","@id":"https:\/\/lesjambiens.be\/index.php\/les-sections\/pyramide\/","url":"https:\/\/lesjambiens.be\/index.php\/les-sections\/pyramide\/","name":"Pyramide - Les Jambiens","isPartOf":{"@id":"https:\/\/lesjambiens.be\/#website"},"datePublished":"2024-03-12T10:13:56+00:00","dateModified":"2026-03-22T20:28:25+00:00","breadcrumb":{"@id":"https:\/\/lesjambiens.be\/index.php\/les-sections\/pyramide\/#breadcrumb"},"inLanguage":"fr-FR","potentialAction":[{"@type":"ReadAction","target":["https:\/\/lesjambiens.be\/index.php\/les-sections\/pyramide\/"]}]},{"@type":"BreadcrumbList","@id":"https:\/\/lesjambiens.be\/index.php\/les-sections\/pyramide\/#breadcrumb","itemListElement":[{"@type":"ListItem","position":1,"name":"Accueil","item":"https:\/\/lesjambiens.be\/"},{"@type":"ListItem","position":2,"name":"Nos sections","item":"https:\/\/lesjambiens.be\/index.php\/les-sections\/"},{"@type":"ListItem","position":3,"name":"Pyramide"}]},{"@type":"WebSite","@id":"https:\/\/lesjambiens.be\/#website","url":"https:\/\/lesjambiens.be\/","name":"Les Jambiens","description":"Activit\u00e9s pour les a\u00een\u00e9s \u00e0 Namur","potentialAction":[{"@type":"SearchAction","target":{"@type":"EntryPoint","urlTemplate":"https:\/\/lesjambiens.be\/?s={search_term_string}"},"query-input":{"@type":"PropertyValueSpecification","valueRequired":true,"valueName":"search_term_string"}}],"inLanguage":"fr-FR"}]}},"_links":{"self":[{"href":"https:\/\/lesjambiens.be\/index.php\/wp-json\/wp\/v2\/pages\/36","targetHints":{"allow":["GET"]}}],"collection":[{"href":"https:\/\/lesjambiens.be\/index.php\/wp-json\/wp\/v2\/pages"}],"about":[{"href":"https:\/\/lesjambiens.be\/index.php\/wp-json\/wp\/v2\/types\/page"}],"author":[{"embeddable":true,"href":"https:\/\/lesjambiens.be\/index.php\/wp-json\/wp\/v2\/users\/4"}],"replies":[{"embeddable":true,"href":"https:\/\/lesjambiens.be\/index.php\/wp-json\/wp\/v2\/comments?post=36"}],"version-history":[{"count":15,"href":"https:\/\/lesjambiens.be\/index.php\/wp-json\/wp\/v2\/pages\/36\/revisions"}],"predecessor-version":[{"id":1646,"href":"https:\/\/lesjambiens.be\/index.php\/wp-json\/wp\/v2\/pages\/36\/revisions\/1646"}],"up":[{"embeddable":true,"href":"https:\/\/lesjambiens.be\/index.php\/wp-json\/wp\/v2\/pages\/20"}],"wp:attachment":[{"href":"https:\/\/lesjambiens.be\/index.php\/wp-json\/wp\/v2\/media?parent=36"}],"curies":[{"name":"wp","href":"https:\/\/api.w.org\/{rel}","templated":true}]}}