{"id":34,"date":"2024-03-12T11:13:29","date_gmt":"2024-03-12T10:13:29","guid":{"rendered":"https:\/\/lesjambiens.be\/?page_id=34"},"modified":"2025-01-10T00:27:11","modified_gmt":"2025-01-09T23:27:11","slug":"scrabble","status":"publish","type":"page","link":"https:\/\/lesjambiens.be\/index.php\/les-sections\/scrabble\/","title":{"rendered":"Scrabble"},"content":{"rendered":"<h4><img loading=\"lazy\" decoding=\"async\" class=\"alignnone wp-image-968\" src=\"https:\/\/lesjambiens.be\/wp-content\/uploads\/2024\/11\/lettres-300x300.jpg\" alt=\"\" width=\"393\" height=\"393\" srcset=\"https:\/\/lesjambiens.be\/wp-content\/uploads\/2024\/11\/lettres-300x300.jpg 300w, https:\/\/lesjambiens.be\/wp-content\/uploads\/2024\/11\/lettres-150x150.jpg 150w, https:\/\/lesjambiens.be\/wp-content\/uploads\/2024\/11\/lettres-90x90.jpg 90w, https:\/\/lesjambiens.be\/wp-content\/uploads\/2024\/11\/lettres-45x45.jpg 45w, https:\/\/lesjambiens.be\/wp-content\/uploads\/2024\/11\/lettres.jpg 320w\" sizes=\"auto, (max-width: 393px) 100vw, 393px\" \/><\/h4>\n<h4><strong><span style=\"text-decoration: underline;\">Responsables<\/span> :<\/strong><\/h4>\n<ul>\n<li><strong>Monique MALENGREAU<\/strong> &#8211; 0478 91.25.67 &#8211;\u00a0<a href=\"mailto:monique.malengreau@gmail.com\"><strong>monique.malengreau@gmail.com<\/strong><\/a><\/li>\n<li><strong>Fabienne SCHMICKRATH <\/strong>&#8211; 0494 90.26.44 &#8211;\u00a0<a href=\"mailto:f.schmickrath1956@icloud.com\" target=\"_blank\" rel=\"noopener\"><strong>f.schmickrath1956@icloud.com<\/strong><\/a><\/li>\n<\/ul>\n<h4><strong><span style=\"text-decoration: underline;\">Horaire<\/span> :<\/strong><\/h4>\n<ul>\n<li>Le <strong>jeudi<\/strong><\/li>\n<li>De <strong>13h30 <\/strong>\u00e0 <strong>16h00<\/strong><\/li>\n<\/ul>\n<h4><strong><span style=\"text-decoration: underline;\">LIeu<\/span> :<\/strong><\/h4>\n<p><strong>Salle Jean Materne<br \/>\nAll\u00e9e du Parc Astrid, 30<br \/>\n\u00e0 5100 JAMBES<\/strong><\/p>\n<h4><strong><span style=\"text-decoration: underline;\">OBJECTIFS<\/span> :<\/strong><\/h4>\n<ul>\n<li><span style=\"color: #3366ff;\"><span style=\"color: #000000;\">Le scrabble est un jeu de lettres o\u00f9 le principe est de cumuler des points sur base d&rsquo;un tirage al\u00e9atoire de 7 lettres.<br \/>\n<\/span><\/span><\/li>\n<li><span style=\"color: #3366ff;\"><span style=\"color: #3366ff;\"><span style=\"color: #000000;\">Nous jouons tous avec les m\u00eames lettres.<\/span><\/span><\/span><\/li>\n<li><span style=\"color: #3366ff;\"><span style=\"color: #000000;\">Le meilleur score est annonc\u00e9 et plac\u00e9 sur la grille par <span style=\"text-decoration: underline;\"><strong>tous<\/strong> <\/span>les participants, et ainsi de suite jusqu&rsquo;\u00e0 la derni\u00e8re lettre<\/span>.<br \/>\n<\/span><\/li>\n<li>Ce sport c\u00e9r\u00e9bral permet aux participants d&rsquo;entretenir la m\u00e9moire et de mani\u00e8re g\u00e9n\u00e9rale les facult\u00e9s intellectuelles.<\/li>\n<li>Lorsqu&rsquo;on atteint les 1000 points, une petite douceur est offerte \u00e0 tous les participants.. \u00c7a motive nos membres !<\/li>\n<li>Si ce sport vous int\u00e9resse, rejoignez-nous dans la bonne humeur et la convivialit\u00e9.<\/li>\n<\/ul>\n<h4><strong><span style=\"text-decoration: underline;\">Philosophie<\/span> :<\/strong><\/h4>\n<p>Nous adh\u00e9rons \u00e0 la philosophie de la Soci\u00e9t\u00e9 Royale Asbl \u201cLes Jambiens\u201d<\/p>\n<h4><\/h4>\n<p>&nbsp;<\/p>\n<div id=\"ConnectiveDocSignExtentionInstalled\" data-extension-version=\"1.0.4\"><\/div>\n","protected":false},"excerpt":{"rendered":"<p>Responsables : Monique MALENGREAU &#8211; 0478 91.25.67 &#8211;\u00a0monique.malengreau@gmail.com Fabienne SCHMICKRATH &#8211; 0494 90.26.44 &#8211;\u00a0f.schmickrath1956@icloud.com Horaire : Le jeudi De 13h30 \u00e0 16h00 LIeu : Salle Jean Materne All\u00e9e du Parc &hellip; <a href=\"https:\/\/lesjambiens.be\/index.php\/les-sections\/scrabble\/\" class=\"more-link\">Lire la suite <span class=\"screen-reader-text\">Scrabble<\/span><\/a><\/p>\n","protected":false},"author":4,"featured_media":0,"parent":20,"menu_order":0,"comment_status":"closed","ping_status":"closed","template":"","meta":{"footnotes":""},"class_list":["post-34","page","type-page","status-publish","hentry","without-featured-image"],"yoast_head":"<!-- This site is optimized with the Yoast SEO plugin v27.4 - https:\/\/yoast.com\/product\/yoast-seo-wordpress\/ -->\n<title>Scrabble - Les Jambiens<\/title>\n<meta name=\"robots\" content=\"index, follow, max-snippet:-1, max-image-preview:large, max-video-preview:-1\" \/>\n<link rel=\"canonical\" href=\"https:\/\/lesjambiens.be\/index.php\/les-sections\/scrabble\/\" \/>\n<meta property=\"og:locale\" content=\"fr_FR\" \/>\n<meta property=\"og:type\" content=\"article\" \/>\n<meta property=\"og:title\" content=\"Scrabble - Les Jambiens\" \/>\n<meta property=\"og:description\" content=\"Responsables : Monique MALENGREAU &#8211; 0478 91.25.67 &#8211;\u00a0monique.malengreau@gmail.com Fabienne SCHMICKRATH &#8211; 0494 90.26.44 &#8211;\u00a0f.schmickrath1956@icloud.com Horaire : Le jeudi De 13h30 \u00e0 16h00 LIeu : Salle Jean Materne All\u00e9e du Parc &hellip; Lire la suite Scrabble\" \/>\n<meta property=\"og:url\" content=\"https:\/\/lesjambiens.be\/index.php\/les-sections\/scrabble\/\" \/>\n<meta property=\"og:site_name\" content=\"Les Jambiens\" \/>\n<meta property=\"article:modified_time\" content=\"2025-01-09T23:27:11+00:00\" \/>\n<meta property=\"og:image\" content=\"http:\/\/lesjambiens.be\/wp-content\/uploads\/2024\/11\/lettres-300x300.jpg\" \/>\n<meta name=\"twitter:card\" content=\"summary_large_image\" \/>\n<meta name=\"twitter:label1\" content=\"Dur\u00e9e de lecture estim\u00e9e\" \/>\n\t<meta name=\"twitter:data1\" content=\"1 minute\" \/>\n<script type=\"application\/ld+json\" class=\"yoast-schema-graph\">{\"@context\":\"https:\\\/\\\/schema.org\",\"@graph\":[{\"@type\":\"WebPage\",\"@id\":\"https:\\\/\\\/lesjambiens.be\\\/index.php\\\/les-sections\\\/scrabble\\\/\",\"url\":\"https:\\\/\\\/lesjambiens.be\\\/index.php\\\/les-sections\\\/scrabble\\\/\",\"name\":\"Scrabble - Les Jambiens\",\"isPartOf\":{\"@id\":\"https:\\\/\\\/lesjambiens.be\\\/#website\"},\"primaryImageOfPage\":{\"@id\":\"https:\\\/\\\/lesjambiens.be\\\/index.php\\\/les-sections\\\/scrabble\\\/#primaryimage\"},\"image\":{\"@id\":\"https:\\\/\\\/lesjambiens.be\\\/index.php\\\/les-sections\\\/scrabble\\\/#primaryimage\"},\"thumbnailUrl\":\"http:\\\/\\\/lesjambiens.be\\\/wp-content\\\/uploads\\\/2024\\\/11\\\/lettres-300x300.jpg\",\"datePublished\":\"2024-03-12T10:13:29+00:00\",\"dateModified\":\"2025-01-09T23:27:11+00:00\",\"breadcrumb\":{\"@id\":\"https:\\\/\\\/lesjambiens.be\\\/index.php\\\/les-sections\\\/scrabble\\\/#breadcrumb\"},\"inLanguage\":\"fr-FR\",\"potentialAction\":[{\"@type\":\"ReadAction\",\"target\":[\"https:\\\/\\\/lesjambiens.be\\\/index.php\\\/les-sections\\\/scrabble\\\/\"]}]},{\"@type\":\"ImageObject\",\"inLanguage\":\"fr-FR\",\"@id\":\"https:\\\/\\\/lesjambiens.be\\\/index.php\\\/les-sections\\\/scrabble\\\/#primaryimage\",\"url\":\"https:\\\/\\\/lesjambiens.be\\\/wp-content\\\/uploads\\\/2024\\\/11\\\/lettres.jpg\",\"contentUrl\":\"https:\\\/\\\/lesjambiens.be\\\/wp-content\\\/uploads\\\/2024\\\/11\\\/lettres.jpg\",\"width\":320,\"height\":319},{\"@type\":\"BreadcrumbList\",\"@id\":\"https:\\\/\\\/lesjambiens.be\\\/index.php\\\/les-sections\\\/scrabble\\\/#breadcrumb\",\"itemListElement\":[{\"@type\":\"ListItem\",\"position\":1,\"name\":\"Accueil\",\"item\":\"https:\\\/\\\/lesjambiens.be\\\/\"},{\"@type\":\"ListItem\",\"position\":2,\"name\":\"Nos sections\",\"item\":\"https:\\\/\\\/lesjambiens.be\\\/index.php\\\/les-sections\\\/\"},{\"@type\":\"ListItem\",\"position\":3,\"name\":\"Scrabble\"}]},{\"@type\":\"WebSite\",\"@id\":\"https:\\\/\\\/lesjambiens.be\\\/#website\",\"url\":\"https:\\\/\\\/lesjambiens.be\\\/\",\"name\":\"Les Jambiens\",\"description\":\"Activit\u00e9s pour les a\u00een\u00e9s \u00e0 Namur\",\"potentialAction\":[{\"@type\":\"SearchAction\",\"target\":{\"@type\":\"EntryPoint\",\"urlTemplate\":\"https:\\\/\\\/lesjambiens.be\\\/?s={search_term_string}\"},\"query-input\":{\"@type\":\"PropertyValueSpecification\",\"valueRequired\":true,\"valueName\":\"search_term_string\"}}],\"inLanguage\":\"fr-FR\"}]}<\/script>\n<!-- \/ Yoast SEO plugin. -->","yoast_head_json":{"title":"Scrabble - Les Jambiens","robots":{"index":"index","follow":"follow","max-snippet":"max-snippet:-1","max-image-preview":"max-image-preview:large","max-video-preview":"max-video-preview:-1"},"canonical":"https:\/\/lesjambiens.be\/index.php\/les-sections\/scrabble\/","og_locale":"fr_FR","og_type":"article","og_title":"Scrabble - Les Jambiens","og_description":"Responsables : Monique MALENGREAU &#8211; 0478 91.25.67 &#8211;\u00a0monique.malengreau@gmail.com Fabienne SCHMICKRATH &#8211; 0494 90.26.44 &#8211;\u00a0f.schmickrath1956@icloud.com Horaire : Le jeudi De 13h30 \u00e0 16h00 LIeu : Salle Jean Materne All\u00e9e du Parc &hellip; Lire la suite Scrabble","og_url":"https:\/\/lesjambiens.be\/index.php\/les-sections\/scrabble\/","og_site_name":"Les Jambiens","article_modified_time":"2025-01-09T23:27:11+00:00","og_image":[{"url":"http:\/\/lesjambiens.be\/wp-content\/uploads\/2024\/11\/lettres-300x300.jpg","type":"","width":"","height":""}],"twitter_card":"summary_large_image","twitter_misc":{"Dur\u00e9e de lecture estim\u00e9e":"1 minute"},"schema":{"@context":"https:\/\/schema.org","@graph":[{"@type":"WebPage","@id":"https:\/\/lesjambiens.be\/index.php\/les-sections\/scrabble\/","url":"https:\/\/lesjambiens.be\/index.php\/les-sections\/scrabble\/","name":"Scrabble - Les Jambiens","isPartOf":{"@id":"https:\/\/lesjambiens.be\/#website"},"primaryImageOfPage":{"@id":"https:\/\/lesjambiens.be\/index.php\/les-sections\/scrabble\/#primaryimage"},"image":{"@id":"https:\/\/lesjambiens.be\/index.php\/les-sections\/scrabble\/#primaryimage"},"thumbnailUrl":"http:\/\/lesjambiens.be\/wp-content\/uploads\/2024\/11\/lettres-300x300.jpg","datePublished":"2024-03-12T10:13:29+00:00","dateModified":"2025-01-09T23:27:11+00:00","breadcrumb":{"@id":"https:\/\/lesjambiens.be\/index.php\/les-sections\/scrabble\/#breadcrumb"},"inLanguage":"fr-FR","potentialAction":[{"@type":"ReadAction","target":["https:\/\/lesjambiens.be\/index.php\/les-sections\/scrabble\/"]}]},{"@type":"ImageObject","inLanguage":"fr-FR","@id":"https:\/\/lesjambiens.be\/index.php\/les-sections\/scrabble\/#primaryimage","url":"https:\/\/lesjambiens.be\/wp-content\/uploads\/2024\/11\/lettres.jpg","contentUrl":"https:\/\/lesjambiens.be\/wp-content\/uploads\/2024\/11\/lettres.jpg","width":320,"height":319},{"@type":"BreadcrumbList","@id":"https:\/\/lesjambiens.be\/index.php\/les-sections\/scrabble\/#breadcrumb","itemListElement":[{"@type":"ListItem","position":1,"name":"Accueil","item":"https:\/\/lesjambiens.be\/"},{"@type":"ListItem","position":2,"name":"Nos sections","item":"https:\/\/lesjambiens.be\/index.php\/les-sections\/"},{"@type":"ListItem","position":3,"name":"Scrabble"}]},{"@type":"WebSite","@id":"https:\/\/lesjambiens.be\/#website","url":"https:\/\/lesjambiens.be\/","name":"Les Jambiens","description":"Activit\u00e9s pour les a\u00een\u00e9s \u00e0 Namur","potentialAction":[{"@type":"SearchAction","target":{"@type":"EntryPoint","urlTemplate":"https:\/\/lesjambiens.be\/?s={search_term_string}"},"query-input":{"@type":"PropertyValueSpecification","valueRequired":true,"valueName":"search_term_string"}}],"inLanguage":"fr-FR"}]}},"_links":{"self":[{"href":"https:\/\/lesjambiens.be\/index.php\/wp-json\/wp\/v2\/pages\/34","targetHints":{"allow":["GET"]}}],"collection":[{"href":"https:\/\/lesjambiens.be\/index.php\/wp-json\/wp\/v2\/pages"}],"about":[{"href":"https:\/\/lesjambiens.be\/index.php\/wp-json\/wp\/v2\/types\/page"}],"author":[{"embeddable":true,"href":"https:\/\/lesjambiens.be\/index.php\/wp-json\/wp\/v2\/users\/4"}],"replies":[{"embeddable":true,"href":"https:\/\/lesjambiens.be\/index.php\/wp-json\/wp\/v2\/comments?post=34"}],"version-history":[{"count":16,"href":"https:\/\/lesjambiens.be\/index.php\/wp-json\/wp\/v2\/pages\/34\/revisions"}],"predecessor-version":[{"id":1222,"href":"https:\/\/lesjambiens.be\/index.php\/wp-json\/wp\/v2\/pages\/34\/revisions\/1222"}],"up":[{"embeddable":true,"href":"https:\/\/lesjambiens.be\/index.php\/wp-json\/wp\/v2\/pages\/20"}],"wp:attachment":[{"href":"https:\/\/lesjambiens.be\/index.php\/wp-json\/wp\/v2\/media?parent=34"}],"curies":[{"name":"wp","href":"https:\/\/api.w.org\/{rel}","templated":true}]}}