{"id":30,"date":"2024-03-12T11:12:43","date_gmt":"2024-03-12T10:12:43","guid":{"rendered":"https:\/\/lesjambiens.be\/?page_id=30"},"modified":"2026-03-22T21:31:04","modified_gmt":"2026-03-22T20:31:04","slug":"jeux-de-cartes","status":"publish","type":"page","link":"https:\/\/lesjambiens.be\/index.php\/les-sections\/jeux-de-cartes\/","title":{"rendered":"Jeux de cartes"},"content":{"rendered":"<div class=\"mceTemp\">\n<p><img loading=\"lazy\" decoding=\"async\" class=\" wp-image-962\" src=\"https:\/\/lesjambiens.be\/wp-content\/uploads\/2024\/11\/4-300x219.jpg\" alt=\"\" width=\"445\" height=\"325\" srcset=\"https:\/\/lesjambiens.be\/wp-content\/uploads\/2024\/11\/4-300x219.jpg 300w, https:\/\/lesjambiens.be\/wp-content\/uploads\/2024\/11\/4-1024x746.jpg 1024w, https:\/\/lesjambiens.be\/wp-content\/uploads\/2024\/11\/4-768x559.jpg 768w, https:\/\/lesjambiens.be\/wp-content\/uploads\/2024\/11\/4-522x380.jpg 522w, https:\/\/lesjambiens.be\/wp-content\/uploads\/2024\/11\/4.jpg 1200w\" sizes=\"auto, (max-width: 445px) 100vw, 445px\" \/><\/p>\n<\/div>\n<h4><strong><span style=\"text-decoration: underline;\">Responsables<\/span> :<\/strong><\/h4>\n<ul>\n<li><strong>Patrick<\/strong> &#8211; 0475 20.06.42 &#8211;<a href=\"mailto:patdes270857@hotmail.com\"> <strong>patdes270857@hotmail.com<\/strong><\/a><\/li>\n<li><\/li>\n<\/ul>\n<h4><strong><span style=\"text-decoration: underline;\">Horaire<\/span> :<\/strong><\/h4>\n<ul>\n<li>Le <strong>mard<\/strong>i<br \/>\nde <strong>13h15 \u00e0 17h15<\/strong><\/li>\n<li>Le <strong>mercredi <\/strong>(1er et 3\u00e8me mercredi du mois)<br \/>\nde <strong>13h15 \u00e0 17h15<\/strong><\/li>\n<li>Le<strong> jeudi<br \/>\n<\/strong>de<strong> 13h00 \u00e0 17h00<\/strong><\/li>\n<\/ul>\n<h4><strong><span style=\"text-decoration: underline;\">LIeu<\/span> :<\/strong><\/h4>\n<p><strong>Salle Jean Materne<br \/>\nAll\u00e9e du Parc Astrid, 30<br \/>\n\u00e0 5100 JAMBES<\/strong><\/p>\n<h4><strong><span style=\"text-decoration: underline;\">OBJECTIFS<\/span> :<\/strong><\/h4>\n<p>Dans notre section, nous jouons uniquement au <span style=\"text-decoration: underline;\"><strong>Whist<\/strong><\/span>.<br \/>\nLe jeu en lui-m\u00eame permet aux personnes plus \u00e2g\u00e9es\u00a0 de garder la m\u00e9moire mais aussi d&rsquo;avoir un lien social et convivial.<br \/>\nNous <span style=\"text-decoration: underline;\">acceptons<\/span> m\u00eame des personnes qui <span style=\"text-decoration: underline;\">ne savent pas jouer au whist.<\/span><br \/>\nC&rsquo;est une occasion de permettre une ouverture \u00e0 un plus large public d\u00e9butant ou confirm\u00e9.<br \/>\nNous sommes ouverts \u00e0 tous et \u00e0 toutes.<\/p>\n<h4><span style=\"text-decoration: underline;\"><strong>Philosophie<\/strong><\/span> :<\/h4>\n<p>Nous adh\u00e9rons \u00e0 la philosophie de la Soci\u00e9t\u00e9 Royale Asbl \u201cLes Jambiens\u201d<\/p>\n<div style=\"width: 620px;\" class=\"wp-video\"><video class=\"wp-video-shortcode\" id=\"video-30-1\" width=\"620\" height=\"349\" preload=\"metadata\" controls=\"controls\"><source type=\"video\/mp4\" src=\"https:\/\/lesjambiens.be\/wp-content\/uploads\/2024\/09\/Diaporama-Cartes.mp4?_=1\" \/><a href=\"https:\/\/lesjambiens.be\/wp-content\/uploads\/2024\/09\/Diaporama-Cartes.mp4\">https:\/\/lesjambiens.be\/wp-content\/uploads\/2024\/09\/Diaporama-Cartes.mp4<\/a><\/video><\/div>\n<p>&nbsp;<\/p>\n<div id=\"ConnectiveDocSignExtentionInstalled\" data-extension-version=\"1.0.4\"><\/div>\n","protected":false},"excerpt":{"rendered":"<p>Responsables : Patrick &#8211; 0475 20.06.42 &#8211; patdes270857@hotmail.com Horaire : Le mardi de 13h15 \u00e0 17h15 Le mercredi (1er et 3\u00e8me mercredi du mois) de 13h15 \u00e0 17h15 Le jeudi &hellip; <a href=\"https:\/\/lesjambiens.be\/index.php\/les-sections\/jeux-de-cartes\/\" class=\"more-link\">Lire la suite <span class=\"screen-reader-text\">Jeux de cartes<\/span><\/a><\/p>\n","protected":false},"author":4,"featured_media":0,"parent":20,"menu_order":0,"comment_status":"closed","ping_status":"closed","template":"","meta":{"footnotes":""},"class_list":["post-30","page","type-page","status-publish","hentry","without-featured-image"],"yoast_head":"<!-- This site is optimized with the Yoast SEO plugin v27.3 - https:\/\/yoast.com\/product\/yoast-seo-wordpress\/ -->\n<title>Jeux de cartes - Les Jambiens<\/title>\n<meta name=\"robots\" content=\"index, follow, max-snippet:-1, max-image-preview:large, max-video-preview:-1\" \/>\n<link rel=\"canonical\" href=\"https:\/\/lesjambiens.be\/index.php\/les-sections\/jeux-de-cartes\/\" \/>\n<meta property=\"og:locale\" content=\"fr_FR\" \/>\n<meta property=\"og:type\" content=\"article\" \/>\n<meta property=\"og:title\" content=\"Jeux de cartes - Les Jambiens\" \/>\n<meta property=\"og:description\" content=\"Responsables : Patrick &#8211; 0475 20.06.42 &#8211; patdes270857@hotmail.com Horaire : Le mardi de 13h15 \u00e0 17h15 Le mercredi (1er et 3\u00e8me mercredi du mois) de 13h15 \u00e0 17h15 Le jeudi &hellip; Lire la suite Jeux de cartes\" \/>\n<meta property=\"og:url\" content=\"https:\/\/lesjambiens.be\/index.php\/les-sections\/jeux-de-cartes\/\" \/>\n<meta property=\"og:site_name\" content=\"Les Jambiens\" \/>\n<meta property=\"article:modified_time\" content=\"2026-03-22T20:31:04+00:00\" \/>\n<meta property=\"og:image\" content=\"http:\/\/lesjambiens.be\/wp-content\/uploads\/2024\/11\/4-300x219.jpg\" \/>\n<meta name=\"twitter:card\" content=\"summary_large_image\" \/>\n<meta name=\"twitter:label1\" content=\"Dur\u00e9e de lecture estim\u00e9e\" \/>\n\t<meta name=\"twitter:data1\" content=\"1 minute\" \/>\n<script type=\"application\/ld+json\" class=\"yoast-schema-graph\">{\"@context\":\"https:\\\/\\\/schema.org\",\"@graph\":[{\"@type\":\"WebPage\",\"@id\":\"https:\\\/\\\/lesjambiens.be\\\/index.php\\\/les-sections\\\/jeux-de-cartes\\\/\",\"url\":\"https:\\\/\\\/lesjambiens.be\\\/index.php\\\/les-sections\\\/jeux-de-cartes\\\/\",\"name\":\"Jeux de cartes - Les Jambiens\",\"isPartOf\":{\"@id\":\"https:\\\/\\\/lesjambiens.be\\\/#website\"},\"primaryImageOfPage\":{\"@id\":\"https:\\\/\\\/lesjambiens.be\\\/index.php\\\/les-sections\\\/jeux-de-cartes\\\/#primaryimage\"},\"image\":{\"@id\":\"https:\\\/\\\/lesjambiens.be\\\/index.php\\\/les-sections\\\/jeux-de-cartes\\\/#primaryimage\"},\"thumbnailUrl\":\"http:\\\/\\\/lesjambiens.be\\\/wp-content\\\/uploads\\\/2024\\\/11\\\/4-300x219.jpg\",\"datePublished\":\"2024-03-12T10:12:43+00:00\",\"dateModified\":\"2026-03-22T20:31:04+00:00\",\"breadcrumb\":{\"@id\":\"https:\\\/\\\/lesjambiens.be\\\/index.php\\\/les-sections\\\/jeux-de-cartes\\\/#breadcrumb\"},\"inLanguage\":\"fr-FR\",\"potentialAction\":[{\"@type\":\"ReadAction\",\"target\":[\"https:\\\/\\\/lesjambiens.be\\\/index.php\\\/les-sections\\\/jeux-de-cartes\\\/\"]}]},{\"@type\":\"ImageObject\",\"inLanguage\":\"fr-FR\",\"@id\":\"https:\\\/\\\/lesjambiens.be\\\/index.php\\\/les-sections\\\/jeux-de-cartes\\\/#primaryimage\",\"url\":\"http:\\\/\\\/lesjambiens.be\\\/wp-content\\\/uploads\\\/2024\\\/11\\\/4-300x219.jpg\",\"contentUrl\":\"http:\\\/\\\/lesjambiens.be\\\/wp-content\\\/uploads\\\/2024\\\/11\\\/4-300x219.jpg\"},{\"@type\":\"BreadcrumbList\",\"@id\":\"https:\\\/\\\/lesjambiens.be\\\/index.php\\\/les-sections\\\/jeux-de-cartes\\\/#breadcrumb\",\"itemListElement\":[{\"@type\":\"ListItem\",\"position\":1,\"name\":\"Accueil\",\"item\":\"https:\\\/\\\/lesjambiens.be\\\/\"},{\"@type\":\"ListItem\",\"position\":2,\"name\":\"Nos sections\",\"item\":\"https:\\\/\\\/lesjambiens.be\\\/index.php\\\/les-sections\\\/\"},{\"@type\":\"ListItem\",\"position\":3,\"name\":\"Jeux de cartes\"}]},{\"@type\":\"WebSite\",\"@id\":\"https:\\\/\\\/lesjambiens.be\\\/#website\",\"url\":\"https:\\\/\\\/lesjambiens.be\\\/\",\"name\":\"Les Jambiens\",\"description\":\"Activit\u00e9s pour les a\u00een\u00e9s \u00e0 Namur\",\"potentialAction\":[{\"@type\":\"SearchAction\",\"target\":{\"@type\":\"EntryPoint\",\"urlTemplate\":\"https:\\\/\\\/lesjambiens.be\\\/?s={search_term_string}\"},\"query-input\":{\"@type\":\"PropertyValueSpecification\",\"valueRequired\":true,\"valueName\":\"search_term_string\"}}],\"inLanguage\":\"fr-FR\"}]}<\/script>\n<!-- \/ Yoast SEO plugin. -->","yoast_head_json":{"title":"Jeux de cartes - Les Jambiens","robots":{"index":"index","follow":"follow","max-snippet":"max-snippet:-1","max-image-preview":"max-image-preview:large","max-video-preview":"max-video-preview:-1"},"canonical":"https:\/\/lesjambiens.be\/index.php\/les-sections\/jeux-de-cartes\/","og_locale":"fr_FR","og_type":"article","og_title":"Jeux de cartes - Les Jambiens","og_description":"Responsables : Patrick &#8211; 0475 20.06.42 &#8211; patdes270857@hotmail.com Horaire : Le mardi de 13h15 \u00e0 17h15 Le mercredi (1er et 3\u00e8me mercredi du mois) de 13h15 \u00e0 17h15 Le jeudi &hellip; Lire la suite Jeux de cartes","og_url":"https:\/\/lesjambiens.be\/index.php\/les-sections\/jeux-de-cartes\/","og_site_name":"Les Jambiens","article_modified_time":"2026-03-22T20:31:04+00:00","og_image":[{"url":"http:\/\/lesjambiens.be\/wp-content\/uploads\/2024\/11\/4-300x219.jpg","type":"","width":"","height":""}],"twitter_card":"summary_large_image","twitter_misc":{"Dur\u00e9e de lecture estim\u00e9e":"1 minute"},"schema":{"@context":"https:\/\/schema.org","@graph":[{"@type":"WebPage","@id":"https:\/\/lesjambiens.be\/index.php\/les-sections\/jeux-de-cartes\/","url":"https:\/\/lesjambiens.be\/index.php\/les-sections\/jeux-de-cartes\/","name":"Jeux de cartes - Les Jambiens","isPartOf":{"@id":"https:\/\/lesjambiens.be\/#website"},"primaryImageOfPage":{"@id":"https:\/\/lesjambiens.be\/index.php\/les-sections\/jeux-de-cartes\/#primaryimage"},"image":{"@id":"https:\/\/lesjambiens.be\/index.php\/les-sections\/jeux-de-cartes\/#primaryimage"},"thumbnailUrl":"http:\/\/lesjambiens.be\/wp-content\/uploads\/2024\/11\/4-300x219.jpg","datePublished":"2024-03-12T10:12:43+00:00","dateModified":"2026-03-22T20:31:04+00:00","breadcrumb":{"@id":"https:\/\/lesjambiens.be\/index.php\/les-sections\/jeux-de-cartes\/#breadcrumb"},"inLanguage":"fr-FR","potentialAction":[{"@type":"ReadAction","target":["https:\/\/lesjambiens.be\/index.php\/les-sections\/jeux-de-cartes\/"]}]},{"@type":"ImageObject","inLanguage":"fr-FR","@id":"https:\/\/lesjambiens.be\/index.php\/les-sections\/jeux-de-cartes\/#primaryimage","url":"http:\/\/lesjambiens.be\/wp-content\/uploads\/2024\/11\/4-300x219.jpg","contentUrl":"http:\/\/lesjambiens.be\/wp-content\/uploads\/2024\/11\/4-300x219.jpg"},{"@type":"BreadcrumbList","@id":"https:\/\/lesjambiens.be\/index.php\/les-sections\/jeux-de-cartes\/#breadcrumb","itemListElement":[{"@type":"ListItem","position":1,"name":"Accueil","item":"https:\/\/lesjambiens.be\/"},{"@type":"ListItem","position":2,"name":"Nos sections","item":"https:\/\/lesjambiens.be\/index.php\/les-sections\/"},{"@type":"ListItem","position":3,"name":"Jeux de cartes"}]},{"@type":"WebSite","@id":"https:\/\/lesjambiens.be\/#website","url":"https:\/\/lesjambiens.be\/","name":"Les Jambiens","description":"Activit\u00e9s pour les a\u00een\u00e9s \u00e0 Namur","potentialAction":[{"@type":"SearchAction","target":{"@type":"EntryPoint","urlTemplate":"https:\/\/lesjambiens.be\/?s={search_term_string}"},"query-input":{"@type":"PropertyValueSpecification","valueRequired":true,"valueName":"search_term_string"}}],"inLanguage":"fr-FR"}]}},"_links":{"self":[{"href":"https:\/\/lesjambiens.be\/index.php\/wp-json\/wp\/v2\/pages\/30","targetHints":{"allow":["GET"]}}],"collection":[{"href":"https:\/\/lesjambiens.be\/index.php\/wp-json\/wp\/v2\/pages"}],"about":[{"href":"https:\/\/lesjambiens.be\/index.php\/wp-json\/wp\/v2\/types\/page"}],"author":[{"embeddable":true,"href":"https:\/\/lesjambiens.be\/index.php\/wp-json\/wp\/v2\/users\/4"}],"replies":[{"embeddable":true,"href":"https:\/\/lesjambiens.be\/index.php\/wp-json\/wp\/v2\/comments?post=30"}],"version-history":[{"count":25,"href":"https:\/\/lesjambiens.be\/index.php\/wp-json\/wp\/v2\/pages\/30\/revisions"}],"predecessor-version":[{"id":1647,"href":"https:\/\/lesjambiens.be\/index.php\/wp-json\/wp\/v2\/pages\/30\/revisions\/1647"}],"up":[{"embeddable":true,"href":"https:\/\/lesjambiens.be\/index.php\/wp-json\/wp\/v2\/pages\/20"}],"wp:attachment":[{"href":"https:\/\/lesjambiens.be\/index.php\/wp-json\/wp\/v2\/media?parent=30"}],"curies":[{"name":"wp","href":"https:\/\/api.w.org\/{rel}","templated":true}]}}