{"id":28,"date":"2024-03-12T11:12:22","date_gmt":"2024-03-12T10:12:22","guid":{"rendered":"https:\/\/lesjambiens.be\/?page_id=28"},"modified":"2025-11-03T01:54:47","modified_gmt":"2025-11-03T00:54:47","slug":"a-points-comptes","status":"publish","type":"page","link":"https:\/\/lesjambiens.be\/index.php\/les-sections\/a-points-comptes\/","title":{"rendered":"A points compt\u00e9s"},"content":{"rendered":"<h4><img loading=\"lazy\" decoding=\"async\" class=\"alignnone wp-image-974\" src=\"https:\/\/lesjambiens.be\/wp-content\/uploads\/2024\/11\/images.jpeg\" alt=\"\" width=\"346\" height=\"350\" srcset=\"https:\/\/lesjambiens.be\/wp-content\/uploads\/2024\/11\/images.jpeg 223w, https:\/\/lesjambiens.be\/wp-content\/uploads\/2024\/11\/images-90x90.jpeg 90w, https:\/\/lesjambiens.be\/wp-content\/uploads\/2024\/11\/images-45x45.jpeg 45w\" sizes=\"auto, (max-width: 346px) 100vw, 346px\" \/><\/h4>\n<h4><strong><span style=\"color: #3366ff;\"><span style=\"text-decoration: underline;\"><br \/>\n<\/span><\/span><span style=\"text-decoration: underline;\">Responsables<\/span> :<\/strong><\/h4>\n<ul>\n<li><strong>Bernadette PARIS<\/strong> &#8211; 0495 57 29 45 &#8211; <strong><a href=\"mailto:bparis19@hotmail.com\">bparis19@hotmail.com<\/a><\/strong><\/li>\n<li><strong>Annick FLAMAND<\/strong> &#8211; 0498 07 52 15 &#8211; \u00a0<strong><a href=\"mailto:ninick.flam@hotmail.com\">ninick.flam@hotmail.com<\/a><\/strong><\/li>\n<\/ul>\n<h4><strong><span style=\"text-decoration: underline;\">Horaire<\/span> :<\/strong><\/h4>\n<ul>\n<li>Le<strong> lundi<\/strong><\/li>\n<li>De <strong>19h30 <\/strong>\u00e0<strong> 22h00<\/strong><\/li>\n<\/ul>\n<h4><strong><span style=\"text-decoration: underline;\">Lieu<\/span> :<\/strong><\/h4>\n<p><strong><span style=\"color: #1a84ed;\"><span style=\"color: #000000;\">Salle Jean Materne<\/span><br \/>\n<span style=\"color: #000000;\">All\u00e9e du Parc Astrid, 30<\/span><br \/>\n<span style=\"color: #000000;\">\u00e0 5100 JAMBES<\/span><br \/>\n<\/span><\/strong><\/p>\n<h4><span style=\"text-decoration: underline;\"><strong>ObjectifS<\/strong><\/span> :<\/h4>\n<p><span style=\"text-decoration: underline;\">Notre section \u00ab Jambes \u00e0 Points compt\u00e9s \u00bb est ouverte<\/span> \u00e0 toute personne qui souhaite partager un loisir commun autour de la <strong>broderie aux points de croix<\/strong> (points compt\u00e9s).<\/p>\n<p><span style=\"text-decoration: underline;\">Cet objectif n\u2019est pas exhaustif<\/span> ; des ateliers sont \u00e9galement organis\u00e9s afin d\u2019apprendre et de travailler d\u2019autres points de broderie ou d\u2019autres techniques autour du fil, selon les demandes des participantes.<\/p>\n<p><span style=\"text-decoration: underline;\">Les r\u00e9unions se d\u00e9roulent<\/span> sous forme d\u2019ateliers o\u00f9 chacune r\u00e9alise son projet personnel.<\/p>\n<p><span style=\"text-decoration: underline;\">Les activit\u00e9s de notre club<\/span> sont nombreuses ; \u00e0 titre d\u2019exemples :<\/p>\n<ul>\n<li><strong>voyage<\/strong> en Belgique ou \u00e0 l\u2019\u00e9tranger avec visite d\u2019expositions ou de salons.<\/li>\n<li>organisation de l\u2019<strong>expo<\/strong> du club tous les trois ans.<br \/>\n(Notre derni\u00e8re a eu lieu les 17 et 18 mai 2025 \u00e0 la salle \u00ab\u00a0Clos de Velaine\u00a0\u00bb &#8211; Rue Victor Nonet, 4 \u00e0 Jambes\u00a0 sur le th\u00e8me des \u00ab\u00a0Gourmandises\u00a0\u00bb)<\/li>\n<li>organisation de l\u2019\u00e9v\u00e8nement brocante \u00ab <strong>Fil en folie<\/strong> \u00bb chaque ann\u00e9e en octobre.<\/li>\n<li><strong>rencontre<\/strong> avec d\u2019autres brodeuses de Wallonie.<\/li>\n<li>confection d\u2019<strong>ouvrages communs<\/strong> dans un but pr\u00e9cis (anniversaires, expos\u2026).<\/li>\n<li><strong>souper<\/strong> annuel dans un restaurant.<\/li>\n<li>tirage au sort et \u00e9change de <strong>cadeaux<\/strong> en fin d\u2019ann\u00e9e.<\/li>\n<li><strong>r\u00e9unions festives<\/strong> (Saint Nicolas, Chandeleur &#8230;)<\/li>\n<li><strong>ateliers<\/strong> divers \u2026<\/li>\n<\/ul>\n<p><span style=\"color: #008000;\"><strong>Toute personne int\u00e9ress\u00e9e par les objectifs de notre section peut participer de mani\u00e8re libre \u00e0 2 r\u00e9unions avant de prendre la d\u00e9cision de s\u2019inscrire comme membre.<\/strong><\/span><\/p>\n<p><strong><span style=\"color: #ff0000;\">Pour plus d&rsquo;informations<\/span><\/strong>, vous pouvez cliquer sur le lien ci-dessous afin de<span style=\"text-decoration: underline;\"> visiter notre site internet<\/span><strong> : <a href=\"https:\/\/jpcbroderie.wordpress.com\/\" target=\"_blank\" rel=\"noopener\"><span style=\"color: #000080;\">https:\/\/jpcbroderie.wordpress.com\/<\/span><\/a><\/strong><\/p>\n<p>et pour les <strong>passionn\u00e9es de broderie<\/strong> : rejoignez notre groupe Facebook :<strong> Nos folies aux points de croix<\/strong><\/p>\n<h4><strong><span style=\"text-decoration: underline;\">Philosophie<\/span> :<\/strong><\/h4>\n<p>La philosophie de notre section est r\u00e9solument tourn\u00e9e vers <strong><span style=\"text-decoration: underline;\">l\u2019entraide et la solidarit\u00e9<\/span><\/strong> entre toutes les brodeuses, lors de rencontres qui se veulent <span style=\"text-decoration: underline;\"><strong>chaleureuses et conviviales<\/strong><\/span>.<br \/>\nNous adh\u00e9rons \u00e0 la philosophie de la Soci\u00e9t\u00e9 Royale Asbl \u201cLes Jambiens\u201d<\/p>\n<p><span style=\"color: #000000;\"><strong><span style=\"text-decoration: underline;\">Notre dernier voyage \u00e0 K\u00fctzenhausen :<\/span><\/strong><\/span><em><strong><br \/>\n<\/strong><\/em><\/p>\n<div style=\"width: 620px;\" class=\"wp-video\"><video class=\"wp-video-shortcode\" id=\"video-28-1\" width=\"620\" height=\"349\" preload=\"metadata\" controls=\"controls\"><source type=\"video\/mp4\" src=\"https:\/\/lesjambiens.be\/wp-content\/uploads\/2024\/08\/Diaporama-Jambes-a-points-comptes.mp4?_=1\" \/><a href=\"https:\/\/lesjambiens.be\/wp-content\/uploads\/2024\/08\/Diaporama-Jambes-a-points-comptes.mp4\">https:\/\/lesjambiens.be\/wp-content\/uploads\/2024\/08\/Diaporama-Jambes-a-points-comptes.mp4<\/a><\/video><\/div>\n<p><em><strong>\u00a0<\/strong><\/em><\/p>\n<p>&nbsp;<\/p>\n<div id=\"ConnectiveDocSignExtentionInstalled\" data-extension-version=\"1.0.4\"><\/div>\n","protected":false},"excerpt":{"rendered":"<p>Responsables : Bernadette PARIS &#8211; 0495 57 29 45 &#8211; bparis19@hotmail.com Annick FLAMAND &#8211; 0498 07 52 15 &#8211; \u00a0ninick.flam@hotmail.com Horaire : Le lundi De 19h30 \u00e0 22h00 Lieu : &hellip; <a href=\"https:\/\/lesjambiens.be\/index.php\/les-sections\/a-points-comptes\/\" class=\"more-link\">Lire la suite <span class=\"screen-reader-text\">A points compt\u00e9s<\/span><\/a><\/p>\n","protected":false},"author":4,"featured_media":0,"parent":20,"menu_order":0,"comment_status":"closed","ping_status":"closed","template":"","meta":{"footnotes":""},"class_list":["post-28","page","type-page","status-publish","hentry","without-featured-image"],"yoast_head":"<!-- This site is optimized with the Yoast SEO plugin v27.4 - https:\/\/yoast.com\/product\/yoast-seo-wordpress\/ -->\n<title>A points compt\u00e9s - Les Jambiens<\/title>\n<meta name=\"robots\" content=\"index, follow, max-snippet:-1, max-image-preview:large, max-video-preview:-1\" \/>\n<link rel=\"canonical\" href=\"https:\/\/lesjambiens.be\/index.php\/les-sections\/a-points-comptes\/\" \/>\n<meta property=\"og:locale\" content=\"fr_FR\" \/>\n<meta property=\"og:type\" content=\"article\" \/>\n<meta property=\"og:title\" content=\"A points compt\u00e9s - Les Jambiens\" \/>\n<meta property=\"og:description\" content=\"Responsables : Bernadette PARIS &#8211; 0495 57 29 45 &#8211; bparis19@hotmail.com Annick FLAMAND &#8211; 0498 07 52 15 &#8211; \u00a0ninick.flam@hotmail.com Horaire : Le lundi De 19h30 \u00e0 22h00 Lieu : &hellip; Lire la suite A points compt\u00e9s\" \/>\n<meta property=\"og:url\" content=\"https:\/\/lesjambiens.be\/index.php\/les-sections\/a-points-comptes\/\" \/>\n<meta property=\"og:site_name\" content=\"Les Jambiens\" \/>\n<meta property=\"article:modified_time\" content=\"2025-11-03T00:54:47+00:00\" \/>\n<meta property=\"og:image\" content=\"http:\/\/lesjambiens.be\/wp-content\/uploads\/2024\/11\/images.jpeg\" \/>\n<meta name=\"twitter:card\" content=\"summary_large_image\" \/>\n<meta name=\"twitter:label1\" content=\"Dur\u00e9e de lecture estim\u00e9e\" \/>\n\t<meta name=\"twitter:data1\" content=\"2 minutes\" \/>\n<script type=\"application\/ld+json\" class=\"yoast-schema-graph\">{\"@context\":\"https:\\\/\\\/schema.org\",\"@graph\":[{\"@type\":\"WebPage\",\"@id\":\"https:\\\/\\\/lesjambiens.be\\\/index.php\\\/les-sections\\\/a-points-comptes\\\/\",\"url\":\"https:\\\/\\\/lesjambiens.be\\\/index.php\\\/les-sections\\\/a-points-comptes\\\/\",\"name\":\"A points compt\u00e9s - Les Jambiens\",\"isPartOf\":{\"@id\":\"https:\\\/\\\/lesjambiens.be\\\/#website\"},\"primaryImageOfPage\":{\"@id\":\"https:\\\/\\\/lesjambiens.be\\\/index.php\\\/les-sections\\\/a-points-comptes\\\/#primaryimage\"},\"image\":{\"@id\":\"https:\\\/\\\/lesjambiens.be\\\/index.php\\\/les-sections\\\/a-points-comptes\\\/#primaryimage\"},\"thumbnailUrl\":\"http:\\\/\\\/lesjambiens.be\\\/wp-content\\\/uploads\\\/2024\\\/11\\\/images.jpeg\",\"datePublished\":\"2024-03-12T10:12:22+00:00\",\"dateModified\":\"2025-11-03T00:54:47+00:00\",\"breadcrumb\":{\"@id\":\"https:\\\/\\\/lesjambiens.be\\\/index.php\\\/les-sections\\\/a-points-comptes\\\/#breadcrumb\"},\"inLanguage\":\"fr-FR\",\"potentialAction\":[{\"@type\":\"ReadAction\",\"target\":[\"https:\\\/\\\/lesjambiens.be\\\/index.php\\\/les-sections\\\/a-points-comptes\\\/\"]}]},{\"@type\":\"ImageObject\",\"inLanguage\":\"fr-FR\",\"@id\":\"https:\\\/\\\/lesjambiens.be\\\/index.php\\\/les-sections\\\/a-points-comptes\\\/#primaryimage\",\"url\":\"https:\\\/\\\/lesjambiens.be\\\/wp-content\\\/uploads\\\/2024\\\/11\\\/images.jpeg\",\"contentUrl\":\"https:\\\/\\\/lesjambiens.be\\\/wp-content\\\/uploads\\\/2024\\\/11\\\/images.jpeg\",\"width\":223,\"height\":226},{\"@type\":\"BreadcrumbList\",\"@id\":\"https:\\\/\\\/lesjambiens.be\\\/index.php\\\/les-sections\\\/a-points-comptes\\\/#breadcrumb\",\"itemListElement\":[{\"@type\":\"ListItem\",\"position\":1,\"name\":\"Accueil\",\"item\":\"https:\\\/\\\/lesjambiens.be\\\/\"},{\"@type\":\"ListItem\",\"position\":2,\"name\":\"Nos sections\",\"item\":\"https:\\\/\\\/lesjambiens.be\\\/index.php\\\/les-sections\\\/\"},{\"@type\":\"ListItem\",\"position\":3,\"name\":\"A points compt\u00e9s\"}]},{\"@type\":\"WebSite\",\"@id\":\"https:\\\/\\\/lesjambiens.be\\\/#website\",\"url\":\"https:\\\/\\\/lesjambiens.be\\\/\",\"name\":\"Les Jambiens\",\"description\":\"Activit\u00e9s pour les a\u00een\u00e9s \u00e0 Namur\",\"potentialAction\":[{\"@type\":\"SearchAction\",\"target\":{\"@type\":\"EntryPoint\",\"urlTemplate\":\"https:\\\/\\\/lesjambiens.be\\\/?s={search_term_string}\"},\"query-input\":{\"@type\":\"PropertyValueSpecification\",\"valueRequired\":true,\"valueName\":\"search_term_string\"}}],\"inLanguage\":\"fr-FR\"}]}<\/script>\n<!-- \/ Yoast SEO plugin. -->","yoast_head_json":{"title":"A points compt\u00e9s - Les Jambiens","robots":{"index":"index","follow":"follow","max-snippet":"max-snippet:-1","max-image-preview":"max-image-preview:large","max-video-preview":"max-video-preview:-1"},"canonical":"https:\/\/lesjambiens.be\/index.php\/les-sections\/a-points-comptes\/","og_locale":"fr_FR","og_type":"article","og_title":"A points compt\u00e9s - Les Jambiens","og_description":"Responsables : Bernadette PARIS &#8211; 0495 57 29 45 &#8211; bparis19@hotmail.com Annick FLAMAND &#8211; 0498 07 52 15 &#8211; \u00a0ninick.flam@hotmail.com Horaire : Le lundi De 19h30 \u00e0 22h00 Lieu : &hellip; Lire la suite A points compt\u00e9s","og_url":"https:\/\/lesjambiens.be\/index.php\/les-sections\/a-points-comptes\/","og_site_name":"Les Jambiens","article_modified_time":"2025-11-03T00:54:47+00:00","og_image":[{"url":"http:\/\/lesjambiens.be\/wp-content\/uploads\/2024\/11\/images.jpeg","type":"","width":"","height":""}],"twitter_card":"summary_large_image","twitter_misc":{"Dur\u00e9e de lecture estim\u00e9e":"2 minutes"},"schema":{"@context":"https:\/\/schema.org","@graph":[{"@type":"WebPage","@id":"https:\/\/lesjambiens.be\/index.php\/les-sections\/a-points-comptes\/","url":"https:\/\/lesjambiens.be\/index.php\/les-sections\/a-points-comptes\/","name":"A points compt\u00e9s - Les Jambiens","isPartOf":{"@id":"https:\/\/lesjambiens.be\/#website"},"primaryImageOfPage":{"@id":"https:\/\/lesjambiens.be\/index.php\/les-sections\/a-points-comptes\/#primaryimage"},"image":{"@id":"https:\/\/lesjambiens.be\/index.php\/les-sections\/a-points-comptes\/#primaryimage"},"thumbnailUrl":"http:\/\/lesjambiens.be\/wp-content\/uploads\/2024\/11\/images.jpeg","datePublished":"2024-03-12T10:12:22+00:00","dateModified":"2025-11-03T00:54:47+00:00","breadcrumb":{"@id":"https:\/\/lesjambiens.be\/index.php\/les-sections\/a-points-comptes\/#breadcrumb"},"inLanguage":"fr-FR","potentialAction":[{"@type":"ReadAction","target":["https:\/\/lesjambiens.be\/index.php\/les-sections\/a-points-comptes\/"]}]},{"@type":"ImageObject","inLanguage":"fr-FR","@id":"https:\/\/lesjambiens.be\/index.php\/les-sections\/a-points-comptes\/#primaryimage","url":"https:\/\/lesjambiens.be\/wp-content\/uploads\/2024\/11\/images.jpeg","contentUrl":"https:\/\/lesjambiens.be\/wp-content\/uploads\/2024\/11\/images.jpeg","width":223,"height":226},{"@type":"BreadcrumbList","@id":"https:\/\/lesjambiens.be\/index.php\/les-sections\/a-points-comptes\/#breadcrumb","itemListElement":[{"@type":"ListItem","position":1,"name":"Accueil","item":"https:\/\/lesjambiens.be\/"},{"@type":"ListItem","position":2,"name":"Nos sections","item":"https:\/\/lesjambiens.be\/index.php\/les-sections\/"},{"@type":"ListItem","position":3,"name":"A points compt\u00e9s"}]},{"@type":"WebSite","@id":"https:\/\/lesjambiens.be\/#website","url":"https:\/\/lesjambiens.be\/","name":"Les Jambiens","description":"Activit\u00e9s pour les a\u00een\u00e9s \u00e0 Namur","potentialAction":[{"@type":"SearchAction","target":{"@type":"EntryPoint","urlTemplate":"https:\/\/lesjambiens.be\/?s={search_term_string}"},"query-input":{"@type":"PropertyValueSpecification","valueRequired":true,"valueName":"search_term_string"}}],"inLanguage":"fr-FR"}]}},"_links":{"self":[{"href":"https:\/\/lesjambiens.be\/index.php\/wp-json\/wp\/v2\/pages\/28","targetHints":{"allow":["GET"]}}],"collection":[{"href":"https:\/\/lesjambiens.be\/index.php\/wp-json\/wp\/v2\/pages"}],"about":[{"href":"https:\/\/lesjambiens.be\/index.php\/wp-json\/wp\/v2\/types\/page"}],"author":[{"embeddable":true,"href":"https:\/\/lesjambiens.be\/index.php\/wp-json\/wp\/v2\/users\/4"}],"replies":[{"embeddable":true,"href":"https:\/\/lesjambiens.be\/index.php\/wp-json\/wp\/v2\/comments?post=28"}],"version-history":[{"count":53,"href":"https:\/\/lesjambiens.be\/index.php\/wp-json\/wp\/v2\/pages\/28\/revisions"}],"predecessor-version":[{"id":1471,"href":"https:\/\/lesjambiens.be\/index.php\/wp-json\/wp\/v2\/pages\/28\/revisions\/1471"}],"up":[{"embeddable":true,"href":"https:\/\/lesjambiens.be\/index.php\/wp-json\/wp\/v2\/pages\/20"}],"wp:attachment":[{"href":"https:\/\/lesjambiens.be\/index.php\/wp-json\/wp\/v2\/media?parent=28"}],"curies":[{"name":"wp","href":"https:\/\/api.w.org\/{rel}","templated":true}]}}