{"id":24,"date":"2024-03-12T11:11:37","date_gmt":"2024-03-12T10:11:37","guid":{"rendered":"https:\/\/lesjambiens.be\/?page_id=24"},"modified":"2024-11-24T16:56:36","modified_gmt":"2024-11-24T15:56:36","slug":"danse-en-ligne","status":"publish","type":"page","link":"https:\/\/lesjambiens.be\/index.php\/les-sections\/danse-en-ligne\/","title":{"rendered":"Danse en ligne"},"content":{"rendered":"<h4><img loading=\"lazy\" decoding=\"async\" class=\"alignnone  wp-image-951\" src=\"https:\/\/lesjambiens.be\/wp-content\/uploads\/2024\/11\/20240705_102657-copie-235x300.jpg\" alt=\"\" width=\"347\" height=\"443\" srcset=\"https:\/\/lesjambiens.be\/wp-content\/uploads\/2024\/11\/20240705_102657-copie-235x300.jpg 235w, https:\/\/lesjambiens.be\/wp-content\/uploads\/2024\/11\/20240705_102657-copie-768x982.jpg 768w, https:\/\/lesjambiens.be\/wp-content\/uploads\/2024\/11\/20240705_102657-copie-297x380.jpg 297w, https:\/\/lesjambiens.be\/wp-content\/uploads\/2024\/11\/20240705_102657-copie.jpg 782w\" sizes=\"auto, (max-width: 347px) 100vw, 347px\" \/><\/h4>\n<h4><span style=\"text-decoration: underline;\"><strong>Responsables<\/strong><\/span> :<\/h4>\n<ul>\n<li><strong>Josiane<\/strong> &#8211; 0476\u00a0 91.13.42-<a href=\"mailto:josianerase@gmail.com\"><strong> josianerase@gmail.com<\/strong><\/a><span style=\"color: #ff0000;\"><strong><br \/>\n<\/strong><\/span><\/li>\n<li><strong>Annie<\/strong> &#8211; 0479\u00a0 87.09.39 &#8211; <a href=\"mailto:annieaveniere@gmail.com\"><strong>annieaveniere@gmail.com<\/strong><\/a><\/li>\n<\/ul>\n<h4><span style=\"text-decoration: underline;\"><strong>Horaire<\/strong><\/span> :<\/h4>\n<ul>\n<li>Le <strong>vendredi<\/strong><\/li>\n<li>de <strong>10 h 00 <\/strong>\u00e0<strong> 12h 00<\/strong><\/li>\n<\/ul>\n<h4><span style=\"text-decoration: underline;\"><strong>LIeu<\/strong><\/span> :<\/h4>\n<p><strong>Salle Jean Materne<\/strong><br \/>\n<strong>All\u00e9e du Parc Astrid, 30<\/strong><br \/>\n<strong>\u00e0 5100 JAMBES<\/strong><\/p>\n<h4><span style=\"text-decoration: underline;\"><strong>Philosophie<\/strong><\/span> :<\/h4>\n<p>Vendredi matin, je peux pas,\u00a0 j&rsquo;ai\u00a0 &lsquo;<strong>&lsquo;Danse en ligne \u00a0\u00bb<\/strong><br \/>\nNous nous retrouvons \u00e0 la salle Materne pour danser sur des musiques\u00a0 &#8211; mode &#8211; country \u2013 latino.<\/p>\n<p>Ce n est pas un cours car nous n avons pas de professeur.<br \/>\nCertaines apportent leur<strong> savoir faire et leurs connaissances<\/strong><br \/>\nacquises dans des clubs de danses, le tout dans la bonne humeur .<\/p>\n<p>Pour danser, il n y a<strong> pas besoin de comp\u00e9tences particuli\u00e8res.<br \/>\n<\/strong> De la bonne volont\u00e9, la pratique r\u00e9guli\u00e8re et le sens du rythme aident beaucoup.<\/p>\n<p><strong><span style=\"text-decoration: underline;\">Les avantages de la danse en ligne<\/span> :<\/strong><\/p>\n<ul>\n<li>C&rsquo;est de l&rsquo;activit\u00e9 physique.<\/li>\n<li>Quand on danse, on oublie les soucis du quotidien.<\/li>\n<li>\u00c7a am\u00e9liore la confiance en soi.<\/li>\n<li>On travaille notre coordination et notre m\u00e9moire.<\/li>\n<li>On se fait de nouveaux amis et amies<br \/>\n<em>\u00a0\u00a0\u00a0\u00a0\u00a0\u00a0\u00a0\u00a0\u00a0\u00a0\u00a0\u00a0\u00a0\u00a0 et surtout, on prend du plaisir !<\/em><\/li>\n<\/ul>\n<p><strong>Alors, quand la musique monte, laissez-vous aller.<\/strong><br \/>\nLa danse ne vous apporte pas que le sourire sur vos l\u00e8vres,<br \/>\nelle vous fait globalement du bien&#8230;<br \/>\n<em>\u00a0\u00a0\u00a0\u00a0\u00a0\u00a0\u00a0\u00a0\u00a0\u00a0\u00a0\u00a0 physiquement, mentalement et \u00e9motionnellement.<\/em><\/p>\n<p>Nous adh\u00e9rons \u00e0 la philosophie de la Soci\u00e9t\u00e9 Royale Asbl \u00ab\u00a0Les Jambiens\u00a0\u00bb<\/p>\n<div style=\"width: 620px;\" class=\"wp-video\"><video class=\"wp-video-shortcode\" id=\"video-24-1\" width=\"620\" height=\"349\" preload=\"metadata\" controls=\"controls\"><source type=\"video\/mp4\" src=\"https:\/\/lesjambiens.be\/wp-content\/uploads\/2024\/09\/Video-danse-raccourci.mp4?_=1\" \/><a href=\"https:\/\/lesjambiens.be\/wp-content\/uploads\/2024\/09\/Video-danse-raccourci.mp4\">https:\/\/lesjambiens.be\/wp-content\/uploads\/2024\/09\/Video-danse-raccourci.mp4<\/a><\/video><\/div>\n<p>&nbsp;<\/p>\n<div style=\"width: 620px;\" class=\"wp-video\"><video class=\"wp-video-shortcode\" id=\"video-24-2\" width=\"620\" height=\"349\" preload=\"metadata\" controls=\"controls\"><source type=\"video\/mp4\" src=\"https:\/\/lesjambiens.be\/wp-content\/uploads\/2024\/09\/Diaporama-Danse-en-ligne.mp4?_=2\" \/><a href=\"https:\/\/lesjambiens.be\/wp-content\/uploads\/2024\/09\/Diaporama-Danse-en-ligne.mp4\">https:\/\/lesjambiens.be\/wp-content\/uploads\/2024\/09\/Diaporama-Danse-en-ligne.mp4<\/a><\/video><\/div>\n<h4><\/h4>\n<div id=\"ConnectiveDocSignExtentionInstalled\" data-extension-version=\"1.0.4\"><\/div>\n","protected":false},"excerpt":{"rendered":"<p>Responsables : Josiane &#8211; 0476\u00a0 91.13.42- josianerase@gmail.com Annie &#8211; 0479\u00a0 87.09.39 &#8211; annieaveniere@gmail.com Horaire : Le vendredi de 10 h 00 \u00e0 12h 00 LIeu : Salle Jean Materne All\u00e9e &hellip; <a href=\"https:\/\/lesjambiens.be\/index.php\/les-sections\/danse-en-ligne\/\" class=\"more-link\">Lire la suite <span class=\"screen-reader-text\">Danse en ligne<\/span><\/a><\/p>\n","protected":false},"author":4,"featured_media":0,"parent":20,"menu_order":0,"comment_status":"closed","ping_status":"closed","template":"","meta":{"footnotes":""},"class_list":["post-24","page","type-page","status-publish","hentry","without-featured-image"],"yoast_head":"<!-- This site is optimized with the Yoast SEO plugin v27.4 - https:\/\/yoast.com\/product\/yoast-seo-wordpress\/ -->\n<title>Danse en ligne - Les Jambiens<\/title>\n<meta name=\"robots\" content=\"index, follow, max-snippet:-1, max-image-preview:large, max-video-preview:-1\" \/>\n<link rel=\"canonical\" href=\"https:\/\/lesjambiens.be\/index.php\/les-sections\/danse-en-ligne\/\" \/>\n<meta property=\"og:locale\" content=\"fr_FR\" \/>\n<meta property=\"og:type\" content=\"article\" \/>\n<meta property=\"og:title\" content=\"Danse en ligne - Les Jambiens\" \/>\n<meta property=\"og:description\" content=\"Responsables : Josiane &#8211; 0476\u00a0 91.13.42- josianerase@gmail.com Annie &#8211; 0479\u00a0 87.09.39 &#8211; annieaveniere@gmail.com Horaire : Le vendredi de 10 h 00 \u00e0 12h 00 LIeu : Salle Jean Materne All\u00e9e &hellip; Lire la suite Danse en ligne\" \/>\n<meta property=\"og:url\" content=\"https:\/\/lesjambiens.be\/index.php\/les-sections\/danse-en-ligne\/\" \/>\n<meta property=\"og:site_name\" content=\"Les Jambiens\" \/>\n<meta property=\"article:modified_time\" content=\"2024-11-24T15:56:36+00:00\" \/>\n<meta property=\"og:image\" content=\"http:\/\/lesjambiens.be\/wp-content\/uploads\/2024\/11\/20240705_102657-copie-235x300.jpg\" \/>\n<meta name=\"twitter:card\" content=\"summary_large_image\" \/>\n<meta name=\"twitter:label1\" content=\"Dur\u00e9e de lecture estim\u00e9e\" \/>\n\t<meta name=\"twitter:data1\" content=\"2 minutes\" \/>\n<script type=\"application\/ld+json\" class=\"yoast-schema-graph\">{\"@context\":\"https:\\\/\\\/schema.org\",\"@graph\":[{\"@type\":\"WebPage\",\"@id\":\"https:\\\/\\\/lesjambiens.be\\\/index.php\\\/les-sections\\\/danse-en-ligne\\\/\",\"url\":\"https:\\\/\\\/lesjambiens.be\\\/index.php\\\/les-sections\\\/danse-en-ligne\\\/\",\"name\":\"Danse en ligne - Les Jambiens\",\"isPartOf\":{\"@id\":\"https:\\\/\\\/lesjambiens.be\\\/#website\"},\"primaryImageOfPage\":{\"@id\":\"https:\\\/\\\/lesjambiens.be\\\/index.php\\\/les-sections\\\/danse-en-ligne\\\/#primaryimage\"},\"image\":{\"@id\":\"https:\\\/\\\/lesjambiens.be\\\/index.php\\\/les-sections\\\/danse-en-ligne\\\/#primaryimage\"},\"thumbnailUrl\":\"http:\\\/\\\/lesjambiens.be\\\/wp-content\\\/uploads\\\/2024\\\/11\\\/20240705_102657-copie-235x300.jpg\",\"datePublished\":\"2024-03-12T10:11:37+00:00\",\"dateModified\":\"2024-11-24T15:56:36+00:00\",\"breadcrumb\":{\"@id\":\"https:\\\/\\\/lesjambiens.be\\\/index.php\\\/les-sections\\\/danse-en-ligne\\\/#breadcrumb\"},\"inLanguage\":\"fr-FR\",\"potentialAction\":[{\"@type\":\"ReadAction\",\"target\":[\"https:\\\/\\\/lesjambiens.be\\\/index.php\\\/les-sections\\\/danse-en-ligne\\\/\"]}]},{\"@type\":\"ImageObject\",\"inLanguage\":\"fr-FR\",\"@id\":\"https:\\\/\\\/lesjambiens.be\\\/index.php\\\/les-sections\\\/danse-en-ligne\\\/#primaryimage\",\"url\":\"https:\\\/\\\/lesjambiens.be\\\/wp-content\\\/uploads\\\/2024\\\/11\\\/20240705_102657-copie.jpg\",\"contentUrl\":\"https:\\\/\\\/lesjambiens.be\\\/wp-content\\\/uploads\\\/2024\\\/11\\\/20240705_102657-copie.jpg\",\"width\":782,\"height\":1000},{\"@type\":\"BreadcrumbList\",\"@id\":\"https:\\\/\\\/lesjambiens.be\\\/index.php\\\/les-sections\\\/danse-en-ligne\\\/#breadcrumb\",\"itemListElement\":[{\"@type\":\"ListItem\",\"position\":1,\"name\":\"Accueil\",\"item\":\"https:\\\/\\\/lesjambiens.be\\\/\"},{\"@type\":\"ListItem\",\"position\":2,\"name\":\"Nos sections\",\"item\":\"https:\\\/\\\/lesjambiens.be\\\/index.php\\\/les-sections\\\/\"},{\"@type\":\"ListItem\",\"position\":3,\"name\":\"Danse en ligne\"}]},{\"@type\":\"WebSite\",\"@id\":\"https:\\\/\\\/lesjambiens.be\\\/#website\",\"url\":\"https:\\\/\\\/lesjambiens.be\\\/\",\"name\":\"Les Jambiens\",\"description\":\"Activit\u00e9s pour les a\u00een\u00e9s \u00e0 Namur\",\"potentialAction\":[{\"@type\":\"SearchAction\",\"target\":{\"@type\":\"EntryPoint\",\"urlTemplate\":\"https:\\\/\\\/lesjambiens.be\\\/?s={search_term_string}\"},\"query-input\":{\"@type\":\"PropertyValueSpecification\",\"valueRequired\":true,\"valueName\":\"search_term_string\"}}],\"inLanguage\":\"fr-FR\"}]}<\/script>\n<!-- \/ Yoast SEO plugin. -->","yoast_head_json":{"title":"Danse en ligne - Les Jambiens","robots":{"index":"index","follow":"follow","max-snippet":"max-snippet:-1","max-image-preview":"max-image-preview:large","max-video-preview":"max-video-preview:-1"},"canonical":"https:\/\/lesjambiens.be\/index.php\/les-sections\/danse-en-ligne\/","og_locale":"fr_FR","og_type":"article","og_title":"Danse en ligne - Les Jambiens","og_description":"Responsables : Josiane &#8211; 0476\u00a0 91.13.42- josianerase@gmail.com Annie &#8211; 0479\u00a0 87.09.39 &#8211; annieaveniere@gmail.com Horaire : Le vendredi de 10 h 00 \u00e0 12h 00 LIeu : Salle Jean Materne All\u00e9e &hellip; Lire la suite Danse en ligne","og_url":"https:\/\/lesjambiens.be\/index.php\/les-sections\/danse-en-ligne\/","og_site_name":"Les Jambiens","article_modified_time":"2024-11-24T15:56:36+00:00","og_image":[{"url":"http:\/\/lesjambiens.be\/wp-content\/uploads\/2024\/11\/20240705_102657-copie-235x300.jpg","type":"","width":"","height":""}],"twitter_card":"summary_large_image","twitter_misc":{"Dur\u00e9e de lecture estim\u00e9e":"2 minutes"},"schema":{"@context":"https:\/\/schema.org","@graph":[{"@type":"WebPage","@id":"https:\/\/lesjambiens.be\/index.php\/les-sections\/danse-en-ligne\/","url":"https:\/\/lesjambiens.be\/index.php\/les-sections\/danse-en-ligne\/","name":"Danse en ligne - Les Jambiens","isPartOf":{"@id":"https:\/\/lesjambiens.be\/#website"},"primaryImageOfPage":{"@id":"https:\/\/lesjambiens.be\/index.php\/les-sections\/danse-en-ligne\/#primaryimage"},"image":{"@id":"https:\/\/lesjambiens.be\/index.php\/les-sections\/danse-en-ligne\/#primaryimage"},"thumbnailUrl":"http:\/\/lesjambiens.be\/wp-content\/uploads\/2024\/11\/20240705_102657-copie-235x300.jpg","datePublished":"2024-03-12T10:11:37+00:00","dateModified":"2024-11-24T15:56:36+00:00","breadcrumb":{"@id":"https:\/\/lesjambiens.be\/index.php\/les-sections\/danse-en-ligne\/#breadcrumb"},"inLanguage":"fr-FR","potentialAction":[{"@type":"ReadAction","target":["https:\/\/lesjambiens.be\/index.php\/les-sections\/danse-en-ligne\/"]}]},{"@type":"ImageObject","inLanguage":"fr-FR","@id":"https:\/\/lesjambiens.be\/index.php\/les-sections\/danse-en-ligne\/#primaryimage","url":"https:\/\/lesjambiens.be\/wp-content\/uploads\/2024\/11\/20240705_102657-copie.jpg","contentUrl":"https:\/\/lesjambiens.be\/wp-content\/uploads\/2024\/11\/20240705_102657-copie.jpg","width":782,"height":1000},{"@type":"BreadcrumbList","@id":"https:\/\/lesjambiens.be\/index.php\/les-sections\/danse-en-ligne\/#breadcrumb","itemListElement":[{"@type":"ListItem","position":1,"name":"Accueil","item":"https:\/\/lesjambiens.be\/"},{"@type":"ListItem","position":2,"name":"Nos sections","item":"https:\/\/lesjambiens.be\/index.php\/les-sections\/"},{"@type":"ListItem","position":3,"name":"Danse en ligne"}]},{"@type":"WebSite","@id":"https:\/\/lesjambiens.be\/#website","url":"https:\/\/lesjambiens.be\/","name":"Les Jambiens","description":"Activit\u00e9s pour les a\u00een\u00e9s \u00e0 Namur","potentialAction":[{"@type":"SearchAction","target":{"@type":"EntryPoint","urlTemplate":"https:\/\/lesjambiens.be\/?s={search_term_string}"},"query-input":{"@type":"PropertyValueSpecification","valueRequired":true,"valueName":"search_term_string"}}],"inLanguage":"fr-FR"}]}},"_links":{"self":[{"href":"https:\/\/lesjambiens.be\/index.php\/wp-json\/wp\/v2\/pages\/24","targetHints":{"allow":["GET"]}}],"collection":[{"href":"https:\/\/lesjambiens.be\/index.php\/wp-json\/wp\/v2\/pages"}],"about":[{"href":"https:\/\/lesjambiens.be\/index.php\/wp-json\/wp\/v2\/types\/page"}],"author":[{"embeddable":true,"href":"https:\/\/lesjambiens.be\/index.php\/wp-json\/wp\/v2\/users\/4"}],"replies":[{"embeddable":true,"href":"https:\/\/lesjambiens.be\/index.php\/wp-json\/wp\/v2\/comments?post=24"}],"version-history":[{"count":27,"href":"https:\/\/lesjambiens.be\/index.php\/wp-json\/wp\/v2\/pages\/24\/revisions"}],"predecessor-version":[{"id":952,"href":"https:\/\/lesjambiens.be\/index.php\/wp-json\/wp\/v2\/pages\/24\/revisions\/952"}],"up":[{"embeddable":true,"href":"https:\/\/lesjambiens.be\/index.php\/wp-json\/wp\/v2\/pages\/20"}],"wp:attachment":[{"href":"https:\/\/lesjambiens.be\/index.php\/wp-json\/wp\/v2\/media?parent=24"}],"curies":[{"name":"wp","href":"https:\/\/api.w.org\/{rel}","templated":true}]}}