{"id":22,"date":"2024-03-12T11:11:13","date_gmt":"2024-03-12T10:11:13","guid":{"rendered":"https:\/\/lesjambiens.be\/?page_id=22"},"modified":"2024-11-24T17:54:19","modified_gmt":"2024-11-24T16:54:19","slug":"petanque","status":"publish","type":"page","link":"https:\/\/lesjambiens.be\/index.php\/les-sections\/petanque\/","title":{"rendered":"P\u00e9tanque  \u00ab\u00a0Les Boules m\u00fbres\u00a0\u00bb"},"content":{"rendered":"<h4><img loading=\"lazy\" decoding=\"async\" class=\"alignnone  wp-image-966\" src=\"https:\/\/lesjambiens.be\/wp-content\/uploads\/2024\/11\/IMG_6574-copie-300x150.jpg\" alt=\"\" width=\"586\" height=\"293\" srcset=\"https:\/\/lesjambiens.be\/wp-content\/uploads\/2024\/11\/IMG_6574-copie-300x150.jpg 300w, https:\/\/lesjambiens.be\/wp-content\/uploads\/2024\/11\/IMG_6574-copie-1024x513.jpg 1024w, https:\/\/lesjambiens.be\/wp-content\/uploads\/2024\/11\/IMG_6574-copie-768x385.jpg 768w, https:\/\/lesjambiens.be\/wp-content\/uploads\/2024\/11\/IMG_6574-copie-759x380.jpg 759w, https:\/\/lesjambiens.be\/wp-content\/uploads\/2024\/11\/IMG_6574-copie.jpg 1200w\" sizes=\"auto, (max-width: 586px) 100vw, 586px\" \/><\/h4>\n<h4><span style=\"text-decoration: underline;\"><span style=\"text-decoration: underline;\"><strong>Responsables<\/strong><\/span><\/span> :<\/h4>\n<ul>\n<li><strong>Josianne Rodric<\/strong> &#8211; 0478 26.27.38 &#8211;<a href=\"mailto:josiannerodric@hotmail.com\"> <strong>josiannerodric@hotmail.com<\/strong><\/a><\/li>\n<li><strong>Andr\u00e9 Ninforge<\/strong> &#8211; 0495 22.10.24 &#8211;<a href=\"mailto:aninforge@gmail.com\"> <strong>aninforge@gmail.com<\/strong><\/a><\/li>\n<\/ul>\n<h4><span style=\"text-decoration: underline;\"><strong>Horaire<\/strong><\/span> :<\/h4>\n<ul>\n<li>Le <strong>mercredi<\/strong><\/li>\n<li>Ouverture des portes \u00e0 partir de<strong> 13 h.<\/strong><br \/>\n1\u00e8res boules \u00e0<strong> 14h00<\/strong><\/li>\n<\/ul>\n<h4><span style=\"text-decoration: underline;\"><strong>LIeu<\/strong><\/span> :<\/h4>\n<p>Notre club se situe<strong> rue des Tautis, 1 \u00e0 Belgrade<\/strong><br \/>\ndans les installations de la \u00ab\u00a0<span style=\"text-decoration: underline;\">P\u00e9tanque Belgradoise \u00a0\u00bb<br \/>\n<img loading=\"lazy\" decoding=\"async\" class=\"alignnone wp-image-406\" src=\"https:\/\/lesjambiens.be\/wp-content\/uploads\/2024\/08\/IMG_6515-300x200.jpg\" alt=\"\" width=\"327\" height=\"218\" srcset=\"https:\/\/lesjambiens.be\/wp-content\/uploads\/2024\/08\/IMG_6515-300x200.jpg 300w, https:\/\/lesjambiens.be\/wp-content\/uploads\/2024\/08\/IMG_6515-1024x683.jpg 1024w, https:\/\/lesjambiens.be\/wp-content\/uploads\/2024\/08\/IMG_6515-768x512.jpg 768w, https:\/\/lesjambiens.be\/wp-content\/uploads\/2024\/08\/IMG_6515-570x380.jpg 570w, https:\/\/lesjambiens.be\/wp-content\/uploads\/2024\/08\/IMG_6515.jpg 1200w\" sizes=\"auto, (max-width: 327px) 100vw, 327px\" \/><br \/>\n<\/span><\/p>\n<h4><span style=\"text-decoration: underline;\"><span style=\"text-decoration: underline;\"><strong>Philosophie<\/strong><\/span><\/span> :<\/h4>\n<p>Nous jouons tous les mercredi \u00e0 partir de 14 heures en 3 parties.<br \/>\nNous sommes une septantaine\u00a0 d&rsquo;inscrits pour passer<span style=\"text-decoration: underline;\"><strong> une agr\u00e9able apr\u00e8s-midi<\/strong> <\/span>dans la bonne humeur.<br \/>\nNous adh\u00e9rons \u00e0 la philosophie de la Soci\u00e9t\u00e9 Royale\u00a0 Asbl \u00ab\u00a0Les Jambiens\u00a0\u00bb<\/p>\n<h4><span style=\"text-decoration: underline;\"><strong>PROJETS<\/strong><\/span> :<\/h4>\n<p>Plusieurs activit\u00e9s ext\u00e9rieures sont organis\u00e9es au cours de l&rsquo;ann\u00e9e (d\u00eener, voyage, tournoi&#8230;)<\/p>\n<p><span style=\"color: #ff0000;\"><strong>Toute personne qui est int\u00e9ress\u00e9e par les objectifs de notre section peut venir de mani\u00e8re libre \u00e0 2 participations avant de prendre la d\u00e9cision de s&rsquo;inscrire comme membre<\/strong><\/span><\/p>\n<p>&nbsp;<\/p>\n<div style=\"width: 620px;\" class=\"wp-video\"><video class=\"wp-video-shortcode\" id=\"video-22-1\" width=\"620\" height=\"349\" preload=\"metadata\" controls=\"controls\"><source type=\"video\/mp4\" src=\"https:\/\/lesjambiens.be\/wp-content\/uploads\/2024\/08\/Diaporama-Petanque.mp4?_=1\" \/><a href=\"https:\/\/lesjambiens.be\/wp-content\/uploads\/2024\/08\/Diaporama-Petanque.mp4\">https:\/\/lesjambiens.be\/wp-content\/uploads\/2024\/08\/Diaporama-Petanque.mp4<\/a><\/video><\/div>\n<div id=\"ConnectiveDocSignExtentionInstalled\" data-extension-version=\"1.0.4\"><\/div>\n","protected":false},"excerpt":{"rendered":"<p>Responsables : Josianne Rodric &#8211; 0478 26.27.38 &#8211; josiannerodric@hotmail.com Andr\u00e9 Ninforge &#8211; 0495 22.10.24 &#8211; aninforge@gmail.com Horaire : Le mercredi Ouverture des portes \u00e0 partir de 13 h. 1\u00e8res boules &hellip; <a href=\"https:\/\/lesjambiens.be\/index.php\/les-sections\/petanque\/\" class=\"more-link\">Lire la suite <span class=\"screen-reader-text\">P\u00e9tanque  \u00ab\u00a0Les Boules m\u00fbres\u00a0\u00bb<\/span><\/a><\/p>\n","protected":false},"author":4,"featured_media":0,"parent":20,"menu_order":0,"comment_status":"closed","ping_status":"closed","template":"","meta":{"footnotes":""},"class_list":["post-22","page","type-page","status-publish","hentry","without-featured-image"],"yoast_head":"<!-- This site is optimized with the Yoast SEO plugin v27.4 - https:\/\/yoast.com\/product\/yoast-seo-wordpress\/ -->\n<title>P\u00e9tanque &quot;Les Boules m\u00fbres&quot; - Les Jambiens<\/title>\n<meta name=\"robots\" content=\"index, follow, max-snippet:-1, max-image-preview:large, max-video-preview:-1\" \/>\n<link rel=\"canonical\" href=\"https:\/\/lesjambiens.be\/index.php\/les-sections\/petanque\/\" \/>\n<meta property=\"og:locale\" content=\"fr_FR\" \/>\n<meta property=\"og:type\" content=\"article\" \/>\n<meta property=\"og:title\" content=\"P\u00e9tanque &quot;Les Boules m\u00fbres&quot; - Les Jambiens\" \/>\n<meta property=\"og:description\" content=\"Responsables : Josianne Rodric &#8211; 0478 26.27.38 &#8211; josiannerodric@hotmail.com Andr\u00e9 Ninforge &#8211; 0495 22.10.24 &#8211; aninforge@gmail.com Horaire : Le mercredi Ouverture des portes \u00e0 partir de 13 h. 1\u00e8res boules &hellip; Lire la suite P\u00e9tanque \u00ab\u00a0Les Boules m\u00fbres\u00a0\u00bb\" \/>\n<meta property=\"og:url\" content=\"https:\/\/lesjambiens.be\/index.php\/les-sections\/petanque\/\" \/>\n<meta property=\"og:site_name\" content=\"Les Jambiens\" \/>\n<meta property=\"article:modified_time\" content=\"2024-11-24T16:54:19+00:00\" \/>\n<meta property=\"og:image\" content=\"http:\/\/lesjambiens.be\/wp-content\/uploads\/2024\/11\/IMG_6574-copie-300x150.jpg\" \/>\n<meta name=\"twitter:card\" content=\"summary_large_image\" \/>\n<meta name=\"twitter:label1\" content=\"Dur\u00e9e de lecture estim\u00e9e\" \/>\n\t<meta name=\"twitter:data1\" content=\"2 minutes\" \/>\n<script type=\"application\/ld+json\" class=\"yoast-schema-graph\">{\"@context\":\"https:\\\/\\\/schema.org\",\"@graph\":[{\"@type\":\"WebPage\",\"@id\":\"https:\\\/\\\/lesjambiens.be\\\/index.php\\\/les-sections\\\/petanque\\\/\",\"url\":\"https:\\\/\\\/lesjambiens.be\\\/index.php\\\/les-sections\\\/petanque\\\/\",\"name\":\"P\u00e9tanque \\\"Les Boules m\u00fbres\\\" - Les Jambiens\",\"isPartOf\":{\"@id\":\"https:\\\/\\\/lesjambiens.be\\\/#website\"},\"primaryImageOfPage\":{\"@id\":\"https:\\\/\\\/lesjambiens.be\\\/index.php\\\/les-sections\\\/petanque\\\/#primaryimage\"},\"image\":{\"@id\":\"https:\\\/\\\/lesjambiens.be\\\/index.php\\\/les-sections\\\/petanque\\\/#primaryimage\"},\"thumbnailUrl\":\"http:\\\/\\\/lesjambiens.be\\\/wp-content\\\/uploads\\\/2024\\\/11\\\/IMG_6574-copie-300x150.jpg\",\"datePublished\":\"2024-03-12T10:11:13+00:00\",\"dateModified\":\"2024-11-24T16:54:19+00:00\",\"breadcrumb\":{\"@id\":\"https:\\\/\\\/lesjambiens.be\\\/index.php\\\/les-sections\\\/petanque\\\/#breadcrumb\"},\"inLanguage\":\"fr-FR\",\"potentialAction\":[{\"@type\":\"ReadAction\",\"target\":[\"https:\\\/\\\/lesjambiens.be\\\/index.php\\\/les-sections\\\/petanque\\\/\"]}]},{\"@type\":\"ImageObject\",\"inLanguage\":\"fr-FR\",\"@id\":\"https:\\\/\\\/lesjambiens.be\\\/index.php\\\/les-sections\\\/petanque\\\/#primaryimage\",\"url\":\"https:\\\/\\\/lesjambiens.be\\\/wp-content\\\/uploads\\\/2024\\\/11\\\/IMG_6574-copie.jpg\",\"contentUrl\":\"https:\\\/\\\/lesjambiens.be\\\/wp-content\\\/uploads\\\/2024\\\/11\\\/IMG_6574-copie.jpg\",\"width\":1200,\"height\":601},{\"@type\":\"BreadcrumbList\",\"@id\":\"https:\\\/\\\/lesjambiens.be\\\/index.php\\\/les-sections\\\/petanque\\\/#breadcrumb\",\"itemListElement\":[{\"@type\":\"ListItem\",\"position\":1,\"name\":\"Accueil\",\"item\":\"https:\\\/\\\/lesjambiens.be\\\/\"},{\"@type\":\"ListItem\",\"position\":2,\"name\":\"Nos sections\",\"item\":\"https:\\\/\\\/lesjambiens.be\\\/index.php\\\/les-sections\\\/\"},{\"@type\":\"ListItem\",\"position\":3,\"name\":\"P\u00e9tanque \u00ab\u00a0Les Boules m\u00fbres\u00a0\u00bb\"}]},{\"@type\":\"WebSite\",\"@id\":\"https:\\\/\\\/lesjambiens.be\\\/#website\",\"url\":\"https:\\\/\\\/lesjambiens.be\\\/\",\"name\":\"Les Jambiens\",\"description\":\"Activit\u00e9s pour les a\u00een\u00e9s \u00e0 Namur\",\"potentialAction\":[{\"@type\":\"SearchAction\",\"target\":{\"@type\":\"EntryPoint\",\"urlTemplate\":\"https:\\\/\\\/lesjambiens.be\\\/?s={search_term_string}\"},\"query-input\":{\"@type\":\"PropertyValueSpecification\",\"valueRequired\":true,\"valueName\":\"search_term_string\"}}],\"inLanguage\":\"fr-FR\"}]}<\/script>\n<!-- \/ Yoast SEO plugin. -->","yoast_head_json":{"title":"P\u00e9tanque \"Les Boules m\u00fbres\" - Les Jambiens","robots":{"index":"index","follow":"follow","max-snippet":"max-snippet:-1","max-image-preview":"max-image-preview:large","max-video-preview":"max-video-preview:-1"},"canonical":"https:\/\/lesjambiens.be\/index.php\/les-sections\/petanque\/","og_locale":"fr_FR","og_type":"article","og_title":"P\u00e9tanque \"Les Boules m\u00fbres\" - Les Jambiens","og_description":"Responsables : Josianne Rodric &#8211; 0478 26.27.38 &#8211; josiannerodric@hotmail.com Andr\u00e9 Ninforge &#8211; 0495 22.10.24 &#8211; aninforge@gmail.com Horaire : Le mercredi Ouverture des portes \u00e0 partir de 13 h. 1\u00e8res boules &hellip; Lire la suite P\u00e9tanque \u00ab\u00a0Les Boules m\u00fbres\u00a0\u00bb","og_url":"https:\/\/lesjambiens.be\/index.php\/les-sections\/petanque\/","og_site_name":"Les Jambiens","article_modified_time":"2024-11-24T16:54:19+00:00","og_image":[{"url":"http:\/\/lesjambiens.be\/wp-content\/uploads\/2024\/11\/IMG_6574-copie-300x150.jpg","type":"","width":"","height":""}],"twitter_card":"summary_large_image","twitter_misc":{"Dur\u00e9e de lecture estim\u00e9e":"2 minutes"},"schema":{"@context":"https:\/\/schema.org","@graph":[{"@type":"WebPage","@id":"https:\/\/lesjambiens.be\/index.php\/les-sections\/petanque\/","url":"https:\/\/lesjambiens.be\/index.php\/les-sections\/petanque\/","name":"P\u00e9tanque \"Les Boules m\u00fbres\" - Les Jambiens","isPartOf":{"@id":"https:\/\/lesjambiens.be\/#website"},"primaryImageOfPage":{"@id":"https:\/\/lesjambiens.be\/index.php\/les-sections\/petanque\/#primaryimage"},"image":{"@id":"https:\/\/lesjambiens.be\/index.php\/les-sections\/petanque\/#primaryimage"},"thumbnailUrl":"http:\/\/lesjambiens.be\/wp-content\/uploads\/2024\/11\/IMG_6574-copie-300x150.jpg","datePublished":"2024-03-12T10:11:13+00:00","dateModified":"2024-11-24T16:54:19+00:00","breadcrumb":{"@id":"https:\/\/lesjambiens.be\/index.php\/les-sections\/petanque\/#breadcrumb"},"inLanguage":"fr-FR","potentialAction":[{"@type":"ReadAction","target":["https:\/\/lesjambiens.be\/index.php\/les-sections\/petanque\/"]}]},{"@type":"ImageObject","inLanguage":"fr-FR","@id":"https:\/\/lesjambiens.be\/index.php\/les-sections\/petanque\/#primaryimage","url":"https:\/\/lesjambiens.be\/wp-content\/uploads\/2024\/11\/IMG_6574-copie.jpg","contentUrl":"https:\/\/lesjambiens.be\/wp-content\/uploads\/2024\/11\/IMG_6574-copie.jpg","width":1200,"height":601},{"@type":"BreadcrumbList","@id":"https:\/\/lesjambiens.be\/index.php\/les-sections\/petanque\/#breadcrumb","itemListElement":[{"@type":"ListItem","position":1,"name":"Accueil","item":"https:\/\/lesjambiens.be\/"},{"@type":"ListItem","position":2,"name":"Nos sections","item":"https:\/\/lesjambiens.be\/index.php\/les-sections\/"},{"@type":"ListItem","position":3,"name":"P\u00e9tanque \u00ab\u00a0Les Boules m\u00fbres\u00a0\u00bb"}]},{"@type":"WebSite","@id":"https:\/\/lesjambiens.be\/#website","url":"https:\/\/lesjambiens.be\/","name":"Les Jambiens","description":"Activit\u00e9s pour les a\u00een\u00e9s \u00e0 Namur","potentialAction":[{"@type":"SearchAction","target":{"@type":"EntryPoint","urlTemplate":"https:\/\/lesjambiens.be\/?s={search_term_string}"},"query-input":{"@type":"PropertyValueSpecification","valueRequired":true,"valueName":"search_term_string"}}],"inLanguage":"fr-FR"}]}},"_links":{"self":[{"href":"https:\/\/lesjambiens.be\/index.php\/wp-json\/wp\/v2\/pages\/22","targetHints":{"allow":["GET"]}}],"collection":[{"href":"https:\/\/lesjambiens.be\/index.php\/wp-json\/wp\/v2\/pages"}],"about":[{"href":"https:\/\/lesjambiens.be\/index.php\/wp-json\/wp\/v2\/types\/page"}],"author":[{"embeddable":true,"href":"https:\/\/lesjambiens.be\/index.php\/wp-json\/wp\/v2\/users\/4"}],"replies":[{"embeddable":true,"href":"https:\/\/lesjambiens.be\/index.php\/wp-json\/wp\/v2\/comments?post=22"}],"version-history":[{"count":22,"href":"https:\/\/lesjambiens.be\/index.php\/wp-json\/wp\/v2\/pages\/22\/revisions"}],"predecessor-version":[{"id":967,"href":"https:\/\/lesjambiens.be\/index.php\/wp-json\/wp\/v2\/pages\/22\/revisions\/967"}],"up":[{"embeddable":true,"href":"https:\/\/lesjambiens.be\/index.php\/wp-json\/wp\/v2\/pages\/20"}],"wp:attachment":[{"href":"https:\/\/lesjambiens.be\/index.php\/wp-json\/wp\/v2\/media?parent=22"}],"curies":[{"name":"wp","href":"https:\/\/api.w.org\/{rel}","templated":true}]}}