{"id":20,"date":"2024-03-12T11:08:21","date_gmt":"2024-03-12T10:08:21","guid":{"rendered":"https:\/\/lesjambiens.be\/?page_id=20"},"modified":"2025-12-02T20:11:54","modified_gmt":"2025-12-02T19:11:54","slug":"les-sections","status":"publish","type":"page","link":"https:\/\/lesjambiens.be\/index.php\/les-sections\/","title":{"rendered":"Nos sections"},"content":{"rendered":"<h2><strong><span style=\"text-decoration: underline;\">Pour plus<br \/>\n<\/span><\/strong><strong><span style=\"text-decoration: underline;\">d&rsquo;informations<\/span> <\/strong>:<\/h2>\n<h3><span style=\"color: #ff0000;\"><strong>Cliquer<\/strong> sur<br \/>\n<\/span><span style=\"color: #ff0000;\">la section<br \/>\n<\/span><span style=\"color: #ff0000;\">concernee.<\/span><\/h3>\n<p><strong><span style=\"color: #339966;\"><span style=\"text-decoration: underline;\">REMARQUE<\/span><\/span><span style=\"color: #339966;\"> :<\/span><span style=\"color: #339966;\"><br \/>\nLorsqu&rsquo;une section est<br \/>\ncompl\u00e8te,<br \/>\n<\/span><\/strong><strong><span style=\"color: #339966;\">les <span style=\"text-decoration: underline;\">nouvelles demandes<\/span><br \/>\nseront inscrites<br \/>\nchronologiquement\u00a0<\/span><\/strong><br \/>\n<strong><span style=\"color: #339966;\">sur une <\/span><span style=\"text-decoration: underline;\"><span style=\"color: #339966; text-decoration: underline;\">liste d&rsquo;attente<\/span><\/span><\/strong><\/p>\n<table>\n<tbody>\n<tr>\n<td width=\"79\"><\/td>\n<td width=\"185\"><\/td>\n<td width=\"89\"><\/td>\n<td width=\"76\"><\/td>\n<\/tr>\n<tr>\n<td width=\"79\"><\/td>\n<td width=\"185\"><\/td>\n<td width=\"89\"><\/td>\n<td width=\"76\"><\/td>\n<\/tr>\n<tr>\n<td width=\"79\"><\/td>\n<td width=\"185\"><\/td>\n<td width=\"89\"><\/td>\n<td width=\"76\"><\/td>\n<\/tr>\n<tr>\n<td width=\"79\"><\/td>\n<td width=\"185\"><\/td>\n<td width=\"89\"><\/td>\n<td width=\"76\"><\/td>\n<\/tr>\n<tr>\n<td width=\"79\"><\/td>\n<td width=\"185\"><\/td>\n<td width=\"89\"><\/td>\n<td width=\"76\"><\/td>\n<\/tr>\n<tr>\n<td width=\"79\"><\/td>\n<td width=\"185\"><\/td>\n<td width=\"89\"><\/td>\n<td width=\"76\"><\/td>\n<\/tr>\n<tr>\n<td width=\"79\"><\/td>\n<td width=\"185\"><\/td>\n<td width=\"89\"><\/td>\n<td width=\"76\"><\/td>\n<\/tr>\n<tr>\n<td width=\"79\"><\/td>\n<td width=\"185\"><\/td>\n<td width=\"89\"><\/td>\n<td width=\"76\"><\/td>\n<\/tr>\n<tr>\n<td width=\"79\"><\/td>\n<td width=\"185\"><\/td>\n<td width=\"89\"><\/td>\n<td width=\"76\"><\/td>\n<\/tr>\n<tr>\n<td width=\"79\"><\/td>\n<td width=\"185\"><\/td>\n<td width=\"89\"><\/td>\n<td width=\"76\"><\/td>\n<\/tr>\n<tr>\n<td width=\"79\"><\/td>\n<td width=\"185\"><\/td>\n<td width=\"89\"><\/td>\n<td width=\"76\"><\/td>\n<\/tr>\n<tr>\n<td width=\"79\"><\/td>\n<td width=\"185\"><\/td>\n<td width=\"89\"><\/td>\n<td width=\"76\"><\/td>\n<\/tr>\n<tr>\n<td width=\"79\"><\/td>\n<td width=\"185\"><\/td>\n<td width=\"89\"><\/td>\n<td width=\"76\"><\/td>\n<\/tr>\n<tr>\n<td width=\"79\"><\/td>\n<td width=\"185\"><\/td>\n<td width=\"89\"><\/td>\n<td width=\"76\"><\/td>\n<\/tr>\n<tr>\n<td width=\"79\"><\/td>\n<td width=\"185\"><\/td>\n<td width=\"89\"><\/td>\n<td width=\"76\"><\/td>\n<\/tr>\n<tr>\n<td width=\"79\"><\/td>\n<td width=\"185\"><\/td>\n<td width=\"89\"><\/td>\n<td width=\"76\"><\/td>\n<\/tr>\n<tr>\n<td width=\"79\"><\/td>\n<td width=\"185\"><\/td>\n<td width=\"89\"><\/td>\n<td width=\"76\"><\/td>\n<\/tr>\n<tr>\n<td width=\"79\"><\/td>\n<td width=\"185\"><\/td>\n<td width=\"89\"><\/td>\n<td width=\"76\"><\/td>\n<\/tr>\n<tr>\n<td width=\"79\"><\/td>\n<td width=\"185\"><\/td>\n<td width=\"89\"><\/td>\n<td width=\"76\"><\/td>\n<\/tr>\n<tr>\n<td width=\"79\"><\/td>\n<td width=\"185\"><\/td>\n<td width=\"89\"><\/td>\n<td width=\"76\"><\/td>\n<\/tr>\n<tr>\n<td width=\"79\"><\/td>\n<td width=\"185\"><\/td>\n<td width=\"89\"><\/td>\n<td width=\"76\"><\/td>\n<\/tr>\n<tr>\n<td width=\"79\"><\/td>\n<td width=\"185\"><\/td>\n<td width=\"89\"><\/td>\n<td width=\"76\"><\/td>\n<\/tr>\n<tr>\n<td width=\"79\"><\/td>\n<td width=\"185\"><\/td>\n<td width=\"89\"><\/td>\n<td width=\"76\"><\/td>\n<\/tr>\n<\/tbody>\n<\/table>\n<div id=\"ConnectiveDocSignExtentionInstalled\" data-extension-version=\"1.0.4\"><\/div>\n","protected":false},"excerpt":{"rendered":"<p>Pour plus d&rsquo;informations : Cliquer sur la section concernee. REMARQUE : Lorsqu&rsquo;une section est compl\u00e8te, les nouvelles demandes seront inscrites chronologiquement\u00a0 sur une liste d&rsquo;attente<\/p>\n","protected":false},"author":4,"featured_media":0,"parent":0,"menu_order":0,"comment_status":"closed","ping_status":"closed","template":"","meta":{"footnotes":""},"class_list":["post-20","page","type-page","status-publish","hentry","without-featured-image"],"yoast_head":"<!-- This site is optimized with the Yoast SEO plugin v27.4 - https:\/\/yoast.com\/product\/yoast-seo-wordpress\/ -->\n<title>Nos sections - Les Jambiens<\/title>\n<meta name=\"robots\" content=\"index, follow, max-snippet:-1, max-image-preview:large, max-video-preview:-1\" \/>\n<link rel=\"canonical\" href=\"https:\/\/lesjambiens.be\/index.php\/les-sections\/\" \/>\n<meta property=\"og:locale\" content=\"fr_FR\" \/>\n<meta property=\"og:type\" content=\"article\" \/>\n<meta property=\"og:title\" content=\"Nos sections - Les Jambiens\" \/>\n<meta property=\"og:description\" content=\"Pour plus d&rsquo;informations : Cliquer sur la section concernee. REMARQUE : Lorsqu&rsquo;une section est compl\u00e8te, les nouvelles demandes seront inscrites chronologiquement\u00a0 sur une liste d&rsquo;attente\" \/>\n<meta property=\"og:url\" content=\"https:\/\/lesjambiens.be\/index.php\/les-sections\/\" \/>\n<meta property=\"og:site_name\" content=\"Les Jambiens\" \/>\n<meta property=\"article:modified_time\" content=\"2025-12-02T19:11:54+00:00\" \/>\n<meta name=\"twitter:card\" content=\"summary_large_image\" \/>\n<meta name=\"twitter:label1\" content=\"Dur\u00e9e de lecture estim\u00e9e\" \/>\n\t<meta name=\"twitter:data1\" content=\"1 minute\" \/>\n<script type=\"application\/ld+json\" class=\"yoast-schema-graph\">{\"@context\":\"https:\\\/\\\/schema.org\",\"@graph\":[{\"@type\":\"WebPage\",\"@id\":\"https:\\\/\\\/lesjambiens.be\\\/index.php\\\/les-sections\\\/\",\"url\":\"https:\\\/\\\/lesjambiens.be\\\/index.php\\\/les-sections\\\/\",\"name\":\"Nos sections - Les Jambiens\",\"isPartOf\":{\"@id\":\"https:\\\/\\\/lesjambiens.be\\\/#website\"},\"datePublished\":\"2024-03-12T10:08:21+00:00\",\"dateModified\":\"2025-12-02T19:11:54+00:00\",\"breadcrumb\":{\"@id\":\"https:\\\/\\\/lesjambiens.be\\\/index.php\\\/les-sections\\\/#breadcrumb\"},\"inLanguage\":\"fr-FR\",\"potentialAction\":[{\"@type\":\"ReadAction\",\"target\":[\"https:\\\/\\\/lesjambiens.be\\\/index.php\\\/les-sections\\\/\"]}]},{\"@type\":\"BreadcrumbList\",\"@id\":\"https:\\\/\\\/lesjambiens.be\\\/index.php\\\/les-sections\\\/#breadcrumb\",\"itemListElement\":[{\"@type\":\"ListItem\",\"position\":1,\"name\":\"Accueil\",\"item\":\"https:\\\/\\\/lesjambiens.be\\\/\"},{\"@type\":\"ListItem\",\"position\":2,\"name\":\"Nos sections\"}]},{\"@type\":\"WebSite\",\"@id\":\"https:\\\/\\\/lesjambiens.be\\\/#website\",\"url\":\"https:\\\/\\\/lesjambiens.be\\\/\",\"name\":\"Les Jambiens\",\"description\":\"Activit\u00e9s pour les a\u00een\u00e9s \u00e0 Namur\",\"potentialAction\":[{\"@type\":\"SearchAction\",\"target\":{\"@type\":\"EntryPoint\",\"urlTemplate\":\"https:\\\/\\\/lesjambiens.be\\\/?s={search_term_string}\"},\"query-input\":{\"@type\":\"PropertyValueSpecification\",\"valueRequired\":true,\"valueName\":\"search_term_string\"}}],\"inLanguage\":\"fr-FR\"}]}<\/script>\n<!-- \/ Yoast SEO plugin. -->","yoast_head_json":{"title":"Nos sections - Les Jambiens","robots":{"index":"index","follow":"follow","max-snippet":"max-snippet:-1","max-image-preview":"max-image-preview:large","max-video-preview":"max-video-preview:-1"},"canonical":"https:\/\/lesjambiens.be\/index.php\/les-sections\/","og_locale":"fr_FR","og_type":"article","og_title":"Nos sections - Les Jambiens","og_description":"Pour plus d&rsquo;informations : Cliquer sur la section concernee. REMARQUE : Lorsqu&rsquo;une section est compl\u00e8te, les nouvelles demandes seront inscrites chronologiquement\u00a0 sur une liste d&rsquo;attente","og_url":"https:\/\/lesjambiens.be\/index.php\/les-sections\/","og_site_name":"Les Jambiens","article_modified_time":"2025-12-02T19:11:54+00:00","twitter_card":"summary_large_image","twitter_misc":{"Dur\u00e9e de lecture estim\u00e9e":"1 minute"},"schema":{"@context":"https:\/\/schema.org","@graph":[{"@type":"WebPage","@id":"https:\/\/lesjambiens.be\/index.php\/les-sections\/","url":"https:\/\/lesjambiens.be\/index.php\/les-sections\/","name":"Nos sections - Les Jambiens","isPartOf":{"@id":"https:\/\/lesjambiens.be\/#website"},"datePublished":"2024-03-12T10:08:21+00:00","dateModified":"2025-12-02T19:11:54+00:00","breadcrumb":{"@id":"https:\/\/lesjambiens.be\/index.php\/les-sections\/#breadcrumb"},"inLanguage":"fr-FR","potentialAction":[{"@type":"ReadAction","target":["https:\/\/lesjambiens.be\/index.php\/les-sections\/"]}]},{"@type":"BreadcrumbList","@id":"https:\/\/lesjambiens.be\/index.php\/les-sections\/#breadcrumb","itemListElement":[{"@type":"ListItem","position":1,"name":"Accueil","item":"https:\/\/lesjambiens.be\/"},{"@type":"ListItem","position":2,"name":"Nos sections"}]},{"@type":"WebSite","@id":"https:\/\/lesjambiens.be\/#website","url":"https:\/\/lesjambiens.be\/","name":"Les Jambiens","description":"Activit\u00e9s pour les a\u00een\u00e9s \u00e0 Namur","potentialAction":[{"@type":"SearchAction","target":{"@type":"EntryPoint","urlTemplate":"https:\/\/lesjambiens.be\/?s={search_term_string}"},"query-input":{"@type":"PropertyValueSpecification","valueRequired":true,"valueName":"search_term_string"}}],"inLanguage":"fr-FR"}]}},"_links":{"self":[{"href":"https:\/\/lesjambiens.be\/index.php\/wp-json\/wp\/v2\/pages\/20","targetHints":{"allow":["GET"]}}],"collection":[{"href":"https:\/\/lesjambiens.be\/index.php\/wp-json\/wp\/v2\/pages"}],"about":[{"href":"https:\/\/lesjambiens.be\/index.php\/wp-json\/wp\/v2\/types\/page"}],"author":[{"embeddable":true,"href":"https:\/\/lesjambiens.be\/index.php\/wp-json\/wp\/v2\/users\/4"}],"replies":[{"embeddable":true,"href":"https:\/\/lesjambiens.be\/index.php\/wp-json\/wp\/v2\/comments?post=20"}],"version-history":[{"count":167,"href":"https:\/\/lesjambiens.be\/index.php\/wp-json\/wp\/v2\/pages\/20\/revisions"}],"predecessor-version":[{"id":1559,"href":"https:\/\/lesjambiens.be\/index.php\/wp-json\/wp\/v2\/pages\/20\/revisions\/1559"}],"wp:attachment":[{"href":"https:\/\/lesjambiens.be\/index.php\/wp-json\/wp\/v2\/media?parent=20"}],"curies":[{"name":"wp","href":"https:\/\/api.w.org\/{rel}","templated":true}]}}