{"id":18,"date":"2024-03-12T11:07:59","date_gmt":"2024-03-12T10:07:59","guid":{"rendered":"https:\/\/lesjambiens.be\/?page_id=18"},"modified":"2025-12-02T17:54:14","modified_gmt":"2025-12-02T16:54:14","slug":"historique","status":"publish","type":"page","link":"https:\/\/lesjambiens.be\/index.php\/historique\/","title":{"rendered":"Historique"},"content":{"rendered":"<p>&nbsp;<\/p>\n<p><img loading=\"lazy\" decoding=\"async\" class=\"wp-image-577 aligncenter\" src=\"https:\/\/lesjambiens.be\/wp-content\/uploads\/2024\/08\/221018_020_13X18-980x654-1-300x200.jpg\" alt=\"\" width=\"485\" height=\"323\" srcset=\"https:\/\/lesjambiens.be\/wp-content\/uploads\/2024\/08\/221018_020_13X18-980x654-1-300x200.jpg 300w, https:\/\/lesjambiens.be\/wp-content\/uploads\/2024\/08\/221018_020_13X18-980x654-1-768x513.jpg 768w, https:\/\/lesjambiens.be\/wp-content\/uploads\/2024\/08\/221018_020_13X18-980x654-1-569x380.jpg 569w, https:\/\/lesjambiens.be\/wp-content\/uploads\/2024\/08\/221018_020_13X18-980x654-1.jpg 980w\" sizes=\"auto, (max-width: 485px) 100vw, 485px\" \/><\/p>\n<p><strong><br \/>\n<\/strong><span style=\"color: #000000;\">Notre ASBL voit le jour le 4 septembre 1968 sous l\u2019impulsion de Monsieur Jean MATERNE, bourgmestre de l\u2019\u00e9poque. Elle porte alors le nom de \u00ab Asbl 3\u00e8me \u00e2ge de Jambes \u00bb.<\/span><\/p>\n<p><span style=\"color: #000000;\">Son action\u00a0touche principalement 4 quartiers jambois : Jambes centre, Souvenir, Am\u00e9e et Froidbise.<\/span><\/p>\n<p><span style=\"color: #000000;\">Cette Asbl a pour objectif d\u2019accueillir les personnes \u00e2g\u00e9es de 50 ans et plus de la commune, de leur proposer diverses\u00a0 animations et de favoriser la cr\u00e9ation et le d\u00e9veloppement\u00a0 de liens sociaux\u00a0 afin de lutter contre la solitude et l\u2019isolement.\u00a0Depuis 1968, bien des choses ont \u00e9volu\u00e9.<\/span><\/p>\n<p><span style=\"color: #000000;\">En 2002, conscients de leur statut d\u2019acteurs sociaux \u00e0 part enti\u00e8re et d\u00e9sireux de participer au bon fonctionnement de la soci\u00e9t\u00e9, les membres de \u00ab l\u2019Asbl 3\u00e8me \u00e2ge de Jambes \u00bb d\u00e9cident de mettre leur incontournable source d\u2019apprentissage, de soutien et de conseils au service des plus jeunes par le biais d\u2019activit\u00e9s interg\u00e9n\u00e9rationnelles.<\/span><\/p>\n<p><span style=\"color: #000000;\">Des initiations \u00e0 l\u2019utilisation du GSM et de l\u2019ordinateur sont organis\u00e9es avec la Jeune Chambre \u00c9conomique et la Maison des Jeunes de Jambes. Des f\u00eates de Saint Nicolas dynamisent les quartiers de Basse Enhaive et d\u2019Am\u00e9e.<\/span><\/p>\n<p style=\"text-align: left;\"><span style=\"color: #000000;\">En 2004, sur l\u2019initiative du Pr\u00e9sident\u00a0 Claude BEROTE, l\u2019Asbl abandonne sa d\u00e9nomination d\u2019origine au profit d\u2019une appellation mieux adapt\u00e9e \u00e0 la r\u00e9alit\u00e9 actuelle. Les membres consult\u00e9s porteront leur choix sur l\u2019appellation<em>\u00a0 <\/em><em>\u00ab <\/em>LES JAMBIENS<em> \u00bb,<\/em> \u00e0 la fois un clin d\u2019\u0153il aux origines de l\u2019association et le souhait d\u2019\u00e9vincer le crit\u00e8re \u00e2ge.<\/span><\/p>\n<p style=\"text-align: center;\"><span style=\"color: #000000;\"><em>Parce que\u00a0 chez \u00ab Les Jambiens \u00bb on ne vieillit pas !<br \/>\nParce que \u00ab\u00a0 Les Jambiens \u00bb sont des gens qui bougent !<\/em><\/span><\/p>\n<p><span style=\"color: #000000;\">Et \u00a0pour s\u2019en convaincre, il suffit de s\u2019informer sur le panel des activit\u00e9s mises en place par les diff\u00e9rentes sections. Pas moins de 18 activit\u00e9s vari\u00e9es sont organis\u00e9es tout au long de l\u2019ann\u00e9e citons : ateliers cr\u00e9atifs, couture,\u00a0 jeux de cartes, danse Les Jambettes<span style=\"text-decoration: underline;\">, <\/span>danses en ligne, gymnastique, Jambes \u00e0 points compt\u00e9s, marche, natation, p\u00e9tanque, pyramide, scrabble,\u00a0 Tai Chi Chuan, tennis de table, voyages, aromath\u00e9rapie, chorale, yoga sur chaise et CCCA. Soit du sportif, du culturel, de la d\u00e9tente, de l\u2019intellectuel, de la m\u00e9moire\u2026.<\/span><\/p>\n<p><span style=\"color: #000000;\">En 2018, notre Asbl devient Soci\u00e9t\u00e9 Royale. Le brevet de cette distinction est remis officiellement au Pr\u00e9sident par Monsieur le Gouverneur Denis MATHEN, le 18 octobre 2022.<\/span><\/p>\n<p><img loading=\"lazy\" decoding=\"async\" class=\"alignnone wp-image-568\" src=\"https:\/\/lesjambiens.be\/wp-content\/uploads\/2024\/08\/Cadre-Socite-Royale-copie.jpg\" alt=\"\" width=\"580\" height=\"765\" srcset=\"https:\/\/lesjambiens.be\/wp-content\/uploads\/2024\/08\/Cadre-Socite-Royale-copie.jpg 758w, https:\/\/lesjambiens.be\/wp-content\/uploads\/2024\/08\/Cadre-Socite-Royale-copie-227x300.jpg 227w, https:\/\/lesjambiens.be\/wp-content\/uploads\/2024\/08\/Cadre-Socite-Royale-copie-288x380.jpg 288w\" sizes=\"auto, (max-width: 580px) 100vw, 580px\" \/><\/p>\n<p><span style=\"color: #000000;\">Des festivit\u00e9s ont lieu p\u00e9riodiquement telles que : BBQ annuel en juin, f\u00eate des Rois en janvier et des animations r\u00e9currentes comme : d\u00eener de printemps de la section voyages, repas de la section les Jambettes, d\u00eener de la section p\u00e9tanque, repas de la section tennis de table, go\u00fbter de la section pyramide, exposition des objets artisanaux des ateliers cr\u00e9atifs, etc\u2026 Ces rencontres festives favorisent la convivialit\u00e9 et les bonnes relations entre les membres dont le nombre avoisine aujourd\u2019hui les 500 adh\u00e9rents.<\/span><\/p>\n<p><span style=\"color: #000000;\">Ce succ\u00e8s est d\u00fb d\u2019une part au dynamisme de personnes motiv\u00e9es qui manifestent \u00e0 qui veut l\u2019entendre que la vie vaut d\u2019\u00eatre v\u00e9cue pleinement et d\u2019autre part \u00e0 la convivialit\u00e9 des responsables de l\u2019Asbl.<\/span><\/p>\n<div id=\"ConnectiveDocSignExtentionInstalled\" data-extension-version=\"1.0.4\"><\/div>\n","protected":false},"excerpt":{"rendered":"<p>&nbsp; Notre ASBL voit le jour le 4 septembre 1968 sous l\u2019impulsion de Monsieur Jean MATERNE, bourgmestre de l\u2019\u00e9poque. Elle porte alors le nom de \u00ab Asbl 3\u00e8me \u00e2ge de &hellip; <a href=\"https:\/\/lesjambiens.be\/index.php\/historique\/\" class=\"more-link\">Lire la suite <span class=\"screen-reader-text\">Historique<\/span><\/a><\/p>\n","protected":false},"author":4,"featured_media":0,"parent":0,"menu_order":0,"comment_status":"closed","ping_status":"closed","template":"","meta":{"footnotes":""},"class_list":["post-18","page","type-page","status-publish","hentry","without-featured-image"],"yoast_head":"<!-- This site is optimized with the Yoast SEO plugin v27.4 - https:\/\/yoast.com\/product\/yoast-seo-wordpress\/ -->\n<title>Historique - Les Jambiens<\/title>\n<meta name=\"robots\" content=\"index, follow, max-snippet:-1, max-image-preview:large, max-video-preview:-1\" \/>\n<link rel=\"canonical\" href=\"https:\/\/lesjambiens.be\/index.php\/historique\/\" \/>\n<meta property=\"og:locale\" content=\"fr_FR\" \/>\n<meta property=\"og:type\" content=\"article\" \/>\n<meta property=\"og:title\" content=\"Historique - Les Jambiens\" \/>\n<meta property=\"og:description\" content=\"&nbsp; Notre ASBL voit le jour le 4 septembre 1968 sous l\u2019impulsion de Monsieur Jean MATERNE, bourgmestre de l\u2019\u00e9poque. Elle porte alors le nom de \u00ab Asbl 3\u00e8me \u00e2ge de &hellip; Lire la suite Historique\" \/>\n<meta property=\"og:url\" content=\"https:\/\/lesjambiens.be\/index.php\/historique\/\" \/>\n<meta property=\"og:site_name\" content=\"Les Jambiens\" \/>\n<meta property=\"article:modified_time\" content=\"2025-12-02T16:54:14+00:00\" \/>\n<meta property=\"og:image\" content=\"http:\/\/lesjambiens.be\/wp-content\/uploads\/2024\/08\/221018_020_13X18-980x654-1-300x200.jpg\" \/>\n<meta name=\"twitter:card\" content=\"summary_large_image\" \/>\n<meta name=\"twitter:label1\" content=\"Dur\u00e9e de lecture estim\u00e9e\" \/>\n\t<meta name=\"twitter:data1\" content=\"3 minutes\" \/>\n<script type=\"application\/ld+json\" class=\"yoast-schema-graph\">{\"@context\":\"https:\\\/\\\/schema.org\",\"@graph\":[{\"@type\":\"WebPage\",\"@id\":\"https:\\\/\\\/lesjambiens.be\\\/index.php\\\/historique\\\/\",\"url\":\"https:\\\/\\\/lesjambiens.be\\\/index.php\\\/historique\\\/\",\"name\":\"Historique - Les Jambiens\",\"isPartOf\":{\"@id\":\"https:\\\/\\\/lesjambiens.be\\\/#website\"},\"primaryImageOfPage\":{\"@id\":\"https:\\\/\\\/lesjambiens.be\\\/index.php\\\/historique\\\/#primaryimage\"},\"image\":{\"@id\":\"https:\\\/\\\/lesjambiens.be\\\/index.php\\\/historique\\\/#primaryimage\"},\"thumbnailUrl\":\"http:\\\/\\\/lesjambiens.be\\\/wp-content\\\/uploads\\\/2024\\\/08\\\/221018_020_13X18-980x654-1-300x200.jpg\",\"datePublished\":\"2024-03-12T10:07:59+00:00\",\"dateModified\":\"2025-12-02T16:54:14+00:00\",\"breadcrumb\":{\"@id\":\"https:\\\/\\\/lesjambiens.be\\\/index.php\\\/historique\\\/#breadcrumb\"},\"inLanguage\":\"fr-FR\",\"potentialAction\":[{\"@type\":\"ReadAction\",\"target\":[\"https:\\\/\\\/lesjambiens.be\\\/index.php\\\/historique\\\/\"]}]},{\"@type\":\"ImageObject\",\"inLanguage\":\"fr-FR\",\"@id\":\"https:\\\/\\\/lesjambiens.be\\\/index.php\\\/historique\\\/#primaryimage\",\"url\":\"http:\\\/\\\/lesjambiens.be\\\/wp-content\\\/uploads\\\/2024\\\/08\\\/221018_020_13X18-980x654-1-300x200.jpg\",\"contentUrl\":\"http:\\\/\\\/lesjambiens.be\\\/wp-content\\\/uploads\\\/2024\\\/08\\\/221018_020_13X18-980x654-1-300x200.jpg\"},{\"@type\":\"BreadcrumbList\",\"@id\":\"https:\\\/\\\/lesjambiens.be\\\/index.php\\\/historique\\\/#breadcrumb\",\"itemListElement\":[{\"@type\":\"ListItem\",\"position\":1,\"name\":\"Accueil\",\"item\":\"https:\\\/\\\/lesjambiens.be\\\/\"},{\"@type\":\"ListItem\",\"position\":2,\"name\":\"Historique\"}]},{\"@type\":\"WebSite\",\"@id\":\"https:\\\/\\\/lesjambiens.be\\\/#website\",\"url\":\"https:\\\/\\\/lesjambiens.be\\\/\",\"name\":\"Les Jambiens\",\"description\":\"Activit\u00e9s pour les a\u00een\u00e9s \u00e0 Namur\",\"potentialAction\":[{\"@type\":\"SearchAction\",\"target\":{\"@type\":\"EntryPoint\",\"urlTemplate\":\"https:\\\/\\\/lesjambiens.be\\\/?s={search_term_string}\"},\"query-input\":{\"@type\":\"PropertyValueSpecification\",\"valueRequired\":true,\"valueName\":\"search_term_string\"}}],\"inLanguage\":\"fr-FR\"}]}<\/script>\n<!-- \/ Yoast SEO plugin. -->","yoast_head_json":{"title":"Historique - Les Jambiens","robots":{"index":"index","follow":"follow","max-snippet":"max-snippet:-1","max-image-preview":"max-image-preview:large","max-video-preview":"max-video-preview:-1"},"canonical":"https:\/\/lesjambiens.be\/index.php\/historique\/","og_locale":"fr_FR","og_type":"article","og_title":"Historique - Les Jambiens","og_description":"&nbsp; Notre ASBL voit le jour le 4 septembre 1968 sous l\u2019impulsion de Monsieur Jean MATERNE, bourgmestre de l\u2019\u00e9poque. Elle porte alors le nom de \u00ab Asbl 3\u00e8me \u00e2ge de &hellip; Lire la suite Historique","og_url":"https:\/\/lesjambiens.be\/index.php\/historique\/","og_site_name":"Les Jambiens","article_modified_time":"2025-12-02T16:54:14+00:00","og_image":[{"url":"http:\/\/lesjambiens.be\/wp-content\/uploads\/2024\/08\/221018_020_13X18-980x654-1-300x200.jpg","type":"","width":"","height":""}],"twitter_card":"summary_large_image","twitter_misc":{"Dur\u00e9e de lecture estim\u00e9e":"3 minutes"},"schema":{"@context":"https:\/\/schema.org","@graph":[{"@type":"WebPage","@id":"https:\/\/lesjambiens.be\/index.php\/historique\/","url":"https:\/\/lesjambiens.be\/index.php\/historique\/","name":"Historique - Les Jambiens","isPartOf":{"@id":"https:\/\/lesjambiens.be\/#website"},"primaryImageOfPage":{"@id":"https:\/\/lesjambiens.be\/index.php\/historique\/#primaryimage"},"image":{"@id":"https:\/\/lesjambiens.be\/index.php\/historique\/#primaryimage"},"thumbnailUrl":"http:\/\/lesjambiens.be\/wp-content\/uploads\/2024\/08\/221018_020_13X18-980x654-1-300x200.jpg","datePublished":"2024-03-12T10:07:59+00:00","dateModified":"2025-12-02T16:54:14+00:00","breadcrumb":{"@id":"https:\/\/lesjambiens.be\/index.php\/historique\/#breadcrumb"},"inLanguage":"fr-FR","potentialAction":[{"@type":"ReadAction","target":["https:\/\/lesjambiens.be\/index.php\/historique\/"]}]},{"@type":"ImageObject","inLanguage":"fr-FR","@id":"https:\/\/lesjambiens.be\/index.php\/historique\/#primaryimage","url":"http:\/\/lesjambiens.be\/wp-content\/uploads\/2024\/08\/221018_020_13X18-980x654-1-300x200.jpg","contentUrl":"http:\/\/lesjambiens.be\/wp-content\/uploads\/2024\/08\/221018_020_13X18-980x654-1-300x200.jpg"},{"@type":"BreadcrumbList","@id":"https:\/\/lesjambiens.be\/index.php\/historique\/#breadcrumb","itemListElement":[{"@type":"ListItem","position":1,"name":"Accueil","item":"https:\/\/lesjambiens.be\/"},{"@type":"ListItem","position":2,"name":"Historique"}]},{"@type":"WebSite","@id":"https:\/\/lesjambiens.be\/#website","url":"https:\/\/lesjambiens.be\/","name":"Les Jambiens","description":"Activit\u00e9s pour les a\u00een\u00e9s \u00e0 Namur","potentialAction":[{"@type":"SearchAction","target":{"@type":"EntryPoint","urlTemplate":"https:\/\/lesjambiens.be\/?s={search_term_string}"},"query-input":{"@type":"PropertyValueSpecification","valueRequired":true,"valueName":"search_term_string"}}],"inLanguage":"fr-FR"}]}},"_links":{"self":[{"href":"https:\/\/lesjambiens.be\/index.php\/wp-json\/wp\/v2\/pages\/18","targetHints":{"allow":["GET"]}}],"collection":[{"href":"https:\/\/lesjambiens.be\/index.php\/wp-json\/wp\/v2\/pages"}],"about":[{"href":"https:\/\/lesjambiens.be\/index.php\/wp-json\/wp\/v2\/types\/page"}],"author":[{"embeddable":true,"href":"https:\/\/lesjambiens.be\/index.php\/wp-json\/wp\/v2\/users\/4"}],"replies":[{"embeddable":true,"href":"https:\/\/lesjambiens.be\/index.php\/wp-json\/wp\/v2\/comments?post=18"}],"version-history":[{"count":42,"href":"https:\/\/lesjambiens.be\/index.php\/wp-json\/wp\/v2\/pages\/18\/revisions"}],"predecessor-version":[{"id":1536,"href":"https:\/\/lesjambiens.be\/index.php\/wp-json\/wp\/v2\/pages\/18\/revisions\/1536"}],"wp:attachment":[{"href":"https:\/\/lesjambiens.be\/index.php\/wp-json\/wp\/v2\/media?parent=18"}],"curies":[{"name":"wp","href":"https:\/\/api.w.org\/{rel}","templated":true}]}}