{"id":16,"date":"2024-03-12T11:07:32","date_gmt":"2024-03-12T10:07:32","guid":{"rendered":"https:\/\/lesjambiens.be\/?page_id=16"},"modified":"2024-09-18T00:47:36","modified_gmt":"2024-09-17T22:47:36","slug":"lequipe","status":"publish","type":"page","link":"https:\/\/lesjambiens.be\/index.php\/lequipe\/","title":{"rendered":"L&rsquo;\u00e9quipe"},"content":{"rendered":"<div class=\"su-quote su-quote-style-default su-quote-has-cite\"><div class=\"su-quote-inner su-u-clearfix su-u-trim\"><strong>Aucun de nous ne sait ce que nous savons tous, ensemble<\/strong>. <span class=\"su-quote-cite\">Euripide<\/span><\/div><\/div>\n<div><\/div>\n<div><\/div>\n<div><\/div>\n<div><\/div>\n<div><\/div>\n<div>\n<hr \/>\n<\/div>\n<div><\/div>\n<div>\n<h3><img loading=\"lazy\" decoding=\"async\" class=\"alignnone wp-image-633\" src=\"https:\/\/lesjambiens.be\/wp-content\/uploads\/2024\/08\/PS-Web-109-photo-Copie-copie-258x300.jpg\" alt=\"\" width=\"148\" height=\"172\" srcset=\"https:\/\/lesjambiens.be\/wp-content\/uploads\/2024\/08\/PS-Web-109-photo-Copie-copie-258x300.jpg 258w, https:\/\/lesjambiens.be\/wp-content\/uploads\/2024\/08\/PS-Web-109-photo-Copie-copie.jpg 527w, https:\/\/lesjambiens.be\/wp-content\/uploads\/2024\/08\/PS-Web-109-photo-Copie-copie-327x380.jpg 327w\" sizes=\"auto, (max-width: 148px) 100vw, 148px\" \/>\u00a0\u00a0<strong> Daniel Recloux<\/strong> &#8211; Pr\u00e9sident<\/h3>\n<hr \/>\n<h3><img loading=\"lazy\" decoding=\"async\" class=\"alignnone wp-image-530\" src=\"https:\/\/lesjambiens.be\/wp-content\/uploads\/2024\/08\/IMG_0888-copie-300x300.jpg\" alt=\"\" width=\"148\" height=\"148\" srcset=\"https:\/\/lesjambiens.be\/wp-content\/uploads\/2024\/08\/IMG_0888-copie-300x300.jpg 300w, https:\/\/lesjambiens.be\/wp-content\/uploads\/2024\/08\/IMG_0888-copie-150x150.jpg 150w, https:\/\/lesjambiens.be\/wp-content\/uploads\/2024\/08\/IMG_0888-copie-90x90.jpg 90w, https:\/\/lesjambiens.be\/wp-content\/uploads\/2024\/08\/IMG_0888-copie-380x380.jpg 380w, https:\/\/lesjambiens.be\/wp-content\/uploads\/2024\/08\/IMG_0888-copie-45x45.jpg 45w, https:\/\/lesjambiens.be\/wp-content\/uploads\/2024\/08\/IMG_0888-copie.jpg 721w\" sizes=\"auto, (max-width: 148px) 100vw, 148px\" \/>\u00a0\u00a0 <strong>Genevi\u00e8ve Bughin<\/strong>&#8211; VICE-Pr\u00e9sidentE<\/h3>\n<hr \/>\n<\/div>\n<h3><img loading=\"lazy\" decoding=\"async\" class=\"alignnone size-thumbnail wp-image-101\" src=\"https:\/\/lesjambiens.be\/wp-content\/uploads\/2024\/03\/Johnny_Deremince-150x150.jpg\" alt=\"\" width=\"150\" height=\"150\" srcset=\"https:\/\/lesjambiens.be\/wp-content\/uploads\/2024\/03\/Johnny_Deremince-150x150.jpg 150w, https:\/\/lesjambiens.be\/wp-content\/uploads\/2024\/03\/Johnny_Deremince-298x300.jpg 298w, https:\/\/lesjambiens.be\/wp-content\/uploads\/2024\/03\/Johnny_Deremince-1018x1024.jpg 1018w, https:\/\/lesjambiens.be\/wp-content\/uploads\/2024\/03\/Johnny_Deremince-768x773.jpg 768w, https:\/\/lesjambiens.be\/wp-content\/uploads\/2024\/03\/Johnny_Deremince-90x90.jpg 90w, https:\/\/lesjambiens.be\/wp-content\/uploads\/2024\/03\/Johnny_Deremince-378x380.jpg 378w, https:\/\/lesjambiens.be\/wp-content\/uploads\/2024\/03\/Johnny_Deremince-45x45.jpg 45w, https:\/\/lesjambiens.be\/wp-content\/uploads\/2024\/03\/Johnny_Deremince.jpg 1526w\" sizes=\"auto, (max-width: 150px) 100vw, 150px\" \/>\u00a0 \u00a0<strong>Johnny Deremince<\/strong> &#8211; Secr\u00e9taire<\/h3>\n<hr \/>\n<h3><img loading=\"lazy\" decoding=\"async\" class=\"alignnone wp-image-413\" src=\"https:\/\/lesjambiens.be\/wp-content\/uploads\/2024\/08\/Sonia-rectif-yeux-copie.jpg\" alt=\"\" width=\"151\" height=\"172\" \/>\u00a0 <strong>Sonia Wilmart<\/strong> &#8211; tr\u00e9sori\u00e8re<\/h3>\n<p>&nbsp;<\/p>\n<p>&nbsp;<\/p>\n<p>&nbsp;<\/p>\n<div id=\"ConnectiveDocSignExtentionInstalled\" data-extension-version=\"1.0.4\"><\/div>\n","protected":false},"excerpt":{"rendered":"<p>\u00a0\u00a0 Daniel Recloux &#8211; Pr\u00e9sident \u00a0\u00a0 Genevi\u00e8ve Bughin&#8211; VICE-Pr\u00e9sidentE \u00a0 \u00a0Johnny Deremince &#8211; Secr\u00e9taire \u00a0 Sonia Wilmart &#8211; tr\u00e9sori\u00e8re &nbsp; &nbsp; &nbsp;<\/p>\n","protected":false},"author":4,"featured_media":0,"parent":0,"menu_order":0,"comment_status":"closed","ping_status":"closed","template":"","meta":{"footnotes":""},"class_list":["post-16","page","type-page","status-publish","hentry","without-featured-image"],"yoast_head":"<!-- This site is optimized with the Yoast SEO plugin v27.4 - https:\/\/yoast.com\/product\/yoast-seo-wordpress\/ -->\n<title>L&#039;\u00e9quipe - Les Jambiens<\/title>\n<meta name=\"robots\" content=\"index, follow, max-snippet:-1, max-image-preview:large, max-video-preview:-1\" \/>\n<link rel=\"canonical\" href=\"https:\/\/lesjambiens.be\/index.php\/lequipe\/\" \/>\n<meta property=\"og:locale\" content=\"fr_FR\" \/>\n<meta property=\"og:type\" content=\"article\" \/>\n<meta property=\"og:title\" content=\"L&#039;\u00e9quipe - Les Jambiens\" \/>\n<meta property=\"og:description\" content=\"\u00a0\u00a0 Daniel Recloux &#8211; Pr\u00e9sident \u00a0\u00a0 Genevi\u00e8ve Bughin&#8211; VICE-Pr\u00e9sidentE \u00a0 \u00a0Johnny Deremince &#8211; Secr\u00e9taire \u00a0 Sonia Wilmart &#8211; tr\u00e9sori\u00e8re &nbsp; &nbsp; &nbsp;\" \/>\n<meta property=\"og:url\" content=\"https:\/\/lesjambiens.be\/index.php\/lequipe\/\" \/>\n<meta property=\"og:site_name\" content=\"Les Jambiens\" \/>\n<meta property=\"article:modified_time\" content=\"2024-09-17T22:47:36+00:00\" \/>\n<meta property=\"og:image\" content=\"http:\/\/lesjambiens.be\/wp-content\/uploads\/2024\/08\/PS-Web-109-photo-Copie-copie-258x300.jpg\" \/>\n<meta name=\"twitter:card\" content=\"summary_large_image\" \/>\n<meta name=\"twitter:label1\" content=\"Dur\u00e9e de lecture estim\u00e9e\" \/>\n\t<meta name=\"twitter:data1\" content=\"1 minute\" \/>\n<script type=\"application\/ld+json\" class=\"yoast-schema-graph\">{\"@context\":\"https:\\\/\\\/schema.org\",\"@graph\":[{\"@type\":\"WebPage\",\"@id\":\"https:\\\/\\\/lesjambiens.be\\\/index.php\\\/lequipe\\\/\",\"url\":\"https:\\\/\\\/lesjambiens.be\\\/index.php\\\/lequipe\\\/\",\"name\":\"L'\u00e9quipe - Les Jambiens\",\"isPartOf\":{\"@id\":\"https:\\\/\\\/lesjambiens.be\\\/#website\"},\"primaryImageOfPage\":{\"@id\":\"https:\\\/\\\/lesjambiens.be\\\/index.php\\\/lequipe\\\/#primaryimage\"},\"image\":{\"@id\":\"https:\\\/\\\/lesjambiens.be\\\/index.php\\\/lequipe\\\/#primaryimage\"},\"thumbnailUrl\":\"http:\\\/\\\/lesjambiens.be\\\/wp-content\\\/uploads\\\/2024\\\/08\\\/PS-Web-109-photo-Copie-copie-258x300.jpg\",\"datePublished\":\"2024-03-12T10:07:32+00:00\",\"dateModified\":\"2024-09-17T22:47:36+00:00\",\"breadcrumb\":{\"@id\":\"https:\\\/\\\/lesjambiens.be\\\/index.php\\\/lequipe\\\/#breadcrumb\"},\"inLanguage\":\"fr-FR\",\"potentialAction\":[{\"@type\":\"ReadAction\",\"target\":[\"https:\\\/\\\/lesjambiens.be\\\/index.php\\\/lequipe\\\/\"]}]},{\"@type\":\"ImageObject\",\"inLanguage\":\"fr-FR\",\"@id\":\"https:\\\/\\\/lesjambiens.be\\\/index.php\\\/lequipe\\\/#primaryimage\",\"url\":\"https:\\\/\\\/lesjambiens.be\\\/wp-content\\\/uploads\\\/2024\\\/08\\\/PS-Web-109-photo-Copie-copie.jpg\",\"contentUrl\":\"https:\\\/\\\/lesjambiens.be\\\/wp-content\\\/uploads\\\/2024\\\/08\\\/PS-Web-109-photo-Copie-copie.jpg\",\"width\":527,\"height\":612},{\"@type\":\"BreadcrumbList\",\"@id\":\"https:\\\/\\\/lesjambiens.be\\\/index.php\\\/lequipe\\\/#breadcrumb\",\"itemListElement\":[{\"@type\":\"ListItem\",\"position\":1,\"name\":\"Accueil\",\"item\":\"https:\\\/\\\/lesjambiens.be\\\/\"},{\"@type\":\"ListItem\",\"position\":2,\"name\":\"L&rsquo;\u00e9quipe\"}]},{\"@type\":\"WebSite\",\"@id\":\"https:\\\/\\\/lesjambiens.be\\\/#website\",\"url\":\"https:\\\/\\\/lesjambiens.be\\\/\",\"name\":\"Les Jambiens\",\"description\":\"Activit\u00e9s pour les a\u00een\u00e9s \u00e0 Namur\",\"potentialAction\":[{\"@type\":\"SearchAction\",\"target\":{\"@type\":\"EntryPoint\",\"urlTemplate\":\"https:\\\/\\\/lesjambiens.be\\\/?s={search_term_string}\"},\"query-input\":{\"@type\":\"PropertyValueSpecification\",\"valueRequired\":true,\"valueName\":\"search_term_string\"}}],\"inLanguage\":\"fr-FR\"}]}<\/script>\n<!-- \/ Yoast SEO plugin. -->","yoast_head_json":{"title":"L'\u00e9quipe - Les Jambiens","robots":{"index":"index","follow":"follow","max-snippet":"max-snippet:-1","max-image-preview":"max-image-preview:large","max-video-preview":"max-video-preview:-1"},"canonical":"https:\/\/lesjambiens.be\/index.php\/lequipe\/","og_locale":"fr_FR","og_type":"article","og_title":"L'\u00e9quipe - Les Jambiens","og_description":"\u00a0\u00a0 Daniel Recloux &#8211; Pr\u00e9sident \u00a0\u00a0 Genevi\u00e8ve Bughin&#8211; VICE-Pr\u00e9sidentE \u00a0 \u00a0Johnny Deremince &#8211; Secr\u00e9taire \u00a0 Sonia Wilmart &#8211; tr\u00e9sori\u00e8re &nbsp; &nbsp; &nbsp;","og_url":"https:\/\/lesjambiens.be\/index.php\/lequipe\/","og_site_name":"Les Jambiens","article_modified_time":"2024-09-17T22:47:36+00:00","og_image":[{"url":"http:\/\/lesjambiens.be\/wp-content\/uploads\/2024\/08\/PS-Web-109-photo-Copie-copie-258x300.jpg","type":"","width":"","height":""}],"twitter_card":"summary_large_image","twitter_misc":{"Dur\u00e9e de lecture estim\u00e9e":"1 minute"},"schema":{"@context":"https:\/\/schema.org","@graph":[{"@type":"WebPage","@id":"https:\/\/lesjambiens.be\/index.php\/lequipe\/","url":"https:\/\/lesjambiens.be\/index.php\/lequipe\/","name":"L'\u00e9quipe - Les Jambiens","isPartOf":{"@id":"https:\/\/lesjambiens.be\/#website"},"primaryImageOfPage":{"@id":"https:\/\/lesjambiens.be\/index.php\/lequipe\/#primaryimage"},"image":{"@id":"https:\/\/lesjambiens.be\/index.php\/lequipe\/#primaryimage"},"thumbnailUrl":"http:\/\/lesjambiens.be\/wp-content\/uploads\/2024\/08\/PS-Web-109-photo-Copie-copie-258x300.jpg","datePublished":"2024-03-12T10:07:32+00:00","dateModified":"2024-09-17T22:47:36+00:00","breadcrumb":{"@id":"https:\/\/lesjambiens.be\/index.php\/lequipe\/#breadcrumb"},"inLanguage":"fr-FR","potentialAction":[{"@type":"ReadAction","target":["https:\/\/lesjambiens.be\/index.php\/lequipe\/"]}]},{"@type":"ImageObject","inLanguage":"fr-FR","@id":"https:\/\/lesjambiens.be\/index.php\/lequipe\/#primaryimage","url":"https:\/\/lesjambiens.be\/wp-content\/uploads\/2024\/08\/PS-Web-109-photo-Copie-copie.jpg","contentUrl":"https:\/\/lesjambiens.be\/wp-content\/uploads\/2024\/08\/PS-Web-109-photo-Copie-copie.jpg","width":527,"height":612},{"@type":"BreadcrumbList","@id":"https:\/\/lesjambiens.be\/index.php\/lequipe\/#breadcrumb","itemListElement":[{"@type":"ListItem","position":1,"name":"Accueil","item":"https:\/\/lesjambiens.be\/"},{"@type":"ListItem","position":2,"name":"L&rsquo;\u00e9quipe"}]},{"@type":"WebSite","@id":"https:\/\/lesjambiens.be\/#website","url":"https:\/\/lesjambiens.be\/","name":"Les Jambiens","description":"Activit\u00e9s pour les a\u00een\u00e9s \u00e0 Namur","potentialAction":[{"@type":"SearchAction","target":{"@type":"EntryPoint","urlTemplate":"https:\/\/lesjambiens.be\/?s={search_term_string}"},"query-input":{"@type":"PropertyValueSpecification","valueRequired":true,"valueName":"search_term_string"}}],"inLanguage":"fr-FR"}]}},"_links":{"self":[{"href":"https:\/\/lesjambiens.be\/index.php\/wp-json\/wp\/v2\/pages\/16","targetHints":{"allow":["GET"]}}],"collection":[{"href":"https:\/\/lesjambiens.be\/index.php\/wp-json\/wp\/v2\/pages"}],"about":[{"href":"https:\/\/lesjambiens.be\/index.php\/wp-json\/wp\/v2\/types\/page"}],"author":[{"embeddable":true,"href":"https:\/\/lesjambiens.be\/index.php\/wp-json\/wp\/v2\/users\/4"}],"replies":[{"embeddable":true,"href":"https:\/\/lesjambiens.be\/index.php\/wp-json\/wp\/v2\/comments?post=16"}],"version-history":[{"count":17,"href":"https:\/\/lesjambiens.be\/index.php\/wp-json\/wp\/v2\/pages\/16\/revisions"}],"predecessor-version":[{"id":763,"href":"https:\/\/lesjambiens.be\/index.php\/wp-json\/wp\/v2\/pages\/16\/revisions\/763"}],"wp:attachment":[{"href":"https:\/\/lesjambiens.be\/index.php\/wp-json\/wp\/v2\/media?parent=16"}],"curies":[{"name":"wp","href":"https:\/\/api.w.org\/{rel}","templated":true}]}}