{"id":1465,"date":"2025-11-03T01:33:28","date_gmt":"2025-11-03T00:33:28","guid":{"rendered":"https:\/\/lesjambiens.be\/?page_id=1465"},"modified":"2026-01-21T00:37:12","modified_gmt":"2026-01-20T23:37:12","slug":"tableau-horaire-recapitulatif","status":"publish","type":"page","link":"https:\/\/lesjambiens.be\/index.php\/tableau-horaire-recapitulatif\/","title":{"rendered":"Tableau horaire r\u00e9capitulatif"},"content":{"rendered":"<h4><strong><span style=\"color: #000000;\">Janvier 2026<\/span><\/strong><\/h4>\n<p>Cliquez sur<span style=\"text-decoration: underline;\"><strong> le<\/strong><strong> nom d&rsquo;une section<\/strong><\/span><strong> <span style=\"color: #ff6600;\">(en rouge)<\/span> <\/strong>pour acc\u00e9der au d\u00e9tail de sa page<\/p>\n<p><span style=\"color: #339966;\"><strong><span style=\"text-decoration: underline;\">REMARQUE<\/span> : Lorsqu&rsquo;une section est compl\u00e8te, <\/strong><strong>les nouvelles demandes<br \/>\nseront inscrites chronologiquement <\/strong><strong>sur une liste d&rsquo;attente<\/strong><\/span><\/p>\n<p>&nbsp;<\/p>\n<table>\n<tbody>\n<tr>\n<td width=\"79\">\n<h4><strong>JOUR<\/strong><\/h4>\n<\/td>\n<td width=\"185\">\n<h4><strong>SECTION<\/strong><\/h4>\n<\/td>\n<td width=\"76\">\n<h4><strong>HORAIRE<\/strong><\/h4>\n<\/td>\n<td width=\"88\">\n<h4><strong>LIEU<\/strong><\/h4>\n<\/td>\n<\/tr>\n<tr>\n<td width=\"79\"><strong>LUNDI<\/strong><\/td>\n<td width=\"185\"><strong><strong><a href=\"https:\/\/lesjambiens.be\/index.php\/yoga-sur-chaise\/\" target=\"_blank\" rel=\"noopener\">Yoga sur chaise<\/a><br \/>\n<\/strong><\/strong>1er groupe<strong><strong><br \/>\n<\/strong><\/strong><\/td>\n<td width=\"76\">10h00 \u00e0 11h00<\/td>\n<td width=\"88\">Grande salle Materne<\/td>\n<\/tr>\n<tr>\n<td width=\"79\"><\/td>\n<td width=\"185\"><a href=\"https:\/\/lesjambiens.be\/index.php\/les-sections\/tennis-de-table\/\" target=\"_blank\" rel=\"noopener\"><strong>Tennis de table<\/strong><\/a><\/td>\n<td width=\"76\">13h30 \u00e0 17h30<\/td>\n<td width=\"88\">Centre Culturel de G\u00e9ronsart<\/td>\n<\/tr>\n<tr>\n<td width=\"79\"><\/td>\n<td width=\"185\"><a href=\"https:\/\/lesjambiens.be\/index.php\/les-sections\/les-jambettes\/\" target=\"_blank\" rel=\"noopener\"><strong>Danse<br \/>\n\u00ab\u00a0Les Jambettes\u00a0\u00bb<\/strong><\/a><\/td>\n<td width=\"76\">15h30 \u00e0 18h30<\/td>\n<td width=\"88\">Grande salle Materne<\/td>\n<\/tr>\n<tr>\n<td width=\"79\"><\/td>\n<td width=\"185\"><a href=\"https:\/\/lesjambiens.be\/index.php\/les-sections\/ateliers-aromatherapie\/\" target=\"_blank\" rel=\"noopener\"><strong>Aromath\u00e9rapie<\/strong><\/a><br \/>\nle 1<sup>er <\/sup>du mois<\/td>\n<td width=\"76\">16h00 \u00e0 19h00<\/td>\n<td width=\"88\">Petite salle Materne<\/td>\n<\/tr>\n<tr>\n<td width=\"79\"><\/td>\n<td width=\"185\"><a href=\"https:\/\/lesjambiens.be\/index.php\/les-sections\/a-points-comptes\/\" target=\"_blank\" rel=\"noopener\"><strong>Broderie<br \/>\n\u00ab\u00a0Jambes \u00e0 points compt\u00e9s\u00a0\u00bb<\/strong><\/a><\/td>\n<td width=\"76\">19h30 \u00e0 22h00<\/td>\n<td width=\"88\">Grande salle Materne<\/td>\n<\/tr>\n<tr>\n<td width=\"79\"><strong>MARDI<\/strong><\/td>\n<td width=\"185\"><a href=\"https:\/\/lesjambiens.be\/index.php\/les-sections\/couture\/\" target=\"_blank\" rel=\"noopener\"><strong>Couture \/ Patchwork<br \/>\n\u00ab\u00a0Les cousettes\u00a0\u00bb<\/strong><\/a><\/td>\n<td width=\"76\">09h30 \u00e0 12h30<\/td>\n<td width=\"88\">Grande salle Materne<\/td>\n<\/tr>\n<tr>\n<td width=\"79\"><\/td>\n<td width=\"185\"><a href=\"https:\/\/lesjambiens.be\/index.php\/les-sections\/aquagym\/\" target=\"_blank\" rel=\"noopener\"><strong>Aqua-Gym<\/strong><\/a><\/td>\n<td width=\"76\">09h45 \u00e0 10h45<\/td>\n<td width=\"88\">Piscine de Jambes<\/td>\n<\/tr>\n<tr>\n<td width=\"79\"><\/td>\n<td width=\"185\"><a href=\"https:\/\/lesjambiens.be\/index.php\/les-sections\/atelier-creatif\/\" target=\"_blank\" rel=\"noopener\"><strong>Ateliers cr\u00e9atifs<\/strong><\/a><\/td>\n<td width=\"76\">13h00 \u00e0 17h00<\/td>\n<td width=\"88\">Petite salle Materne<\/td>\n<\/tr>\n<tr>\n<td width=\"79\"><\/td>\n<td width=\"185\"><a href=\"https:\/\/lesjambiens.be\/index.php\/les-sections\/jeux-de-cartes\/\" target=\"_blank\" rel=\"noopener\"><strong>Cartes (Whist)<\/strong><\/a><\/td>\n<td width=\"76\">13h15 \u00e0 17h15<\/td>\n<td width=\"88\">Grande salle Materne<\/td>\n<\/tr>\n<tr>\n<td width=\"79\"><strong>MERCREDI<\/strong><\/td>\n<td width=\"185\"><strong>R\u00e9union Comit\u00e9 de Gestion<br \/>\n(les 1<sup>er<\/sup> et 3<sup>\u00e8me<\/sup> du mois)<\/strong><\/td>\n<td width=\"76\">09h00 \u00e0 12h00<\/td>\n<td width=\"88\">Petite salle Materne<\/td>\n<\/tr>\n<tr>\n<td width=\"79\"><\/td>\n<td width=\"185\"><strong><a href=\"https:\/\/lesjambiens.be\/index.php\/les-sections\/pyramide\/\" target=\"_blank\" rel=\"noopener\">Pyramide<\/a><br \/>\n<\/strong><strong>(les 1<sup>er<\/sup> et 3<sup>\u00e8me<\/sup> du mois)<\/strong><\/td>\n<td width=\"76\">19h15 \u00e0 22h00<\/td>\n<td width=\"88\">Grande salle Materne<\/td>\n<\/tr>\n<tr>\n<td width=\"79\"><\/td>\n<td width=\"185\"><strong><a href=\"https:\/\/lesjambiens.be\/index.php\/les-sections\/pyramide\/\" target=\"_blank\" rel=\"noopener\">Pyramide<\/a><br \/>\n<\/strong><strong>(les 2<sup>\u00e8me<\/sup> et 4<sup>\u00e8me<\/sup> du mois)<\/strong><\/td>\n<td width=\"76\">13h30 \u00e0 17h00<\/td>\n<td width=\"88\">Grande salle Materne<\/td>\n<\/tr>\n<tr>\n<td width=\"79\"><\/td>\n<td width=\"185\"><strong><a href=\"https:\/\/lesjambiens.be\/index.php\/les-sections\/chorale\/\" target=\"_blank\" rel=\"noopener\">Chorale \/ polyphonie<\/a><br \/>\n<\/strong><strong>(les 2<sup>\u00e8me<\/sup> et 4<sup>\u00e8me<\/sup> du mois)<\/strong><\/td>\n<td width=\"76\">09h30 \u00e0 12h30<\/td>\n<td width=\"88\">Petite salle Materne<\/td>\n<\/tr>\n<tr>\n<td width=\"79\"><\/td>\n<td width=\"185\"><a href=\"https:\/\/lesjambiens.be\/index.php\/les-sections\/petanque\/\" target=\"_blank\" rel=\"noopener\"><strong>P\u00e9tanque<br \/>\n\u00ab\u00a0Les Boules M\u00fbres)<\/strong><\/a><\/td>\n<td width=\"76\">13h00 \u00e0 19h00<\/td>\n<td width=\"88\">Rue des Tautis, 1<br \/>\nBelgrade<\/td>\n<\/tr>\n<tr>\n<td width=\"79\"><\/td>\n<td width=\"185\"><strong><a href=\"https:\/\/lesjambiens.be\/index.php\/les-sections\/jeux-de-cartes\/\" target=\"_blank\" rel=\"noopener\">Cartes (Whist)<\/a><br \/>\n<\/strong><strong>(les 1er et 3<sup>\u00e8me<\/sup> du mois)<\/strong><\/td>\n<td width=\"76\">13h15 \u00e0 17h15<\/td>\n<td width=\"88\">Grande salle Materne<\/td>\n<\/tr>\n<tr>\n<td width=\"79\"><\/td>\n<td width=\"185\"><a href=\"https:\/\/lesjambiens.be\/index.php\/les-sections\/gymnastique\/\" target=\"_blank\" rel=\"noopener\"><strong>Gymnastique<\/strong><\/a><\/td>\n<td width=\"76\">14h30 \u00e0 15h30<\/td>\n<td width=\"88\">Ch\u00e2teau d\u2019Am\u00e9e<\/td>\n<\/tr>\n<tr>\n<td width=\"79\"><strong>JEUDI<\/strong><\/td>\n<td width=\"185\"><strong><a href=\"https:\/\/lesjambiens.be\/index.php\/les-sections\/marche\/\" target=\"_blank\" rel=\"noopener\">Marches de 5 km et 10 km<\/a><br \/>\nselon les pr\u00e9visions \u00e0 consulter sur la page de la section<\/strong><\/td>\n<td width=\"76\">D\u00e9part \u00e0 09h30<\/td>\n<td width=\"88\"><\/td>\n<\/tr>\n<tr>\n<td width=\"79\"><\/td>\n<td width=\"185\"><strong><a href=\"https:\/\/lesjambiens.be\/index.php\/les-sections\/le-tai-chi\/\" target=\"_blank\" rel=\"noopener\">Ta\u00ef Chi<\/a><br \/>\n<\/strong><strong>(les 2<sup>\u00e8me<\/sup> 4<sup>\u00e8me <\/sup>et 5<sup>\u00e8me<\/sup> du mois)<\/strong><\/td>\n<td width=\"76\">09h30 \u00e0 12h00<\/td>\n<td width=\"88\">Grande salle Materne<\/td>\n<\/tr>\n<tr>\n<td width=\"79\"><\/td>\n<td width=\"185\"><strong>Permanences de l\u2019Asbl<br \/>\n(les 2<sup>\u00e8me<\/sup> et 4<sup>\u00e8me<\/sup> jeudis )<\/strong><\/td>\n<td width=\"76\">09h00 \u00e0 12h00<\/td>\n<td width=\"88\">Petite salle Materne \/Bureau<\/td>\n<\/tr>\n<tr>\n<td width=\"79\"><\/td>\n<td width=\"185\"><strong><a href=\"https:\/\/lesjambiens.be\/index.php\/les-sections\/voyage\/\" target=\"_blank\" rel=\"noopener\">Permanences Voyages<\/a><br \/>\n(les 1<sup>er<\/sup> et 3<sup>\u00e8me<\/sup> jeudis <\/strong>)<\/td>\n<td width=\"76\">09h00 \u00e0 12h00<\/td>\n<td width=\"88\">Petite salle Materne<\/td>\n<\/tr>\n<tr>\n<td width=\"79\"><\/td>\n<td width=\"185\"><strong><a href=\"https:\/\/lesjambiens.be\/index.php\/les-sections\/voyage\/\" target=\"_blank\" rel=\"noopener\">Permanences Voyages<\/a><br \/>\n(les 2<sup>\u00e8me<\/sup> et 4<sup>\u00e8me<\/sup> jeudis <\/strong>)<\/td>\n<td width=\"76\">10h00 \u00e0 12h00<\/td>\n<td width=\"88\">Petite salle Materne<\/td>\n<\/tr>\n<tr>\n<td width=\"79\"><\/td>\n<td width=\"185\"><a href=\"https:\/\/lesjambiens.be\/index.php\/les-sections\/jeux-de-cartes\/\" target=\"_blank\" rel=\"noopener\"><strong>Cartes (Whist)<\/strong><\/a><\/td>\n<td width=\"76\">13h00 \u00e0 17h00<\/td>\n<td width=\"88\">Petite salle Materne<\/td>\n<\/tr>\n<tr>\n<td width=\"79\"><\/td>\n<td width=\"185\"><a href=\"https:\/\/lesjambiens.be\/index.php\/les-sections\/scrabble\/\" target=\"_blank\" rel=\"noopener\"><strong>Scrabble<\/strong><\/a><\/td>\n<td width=\"76\">13h30 \u00e0 16h00<\/td>\n<td width=\"88\">Grande salle Materne<\/td>\n<\/tr>\n<tr>\n<td width=\"79\"><\/td>\n<td width=\"185\"><a href=\"https:\/\/lesjambiens.be\/index.php\/les-sections\/aquagym\/\" target=\"_blank\" rel=\"noopener\"><strong>Aqua-Gym<\/strong><\/a><\/td>\n<td width=\"76\">15h45 \u00e0 16h45<\/td>\n<td width=\"88\">Piscine de Jambes<\/td>\n<\/tr>\n<tr>\n<td width=\"79\"><strong>VENDREDI<\/strong><\/td>\n<td width=\"185\"><a href=\"https:\/\/lesjambiens.be\/index.php\/les-sections\/danse-en-ligne\/\" target=\"_blank\" rel=\"noopener\"><strong>Danse en ligne<\/strong><\/a><\/td>\n<td width=\"76\">10h00 \u00e0 12h00<\/td>\n<td width=\"88\">Grande salle Materne<\/td>\n<\/tr>\n<\/tbody>\n<\/table>\n<div id=\"ConnectiveDocSignExtentionInstalled\" data-extension-version=\"1.0.4\"><\/div>\n","protected":false},"excerpt":{"rendered":"<p>Janvier 2026 Cliquez sur le nom d&rsquo;une section (en rouge) pour acc\u00e9der au d\u00e9tail de sa page REMARQUE : Lorsqu&rsquo;une section est compl\u00e8te, les nouvelles demandes seront inscrites chronologiquement sur &hellip; <a href=\"https:\/\/lesjambiens.be\/index.php\/tableau-horaire-recapitulatif\/\" class=\"more-link\">Lire la suite <span class=\"screen-reader-text\">Tableau horaire r\u00e9capitulatif<\/span><\/a><\/p>\n","protected":false},"author":9,"featured_media":0,"parent":0,"menu_order":0,"comment_status":"closed","ping_status":"closed","template":"","meta":{"footnotes":""},"class_list":["post-1465","page","type-page","status-publish","hentry","without-featured-image"],"yoast_head":"<!-- This site is optimized with the Yoast SEO plugin v27.4 - https:\/\/yoast.com\/product\/yoast-seo-wordpress\/ -->\n<title>Tableau horaire r\u00e9capitulatif - Les Jambiens<\/title>\n<meta name=\"robots\" content=\"index, follow, max-snippet:-1, max-image-preview:large, max-video-preview:-1\" \/>\n<link rel=\"canonical\" href=\"https:\/\/lesjambiens.be\/index.php\/tableau-horaire-recapitulatif\/\" \/>\n<meta property=\"og:locale\" content=\"fr_FR\" \/>\n<meta property=\"og:type\" content=\"article\" \/>\n<meta property=\"og:title\" content=\"Tableau horaire r\u00e9capitulatif - Les Jambiens\" \/>\n<meta property=\"og:description\" content=\"Janvier 2026 Cliquez sur le nom d&rsquo;une section (en rouge) pour acc\u00e9der au d\u00e9tail de sa page REMARQUE : Lorsqu&rsquo;une section est compl\u00e8te, les nouvelles demandes seront inscrites chronologiquement sur &hellip; Lire la suite Tableau horaire r\u00e9capitulatif\" \/>\n<meta property=\"og:url\" content=\"https:\/\/lesjambiens.be\/index.php\/tableau-horaire-recapitulatif\/\" \/>\n<meta property=\"og:site_name\" content=\"Les Jambiens\" \/>\n<meta property=\"article:modified_time\" content=\"2026-01-20T23:37:12+00:00\" \/>\n<meta name=\"twitter:card\" content=\"summary_large_image\" \/>\n<meta name=\"twitter:label1\" content=\"Dur\u00e9e de lecture estim\u00e9e\" \/>\n\t<meta name=\"twitter:data1\" content=\"2 minutes\" \/>\n<script type=\"application\/ld+json\" class=\"yoast-schema-graph\">{\"@context\":\"https:\\\/\\\/schema.org\",\"@graph\":[{\"@type\":\"WebPage\",\"@id\":\"https:\\\/\\\/lesjambiens.be\\\/index.php\\\/tableau-horaire-recapitulatif\\\/\",\"url\":\"https:\\\/\\\/lesjambiens.be\\\/index.php\\\/tableau-horaire-recapitulatif\\\/\",\"name\":\"Tableau horaire r\u00e9capitulatif - Les Jambiens\",\"isPartOf\":{\"@id\":\"https:\\\/\\\/lesjambiens.be\\\/#website\"},\"datePublished\":\"2025-11-03T00:33:28+00:00\",\"dateModified\":\"2026-01-20T23:37:12+00:00\",\"breadcrumb\":{\"@id\":\"https:\\\/\\\/lesjambiens.be\\\/index.php\\\/tableau-horaire-recapitulatif\\\/#breadcrumb\"},\"inLanguage\":\"fr-FR\",\"potentialAction\":[{\"@type\":\"ReadAction\",\"target\":[\"https:\\\/\\\/lesjambiens.be\\\/index.php\\\/tableau-horaire-recapitulatif\\\/\"]}]},{\"@type\":\"BreadcrumbList\",\"@id\":\"https:\\\/\\\/lesjambiens.be\\\/index.php\\\/tableau-horaire-recapitulatif\\\/#breadcrumb\",\"itemListElement\":[{\"@type\":\"ListItem\",\"position\":1,\"name\":\"Accueil\",\"item\":\"https:\\\/\\\/lesjambiens.be\\\/\"},{\"@type\":\"ListItem\",\"position\":2,\"name\":\"Tableau horaire r\u00e9capitulatif\"}]},{\"@type\":\"WebSite\",\"@id\":\"https:\\\/\\\/lesjambiens.be\\\/#website\",\"url\":\"https:\\\/\\\/lesjambiens.be\\\/\",\"name\":\"Les Jambiens\",\"description\":\"Activit\u00e9s pour les a\u00een\u00e9s \u00e0 Namur\",\"potentialAction\":[{\"@type\":\"SearchAction\",\"target\":{\"@type\":\"EntryPoint\",\"urlTemplate\":\"https:\\\/\\\/lesjambiens.be\\\/?s={search_term_string}\"},\"query-input\":{\"@type\":\"PropertyValueSpecification\",\"valueRequired\":true,\"valueName\":\"search_term_string\"}}],\"inLanguage\":\"fr-FR\"}]}<\/script>\n<!-- \/ Yoast SEO plugin. -->","yoast_head_json":{"title":"Tableau horaire r\u00e9capitulatif - Les Jambiens","robots":{"index":"index","follow":"follow","max-snippet":"max-snippet:-1","max-image-preview":"max-image-preview:large","max-video-preview":"max-video-preview:-1"},"canonical":"https:\/\/lesjambiens.be\/index.php\/tableau-horaire-recapitulatif\/","og_locale":"fr_FR","og_type":"article","og_title":"Tableau horaire r\u00e9capitulatif - Les Jambiens","og_description":"Janvier 2026 Cliquez sur le nom d&rsquo;une section (en rouge) pour acc\u00e9der au d\u00e9tail de sa page REMARQUE : Lorsqu&rsquo;une section est compl\u00e8te, les nouvelles demandes seront inscrites chronologiquement sur &hellip; Lire la suite Tableau horaire r\u00e9capitulatif","og_url":"https:\/\/lesjambiens.be\/index.php\/tableau-horaire-recapitulatif\/","og_site_name":"Les Jambiens","article_modified_time":"2026-01-20T23:37:12+00:00","twitter_card":"summary_large_image","twitter_misc":{"Dur\u00e9e de lecture estim\u00e9e":"2 minutes"},"schema":{"@context":"https:\/\/schema.org","@graph":[{"@type":"WebPage","@id":"https:\/\/lesjambiens.be\/index.php\/tableau-horaire-recapitulatif\/","url":"https:\/\/lesjambiens.be\/index.php\/tableau-horaire-recapitulatif\/","name":"Tableau horaire r\u00e9capitulatif - Les Jambiens","isPartOf":{"@id":"https:\/\/lesjambiens.be\/#website"},"datePublished":"2025-11-03T00:33:28+00:00","dateModified":"2026-01-20T23:37:12+00:00","breadcrumb":{"@id":"https:\/\/lesjambiens.be\/index.php\/tableau-horaire-recapitulatif\/#breadcrumb"},"inLanguage":"fr-FR","potentialAction":[{"@type":"ReadAction","target":["https:\/\/lesjambiens.be\/index.php\/tableau-horaire-recapitulatif\/"]}]},{"@type":"BreadcrumbList","@id":"https:\/\/lesjambiens.be\/index.php\/tableau-horaire-recapitulatif\/#breadcrumb","itemListElement":[{"@type":"ListItem","position":1,"name":"Accueil","item":"https:\/\/lesjambiens.be\/"},{"@type":"ListItem","position":2,"name":"Tableau horaire r\u00e9capitulatif"}]},{"@type":"WebSite","@id":"https:\/\/lesjambiens.be\/#website","url":"https:\/\/lesjambiens.be\/","name":"Les Jambiens","description":"Activit\u00e9s pour les a\u00een\u00e9s \u00e0 Namur","potentialAction":[{"@type":"SearchAction","target":{"@type":"EntryPoint","urlTemplate":"https:\/\/lesjambiens.be\/?s={search_term_string}"},"query-input":{"@type":"PropertyValueSpecification","valueRequired":true,"valueName":"search_term_string"}}],"inLanguage":"fr-FR"}]}},"_links":{"self":[{"href":"https:\/\/lesjambiens.be\/index.php\/wp-json\/wp\/v2\/pages\/1465","targetHints":{"allow":["GET"]}}],"collection":[{"href":"https:\/\/lesjambiens.be\/index.php\/wp-json\/wp\/v2\/pages"}],"about":[{"href":"https:\/\/lesjambiens.be\/index.php\/wp-json\/wp\/v2\/types\/page"}],"author":[{"embeddable":true,"href":"https:\/\/lesjambiens.be\/index.php\/wp-json\/wp\/v2\/users\/9"}],"replies":[{"embeddable":true,"href":"https:\/\/lesjambiens.be\/index.php\/wp-json\/wp\/v2\/comments?post=1465"}],"version-history":[{"count":29,"href":"https:\/\/lesjambiens.be\/index.php\/wp-json\/wp\/v2\/pages\/1465\/revisions"}],"predecessor-version":[{"id":1639,"href":"https:\/\/lesjambiens.be\/index.php\/wp-json\/wp\/v2\/pages\/1465\/revisions\/1639"}],"wp:attachment":[{"href":"https:\/\/lesjambiens.be\/index.php\/wp-json\/wp\/v2\/media?parent=1465"}],"curies":[{"name":"wp","href":"https:\/\/api.w.org\/{rel}","templated":true}]}}