{"id":1359,"date":"2025-04-17T22:15:23","date_gmt":"2025-04-17T20:15:23","guid":{"rendered":"https:\/\/lesjambiens.be\/?page_id=1359"},"modified":"2025-04-17T22:16:34","modified_gmt":"2025-04-17T20:16:34","slug":"le-16-avril-2025-assemblee-generale","status":"publish","type":"page","link":"https:\/\/lesjambiens.be\/index.php\/le-16-avril-2025-assemblee-generale\/","title":{"rendered":"Le 16 avril 2025 &#8211; Assembl\u00e9e G\u00e9n\u00e9rale"},"content":{"rendered":"<p>Participation nombreuse pour notre Assembl\u00e9e G\u00e9n\u00e9rale\u00a0 de ce 16 avril pour \u00e9voquer entr&rsquo;autre le budget ainsi que les comptes &#8211; activit\u00e9s\u00a0 et principaux \u00e9v\u00e8nements de l&rsquo;ann\u00e9e \u00e9coul\u00e9e.<\/p>\n<p>Celle-ci s&rsquo;est agr\u00e9ablement termin\u00e9e par une r\u00e9ception ap\u00e9ritive et des zakouskis de la Sandwicherie \u00ab\u00a0La d\u00eenette de Sami\u00a0\u00bb, Place de la Wallonie,3 \u00e0 5100 Jambes.<\/p>\n<p><img loading=\"lazy\" decoding=\"async\" class=\"alignnone size-medium wp-image-1360\" src=\"https:\/\/lesjambiens.be\/wp-content\/uploads\/2025\/04\/2-279x300.jpg\" alt=\"\" width=\"279\" height=\"300\" srcset=\"https:\/\/lesjambiens.be\/wp-content\/uploads\/2025\/04\/2-279x300.jpg 279w, https:\/\/lesjambiens.be\/wp-content\/uploads\/2025\/04\/2-768x827.jpg 768w, https:\/\/lesjambiens.be\/wp-content\/uploads\/2025\/04\/2-353x380.jpg 353w, https:\/\/lesjambiens.be\/wp-content\/uploads\/2025\/04\/2.jpg 929w\" sizes=\"auto, (max-width: 279px) 100vw, 279px\" \/> \u00a0\u00a0\u00a0\u00a0\u00a0\u00a0 <img loading=\"lazy\" decoding=\"async\" class=\"alignnone size-medium wp-image-1361\" src=\"https:\/\/lesjambiens.be\/wp-content\/uploads\/2025\/04\/1-1-278x300.jpg\" alt=\"\" width=\"278\" height=\"300\" srcset=\"https:\/\/lesjambiens.be\/wp-content\/uploads\/2025\/04\/1-1-278x300.jpg 278w, https:\/\/lesjambiens.be\/wp-content\/uploads\/2025\/04\/1-1-768x828.jpg 768w, https:\/\/lesjambiens.be\/wp-content\/uploads\/2025\/04\/1-1-353x380.jpg 353w, https:\/\/lesjambiens.be\/wp-content\/uploads\/2025\/04\/1-1.jpg 928w\" sizes=\"auto, (max-width: 278px) 100vw, 278px\" \/><\/p>\n<div id=\"ConnectiveDocSignExtentionInstalled\" data-extension-version=\"1.0.4\"><\/div>\n","protected":false},"excerpt":{"rendered":"<p>Participation nombreuse pour notre Assembl\u00e9e G\u00e9n\u00e9rale\u00a0 de ce 16 avril pour \u00e9voquer entr&rsquo;autre le budget ainsi que les comptes &#8211; activit\u00e9s\u00a0 et principaux \u00e9v\u00e8nements de l&rsquo;ann\u00e9e \u00e9coul\u00e9e. Celle-ci s&rsquo;est agr\u00e9ablement &hellip; <a href=\"https:\/\/lesjambiens.be\/index.php\/le-16-avril-2025-assemblee-generale\/\" class=\"more-link\">Lire la suite <span class=\"screen-reader-text\">Le 16 avril 2025 &#8211; Assembl\u00e9e G\u00e9n\u00e9rale<\/span><\/a><\/p>\n","protected":false},"author":9,"featured_media":0,"parent":0,"menu_order":0,"comment_status":"closed","ping_status":"closed","template":"","meta":{"footnotes":""},"class_list":["post-1359","page","type-page","status-publish","hentry","without-featured-image"],"yoast_head":"<!-- This site is optimized with the Yoast SEO plugin v27.4 - https:\/\/yoast.com\/product\/yoast-seo-wordpress\/ -->\n<title>Le 16 avril 2025 - Assembl\u00e9e G\u00e9n\u00e9rale - Les Jambiens<\/title>\n<meta name=\"robots\" content=\"index, follow, max-snippet:-1, max-image-preview:large, max-video-preview:-1\" \/>\n<link rel=\"canonical\" href=\"https:\/\/lesjambiens.be\/index.php\/le-16-avril-2025-assemblee-generale\/\" \/>\n<meta property=\"og:locale\" content=\"fr_FR\" \/>\n<meta property=\"og:type\" content=\"article\" \/>\n<meta property=\"og:title\" content=\"Le 16 avril 2025 - Assembl\u00e9e G\u00e9n\u00e9rale - Les Jambiens\" \/>\n<meta property=\"og:description\" content=\"Participation nombreuse pour notre Assembl\u00e9e G\u00e9n\u00e9rale\u00a0 de ce 16 avril pour \u00e9voquer entr&rsquo;autre le budget ainsi que les comptes &#8211; activit\u00e9s\u00a0 et principaux \u00e9v\u00e8nements de l&rsquo;ann\u00e9e \u00e9coul\u00e9e. Celle-ci s&rsquo;est agr\u00e9ablement &hellip; Lire la suite Le 16 avril 2025 &#8211; Assembl\u00e9e G\u00e9n\u00e9rale\" \/>\n<meta property=\"og:url\" content=\"https:\/\/lesjambiens.be\/index.php\/le-16-avril-2025-assemblee-generale\/\" \/>\n<meta property=\"og:site_name\" content=\"Les Jambiens\" \/>\n<meta property=\"article:modified_time\" content=\"2025-04-17T20:16:34+00:00\" \/>\n<meta property=\"og:image\" content=\"http:\/\/lesjambiens.be\/wp-content\/uploads\/2025\/04\/2-279x300.jpg\" \/>\n<meta name=\"twitter:card\" content=\"summary_large_image\" \/>\n<meta name=\"twitter:label1\" content=\"Dur\u00e9e de lecture estim\u00e9e\" \/>\n\t<meta name=\"twitter:data1\" content=\"1 minute\" \/>\n<script type=\"application\/ld+json\" class=\"yoast-schema-graph\">{\"@context\":\"https:\\\/\\\/schema.org\",\"@graph\":[{\"@type\":\"WebPage\",\"@id\":\"https:\\\/\\\/lesjambiens.be\\\/index.php\\\/le-16-avril-2025-assemblee-generale\\\/\",\"url\":\"https:\\\/\\\/lesjambiens.be\\\/index.php\\\/le-16-avril-2025-assemblee-generale\\\/\",\"name\":\"Le 16 avril 2025 - Assembl\u00e9e G\u00e9n\u00e9rale - Les Jambiens\",\"isPartOf\":{\"@id\":\"https:\\\/\\\/lesjambiens.be\\\/#website\"},\"primaryImageOfPage\":{\"@id\":\"https:\\\/\\\/lesjambiens.be\\\/index.php\\\/le-16-avril-2025-assemblee-generale\\\/#primaryimage\"},\"image\":{\"@id\":\"https:\\\/\\\/lesjambiens.be\\\/index.php\\\/le-16-avril-2025-assemblee-generale\\\/#primaryimage\"},\"thumbnailUrl\":\"http:\\\/\\\/lesjambiens.be\\\/wp-content\\\/uploads\\\/2025\\\/04\\\/2-279x300.jpg\",\"datePublished\":\"2025-04-17T20:15:23+00:00\",\"dateModified\":\"2025-04-17T20:16:34+00:00\",\"breadcrumb\":{\"@id\":\"https:\\\/\\\/lesjambiens.be\\\/index.php\\\/le-16-avril-2025-assemblee-generale\\\/#breadcrumb\"},\"inLanguage\":\"fr-FR\",\"potentialAction\":[{\"@type\":\"ReadAction\",\"target\":[\"https:\\\/\\\/lesjambiens.be\\\/index.php\\\/le-16-avril-2025-assemblee-generale\\\/\"]}]},{\"@type\":\"ImageObject\",\"inLanguage\":\"fr-FR\",\"@id\":\"https:\\\/\\\/lesjambiens.be\\\/index.php\\\/le-16-avril-2025-assemblee-generale\\\/#primaryimage\",\"url\":\"https:\\\/\\\/lesjambiens.be\\\/wp-content\\\/uploads\\\/2025\\\/04\\\/2.jpg\",\"contentUrl\":\"https:\\\/\\\/lesjambiens.be\\\/wp-content\\\/uploads\\\/2025\\\/04\\\/2.jpg\",\"width\":929,\"height\":1000},{\"@type\":\"BreadcrumbList\",\"@id\":\"https:\\\/\\\/lesjambiens.be\\\/index.php\\\/le-16-avril-2025-assemblee-generale\\\/#breadcrumb\",\"itemListElement\":[{\"@type\":\"ListItem\",\"position\":1,\"name\":\"Accueil\",\"item\":\"https:\\\/\\\/lesjambiens.be\\\/\"},{\"@type\":\"ListItem\",\"position\":2,\"name\":\"Le 16 avril 2025 &#8211; Assembl\u00e9e G\u00e9n\u00e9rale\"}]},{\"@type\":\"WebSite\",\"@id\":\"https:\\\/\\\/lesjambiens.be\\\/#website\",\"url\":\"https:\\\/\\\/lesjambiens.be\\\/\",\"name\":\"Les Jambiens\",\"description\":\"Activit\u00e9s pour les a\u00een\u00e9s \u00e0 Namur\",\"potentialAction\":[{\"@type\":\"SearchAction\",\"target\":{\"@type\":\"EntryPoint\",\"urlTemplate\":\"https:\\\/\\\/lesjambiens.be\\\/?s={search_term_string}\"},\"query-input\":{\"@type\":\"PropertyValueSpecification\",\"valueRequired\":true,\"valueName\":\"search_term_string\"}}],\"inLanguage\":\"fr-FR\"}]}<\/script>\n<!-- \/ Yoast SEO plugin. -->","yoast_head_json":{"title":"Le 16 avril 2025 - Assembl\u00e9e G\u00e9n\u00e9rale - Les Jambiens","robots":{"index":"index","follow":"follow","max-snippet":"max-snippet:-1","max-image-preview":"max-image-preview:large","max-video-preview":"max-video-preview:-1"},"canonical":"https:\/\/lesjambiens.be\/index.php\/le-16-avril-2025-assemblee-generale\/","og_locale":"fr_FR","og_type":"article","og_title":"Le 16 avril 2025 - Assembl\u00e9e G\u00e9n\u00e9rale - Les Jambiens","og_description":"Participation nombreuse pour notre Assembl\u00e9e G\u00e9n\u00e9rale\u00a0 de ce 16 avril pour \u00e9voquer entr&rsquo;autre le budget ainsi que les comptes &#8211; activit\u00e9s\u00a0 et principaux \u00e9v\u00e8nements de l&rsquo;ann\u00e9e \u00e9coul\u00e9e. Celle-ci s&rsquo;est agr\u00e9ablement &hellip; Lire la suite Le 16 avril 2025 &#8211; Assembl\u00e9e G\u00e9n\u00e9rale","og_url":"https:\/\/lesjambiens.be\/index.php\/le-16-avril-2025-assemblee-generale\/","og_site_name":"Les Jambiens","article_modified_time":"2025-04-17T20:16:34+00:00","og_image":[{"url":"http:\/\/lesjambiens.be\/wp-content\/uploads\/2025\/04\/2-279x300.jpg","type":"","width":"","height":""}],"twitter_card":"summary_large_image","twitter_misc":{"Dur\u00e9e de lecture estim\u00e9e":"1 minute"},"schema":{"@context":"https:\/\/schema.org","@graph":[{"@type":"WebPage","@id":"https:\/\/lesjambiens.be\/index.php\/le-16-avril-2025-assemblee-generale\/","url":"https:\/\/lesjambiens.be\/index.php\/le-16-avril-2025-assemblee-generale\/","name":"Le 16 avril 2025 - Assembl\u00e9e G\u00e9n\u00e9rale - Les Jambiens","isPartOf":{"@id":"https:\/\/lesjambiens.be\/#website"},"primaryImageOfPage":{"@id":"https:\/\/lesjambiens.be\/index.php\/le-16-avril-2025-assemblee-generale\/#primaryimage"},"image":{"@id":"https:\/\/lesjambiens.be\/index.php\/le-16-avril-2025-assemblee-generale\/#primaryimage"},"thumbnailUrl":"http:\/\/lesjambiens.be\/wp-content\/uploads\/2025\/04\/2-279x300.jpg","datePublished":"2025-04-17T20:15:23+00:00","dateModified":"2025-04-17T20:16:34+00:00","breadcrumb":{"@id":"https:\/\/lesjambiens.be\/index.php\/le-16-avril-2025-assemblee-generale\/#breadcrumb"},"inLanguage":"fr-FR","potentialAction":[{"@type":"ReadAction","target":["https:\/\/lesjambiens.be\/index.php\/le-16-avril-2025-assemblee-generale\/"]}]},{"@type":"ImageObject","inLanguage":"fr-FR","@id":"https:\/\/lesjambiens.be\/index.php\/le-16-avril-2025-assemblee-generale\/#primaryimage","url":"https:\/\/lesjambiens.be\/wp-content\/uploads\/2025\/04\/2.jpg","contentUrl":"https:\/\/lesjambiens.be\/wp-content\/uploads\/2025\/04\/2.jpg","width":929,"height":1000},{"@type":"BreadcrumbList","@id":"https:\/\/lesjambiens.be\/index.php\/le-16-avril-2025-assemblee-generale\/#breadcrumb","itemListElement":[{"@type":"ListItem","position":1,"name":"Accueil","item":"https:\/\/lesjambiens.be\/"},{"@type":"ListItem","position":2,"name":"Le 16 avril 2025 &#8211; Assembl\u00e9e G\u00e9n\u00e9rale"}]},{"@type":"WebSite","@id":"https:\/\/lesjambiens.be\/#website","url":"https:\/\/lesjambiens.be\/","name":"Les Jambiens","description":"Activit\u00e9s pour les a\u00een\u00e9s \u00e0 Namur","potentialAction":[{"@type":"SearchAction","target":{"@type":"EntryPoint","urlTemplate":"https:\/\/lesjambiens.be\/?s={search_term_string}"},"query-input":{"@type":"PropertyValueSpecification","valueRequired":true,"valueName":"search_term_string"}}],"inLanguage":"fr-FR"}]}},"_links":{"self":[{"href":"https:\/\/lesjambiens.be\/index.php\/wp-json\/wp\/v2\/pages\/1359","targetHints":{"allow":["GET"]}}],"collection":[{"href":"https:\/\/lesjambiens.be\/index.php\/wp-json\/wp\/v2\/pages"}],"about":[{"href":"https:\/\/lesjambiens.be\/index.php\/wp-json\/wp\/v2\/types\/page"}],"author":[{"embeddable":true,"href":"https:\/\/lesjambiens.be\/index.php\/wp-json\/wp\/v2\/users\/9"}],"replies":[{"embeddable":true,"href":"https:\/\/lesjambiens.be\/index.php\/wp-json\/wp\/v2\/comments?post=1359"}],"version-history":[{"count":1,"href":"https:\/\/lesjambiens.be\/index.php\/wp-json\/wp\/v2\/pages\/1359\/revisions"}],"predecessor-version":[{"id":1362,"href":"https:\/\/lesjambiens.be\/index.php\/wp-json\/wp\/v2\/pages\/1359\/revisions\/1362"}],"wp:attachment":[{"href":"https:\/\/lesjambiens.be\/index.php\/wp-json\/wp\/v2\/media?parent=1359"}],"curies":[{"name":"wp","href":"https:\/\/api.w.org\/{rel}","templated":true}]}}