{"id":1313,"date":"2025-03-05T00:17:26","date_gmt":"2025-03-04T23:17:26","guid":{"rendered":"https:\/\/lesjambiens.be\/?page_id=1313"},"modified":"2026-01-20T20:35:56","modified_gmt":"2026-01-20T19:35:56","slug":"cpas-de-namur","status":"publish","type":"page","link":"https:\/\/lesjambiens.be\/index.php\/cpas-de-namur\/","title":{"rendered":"Nos autres partenaires"},"content":{"rendered":"<h2><span style=\"color: #3366ff;\"><strong>C.P.A.S de Namur<br \/>\n<\/strong><\/span><img loading=\"lazy\" decoding=\"async\" class=\"wp-image-1314 aligncenter\" src=\"https:\/\/lesjambiens.be\/wp-content\/uploads\/2025\/03\/Logo-CPAS-300x300.png\" alt=\"\" width=\"193\" height=\"193\" srcset=\"https:\/\/lesjambiens.be\/wp-content\/uploads\/2025\/03\/Logo-CPAS-300x300.png 300w, https:\/\/lesjambiens.be\/wp-content\/uploads\/2025\/03\/Logo-CPAS-150x150.png 150w, https:\/\/lesjambiens.be\/wp-content\/uploads\/2025\/03\/Logo-CPAS-90x90.png 90w, https:\/\/lesjambiens.be\/wp-content\/uploads\/2025\/03\/Logo-CPAS-380x380.png 380w, https:\/\/lesjambiens.be\/wp-content\/uploads\/2025\/03\/Logo-CPAS-45x45.png 45w, https:\/\/lesjambiens.be\/wp-content\/uploads\/2025\/03\/Logo-CPAS.png 500w\" sizes=\"auto, (max-width: 193px) 100vw, 193px\" \/><\/h2>\n<h2><span style=\"color: #3366ff;\"><strong>JAMBES Social et Culturel &#8211; ASBL <\/strong><\/span><\/h2>\n<p><img loading=\"lazy\" decoding=\"async\" class=\"size-full wp-image-1601 aligncenter\" src=\"https:\/\/lesjambiens.be\/wp-content\/uploads\/2026\/01\/Jambes-social-et-culturel-recadre.png\" alt=\"\" width=\"267\" height=\"111\" \/><\/p>\n<p>&nbsp;<\/p>\n<h2><span style=\"color: #3366ff;\"><strong>PROVINCE DE NAMUR<\/strong><\/span><\/h2>\n<p><img loading=\"lazy\" decoding=\"async\" class=\"size-full wp-image-1605 aligncenter\" src=\"https:\/\/lesjambiens.be\/wp-content\/uploads\/2026\/01\/Logo-Province-de-Namur-copie.jpg\" alt=\"\" width=\"125\" height=\"115\" \/><\/p>\n<p>&nbsp;<\/p>\n<h2><span style=\"color: #3366ff;\"><strong>SYNDICAT D&rsquo;INITIATIVE DE JAMBES<\/strong><\/span><\/h2>\n<p><img loading=\"lazy\" decoding=\"async\" class=\"size-medium wp-image-875 aligncenter\" src=\"https:\/\/lesjambiens.be\/wp-content\/uploads\/2024\/11\/Screenshot-2024-11-06-at-15-58-01-Syndicat-dInitiative-de-Jambes-300x146.jpg\" alt=\"\" width=\"300\" height=\"146\" srcset=\"https:\/\/lesjambiens.be\/wp-content\/uploads\/2024\/11\/Screenshot-2024-11-06-at-15-58-01-Syndicat-dInitiative-de-Jambes-300x146.jpg 300w, https:\/\/lesjambiens.be\/wp-content\/uploads\/2024\/11\/Screenshot-2024-11-06-at-15-58-01-Syndicat-dInitiative-de-Jambes-1024x499.jpg 1024w, https:\/\/lesjambiens.be\/wp-content\/uploads\/2024\/11\/Screenshot-2024-11-06-at-15-58-01-Syndicat-dInitiative-de-Jambes-768x374.jpg 768w, https:\/\/lesjambiens.be\/wp-content\/uploads\/2024\/11\/Screenshot-2024-11-06-at-15-58-01-Syndicat-dInitiative-de-Jambes-780x380.jpg 780w, https:\/\/lesjambiens.be\/wp-content\/uploads\/2024\/11\/Screenshot-2024-11-06-at-15-58-01-Syndicat-dInitiative-de-Jambes.jpg 1147w\" sizes=\"auto, (max-width: 300px) 100vw, 300px\" \/><\/p>\n<p>&nbsp;<\/p>\n<h2><span style=\"color: #3366ff;\"><strong>VILLE DE NAMUR<br \/>\n<img loading=\"lazy\" decoding=\"async\" class=\"wp-image-1607 aligncenter\" src=\"https:\/\/lesjambiens.be\/wp-content\/uploads\/2026\/01\/Logo_Ville_de_Namur-copie-213x300.png\" alt=\"\" width=\"179\" height=\"252\" srcset=\"https:\/\/lesjambiens.be\/wp-content\/uploads\/2026\/01\/Logo_Ville_de_Namur-copie-213x300.png 213w, https:\/\/lesjambiens.be\/wp-content\/uploads\/2026\/01\/Logo_Ville_de_Namur-copie-270x380.png 270w, https:\/\/lesjambiens.be\/wp-content\/uploads\/2026\/01\/Logo_Ville_de_Namur-copie.png 323w\" sizes=\"auto, (max-width: 179px) 100vw, 179px\" \/><br \/>\n<\/strong><\/span><\/h2>\n<p>&nbsp;<\/p>\n<p>&nbsp;<\/p>\n<p>&nbsp;<\/p>\n<p>&nbsp;<\/p>\n<p>&nbsp;<\/p>\n<div id=\"ConnectiveDocSignExtentionInstalled\" data-extension-version=\"1.0.4\"><\/div>\n","protected":false},"excerpt":{"rendered":"<p>C.P.A.S de Namur JAMBES Social et Culturel &#8211; ASBL &nbsp; PROVINCE DE NAMUR &nbsp; SYNDICAT D&rsquo;INITIATIVE DE JAMBES &nbsp; VILLE DE NAMUR &nbsp; &nbsp; &nbsp; &nbsp; &nbsp;<\/p>\n","protected":false},"author":9,"featured_media":0,"parent":0,"menu_order":0,"comment_status":"closed","ping_status":"closed","template":"","meta":{"footnotes":""},"class_list":["post-1313","page","type-page","status-publish","hentry","without-featured-image"],"yoast_head":"<!-- This site is optimized with the Yoast SEO plugin v27.4 - https:\/\/yoast.com\/product\/yoast-seo-wordpress\/ -->\n<title>Nos autres partenaires - Les Jambiens<\/title>\n<meta name=\"robots\" content=\"index, follow, max-snippet:-1, max-image-preview:large, max-video-preview:-1\" \/>\n<link rel=\"canonical\" href=\"https:\/\/lesjambiens.be\/index.php\/cpas-de-namur\/\" \/>\n<meta property=\"og:locale\" content=\"fr_FR\" \/>\n<meta property=\"og:type\" content=\"article\" \/>\n<meta property=\"og:title\" content=\"Nos autres partenaires - Les Jambiens\" \/>\n<meta property=\"og:description\" content=\"C.P.A.S de Namur JAMBES Social et Culturel &#8211; ASBL &nbsp; PROVINCE DE NAMUR &nbsp; SYNDICAT D&rsquo;INITIATIVE DE JAMBES &nbsp; VILLE DE NAMUR &nbsp; &nbsp; &nbsp; &nbsp; &nbsp;\" \/>\n<meta property=\"og:url\" content=\"https:\/\/lesjambiens.be\/index.php\/cpas-de-namur\/\" \/>\n<meta property=\"og:site_name\" content=\"Les Jambiens\" \/>\n<meta property=\"article:modified_time\" content=\"2026-01-20T19:35:56+00:00\" \/>\n<meta property=\"og:image\" content=\"http:\/\/lesjambiens.be\/wp-content\/uploads\/2025\/03\/Logo-CPAS-300x300.png\" \/>\n<meta name=\"twitter:card\" content=\"summary_large_image\" \/>\n<meta name=\"twitter:label1\" content=\"Dur\u00e9e de lecture estim\u00e9e\" \/>\n\t<meta name=\"twitter:data1\" content=\"2 minutes\" \/>\n<script type=\"application\/ld+json\" class=\"yoast-schema-graph\">{\"@context\":\"https:\\\/\\\/schema.org\",\"@graph\":[{\"@type\":\"WebPage\",\"@id\":\"https:\\\/\\\/lesjambiens.be\\\/index.php\\\/cpas-de-namur\\\/\",\"url\":\"https:\\\/\\\/lesjambiens.be\\\/index.php\\\/cpas-de-namur\\\/\",\"name\":\"Nos autres partenaires - Les Jambiens\",\"isPartOf\":{\"@id\":\"https:\\\/\\\/lesjambiens.be\\\/#website\"},\"primaryImageOfPage\":{\"@id\":\"https:\\\/\\\/lesjambiens.be\\\/index.php\\\/cpas-de-namur\\\/#primaryimage\"},\"image\":{\"@id\":\"https:\\\/\\\/lesjambiens.be\\\/index.php\\\/cpas-de-namur\\\/#primaryimage\"},\"thumbnailUrl\":\"http:\\\/\\\/lesjambiens.be\\\/wp-content\\\/uploads\\\/2025\\\/03\\\/Logo-CPAS-300x300.png\",\"datePublished\":\"2025-03-04T23:17:26+00:00\",\"dateModified\":\"2026-01-20T19:35:56+00:00\",\"breadcrumb\":{\"@id\":\"https:\\\/\\\/lesjambiens.be\\\/index.php\\\/cpas-de-namur\\\/#breadcrumb\"},\"inLanguage\":\"fr-FR\",\"potentialAction\":[{\"@type\":\"ReadAction\",\"target\":[\"https:\\\/\\\/lesjambiens.be\\\/index.php\\\/cpas-de-namur\\\/\"]}]},{\"@type\":\"ImageObject\",\"inLanguage\":\"fr-FR\",\"@id\":\"https:\\\/\\\/lesjambiens.be\\\/index.php\\\/cpas-de-namur\\\/#primaryimage\",\"url\":\"http:\\\/\\\/lesjambiens.be\\\/wp-content\\\/uploads\\\/2025\\\/03\\\/Logo-CPAS-300x300.png\",\"contentUrl\":\"http:\\\/\\\/lesjambiens.be\\\/wp-content\\\/uploads\\\/2025\\\/03\\\/Logo-CPAS-300x300.png\"},{\"@type\":\"BreadcrumbList\",\"@id\":\"https:\\\/\\\/lesjambiens.be\\\/index.php\\\/cpas-de-namur\\\/#breadcrumb\",\"itemListElement\":[{\"@type\":\"ListItem\",\"position\":1,\"name\":\"Accueil\",\"item\":\"https:\\\/\\\/lesjambiens.be\\\/\"},{\"@type\":\"ListItem\",\"position\":2,\"name\":\"Nos autres partenaires\"}]},{\"@type\":\"WebSite\",\"@id\":\"https:\\\/\\\/lesjambiens.be\\\/#website\",\"url\":\"https:\\\/\\\/lesjambiens.be\\\/\",\"name\":\"Les Jambiens\",\"description\":\"Activit\u00e9s pour les a\u00een\u00e9s \u00e0 Namur\",\"potentialAction\":[{\"@type\":\"SearchAction\",\"target\":{\"@type\":\"EntryPoint\",\"urlTemplate\":\"https:\\\/\\\/lesjambiens.be\\\/?s={search_term_string}\"},\"query-input\":{\"@type\":\"PropertyValueSpecification\",\"valueRequired\":true,\"valueName\":\"search_term_string\"}}],\"inLanguage\":\"fr-FR\"}]}<\/script>\n<!-- \/ Yoast SEO plugin. -->","yoast_head_json":{"title":"Nos autres partenaires - Les Jambiens","robots":{"index":"index","follow":"follow","max-snippet":"max-snippet:-1","max-image-preview":"max-image-preview:large","max-video-preview":"max-video-preview:-1"},"canonical":"https:\/\/lesjambiens.be\/index.php\/cpas-de-namur\/","og_locale":"fr_FR","og_type":"article","og_title":"Nos autres partenaires - Les Jambiens","og_description":"C.P.A.S de Namur JAMBES Social et Culturel &#8211; ASBL &nbsp; PROVINCE DE NAMUR &nbsp; SYNDICAT D&rsquo;INITIATIVE DE JAMBES &nbsp; VILLE DE NAMUR &nbsp; &nbsp; &nbsp; &nbsp; &nbsp;","og_url":"https:\/\/lesjambiens.be\/index.php\/cpas-de-namur\/","og_site_name":"Les Jambiens","article_modified_time":"2026-01-20T19:35:56+00:00","og_image":[{"url":"http:\/\/lesjambiens.be\/wp-content\/uploads\/2025\/03\/Logo-CPAS-300x300.png","type":"","width":"","height":""}],"twitter_card":"summary_large_image","twitter_misc":{"Dur\u00e9e de lecture estim\u00e9e":"2 minutes"},"schema":{"@context":"https:\/\/schema.org","@graph":[{"@type":"WebPage","@id":"https:\/\/lesjambiens.be\/index.php\/cpas-de-namur\/","url":"https:\/\/lesjambiens.be\/index.php\/cpas-de-namur\/","name":"Nos autres partenaires - Les Jambiens","isPartOf":{"@id":"https:\/\/lesjambiens.be\/#website"},"primaryImageOfPage":{"@id":"https:\/\/lesjambiens.be\/index.php\/cpas-de-namur\/#primaryimage"},"image":{"@id":"https:\/\/lesjambiens.be\/index.php\/cpas-de-namur\/#primaryimage"},"thumbnailUrl":"http:\/\/lesjambiens.be\/wp-content\/uploads\/2025\/03\/Logo-CPAS-300x300.png","datePublished":"2025-03-04T23:17:26+00:00","dateModified":"2026-01-20T19:35:56+00:00","breadcrumb":{"@id":"https:\/\/lesjambiens.be\/index.php\/cpas-de-namur\/#breadcrumb"},"inLanguage":"fr-FR","potentialAction":[{"@type":"ReadAction","target":["https:\/\/lesjambiens.be\/index.php\/cpas-de-namur\/"]}]},{"@type":"ImageObject","inLanguage":"fr-FR","@id":"https:\/\/lesjambiens.be\/index.php\/cpas-de-namur\/#primaryimage","url":"http:\/\/lesjambiens.be\/wp-content\/uploads\/2025\/03\/Logo-CPAS-300x300.png","contentUrl":"http:\/\/lesjambiens.be\/wp-content\/uploads\/2025\/03\/Logo-CPAS-300x300.png"},{"@type":"BreadcrumbList","@id":"https:\/\/lesjambiens.be\/index.php\/cpas-de-namur\/#breadcrumb","itemListElement":[{"@type":"ListItem","position":1,"name":"Accueil","item":"https:\/\/lesjambiens.be\/"},{"@type":"ListItem","position":2,"name":"Nos autres partenaires"}]},{"@type":"WebSite","@id":"https:\/\/lesjambiens.be\/#website","url":"https:\/\/lesjambiens.be\/","name":"Les Jambiens","description":"Activit\u00e9s pour les a\u00een\u00e9s \u00e0 Namur","potentialAction":[{"@type":"SearchAction","target":{"@type":"EntryPoint","urlTemplate":"https:\/\/lesjambiens.be\/?s={search_term_string}"},"query-input":{"@type":"PropertyValueSpecification","valueRequired":true,"valueName":"search_term_string"}}],"inLanguage":"fr-FR"}]}},"_links":{"self":[{"href":"https:\/\/lesjambiens.be\/index.php\/wp-json\/wp\/v2\/pages\/1313","targetHints":{"allow":["GET"]}}],"collection":[{"href":"https:\/\/lesjambiens.be\/index.php\/wp-json\/wp\/v2\/pages"}],"about":[{"href":"https:\/\/lesjambiens.be\/index.php\/wp-json\/wp\/v2\/types\/page"}],"author":[{"embeddable":true,"href":"https:\/\/lesjambiens.be\/index.php\/wp-json\/wp\/v2\/users\/9"}],"replies":[{"embeddable":true,"href":"https:\/\/lesjambiens.be\/index.php\/wp-json\/wp\/v2\/comments?post=1313"}],"version-history":[{"count":13,"href":"https:\/\/lesjambiens.be\/index.php\/wp-json\/wp\/v2\/pages\/1313\/revisions"}],"predecessor-version":[{"id":1610,"href":"https:\/\/lesjambiens.be\/index.php\/wp-json\/wp\/v2\/pages\/1313\/revisions\/1610"}],"wp:attachment":[{"href":"https:\/\/lesjambiens.be\/index.php\/wp-json\/wp\/v2\/media?parent=1313"}],"curies":[{"name":"wp","href":"https:\/\/api.w.org\/{rel}","templated":true}]}}