{"id":1267,"date":"2025-01-24T18:00:09","date_gmt":"2025-01-24T17:00:09","guid":{"rendered":"https:\/\/lesjambiens.be\/?page_id=1267"},"modified":"2025-04-17T22:22:22","modified_gmt":"2025-04-17T20:22:22","slug":"le-11-janvier-2025","status":"publish","type":"page","link":"https:\/\/lesjambiens.be\/index.php\/le-11-janvier-2025\/","title":{"rendered":"Le 11 janvier 2025 &#8211; F\u00eate des nonag\u00e9naires et go\u00fbter des rois."},"content":{"rendered":"<p>Belle apr\u00e8s-midi r\u00e9cr\u00e9ative en ce samedi 11 janvier 2025 pour notre traditionnel go\u00fbter des rois.<\/p>\n<p>Apr\u00e8s la pr\u00e9sentation des voeux, un d\u00e9licieux morceau de galette accompagn\u00e9 d\u2019une p\u00e2tisserie ont \u00e9t\u00e9 d\u00e9gust\u00e9s par les nombreux participants.<\/p>\n<p>Vive le roi et la reine\u00a0!<\/p>\n<p><img loading=\"lazy\" decoding=\"async\" class=\"alignnone size-medium wp-image-1258\" src=\"https:\/\/lesjambiens.be\/wp-content\/uploads\/2025\/01\/Roi-et-reine-2025-225x300.jpeg\" alt=\"\" width=\"225\" height=\"300\" srcset=\"https:\/\/lesjambiens.be\/wp-content\/uploads\/2025\/01\/Roi-et-reine-2025-225x300.jpeg 225w, https:\/\/lesjambiens.be\/wp-content\/uploads\/2025\/01\/Roi-et-reine-2025-285x380.jpeg 285w, https:\/\/lesjambiens.be\/wp-content\/uploads\/2025\/01\/Roi-et-reine-2025.jpeg 750w\" sizes=\"auto, (max-width: 225px) 100vw, 225px\" \/><\/p>\n<p>Ce fut \u00e9galement l\u2019occasion de f\u00eater dignement les membres r\u00e9cemment nonag\u00e9naires, en leur offrant un magnifique bouquet de fleurs.<\/p>\n<p>F\u00e9licitations \u00e0 Mesdames\u00a0 Maria PETERS et Marie-Th\u00e9r\u00e8se CLAUSSE.<\/p>\n<p><img loading=\"lazy\" decoding=\"async\" class=\"alignnone size-medium wp-image-1256\" src=\"https:\/\/lesjambiens.be\/wp-content\/uploads\/2025\/01\/Maria-PETERS-90-ANS-2025-225x300.jpg\" alt=\"\" width=\"225\" height=\"300\" srcset=\"https:\/\/lesjambiens.be\/wp-content\/uploads\/2025\/01\/Maria-PETERS-90-ANS-2025-225x300.jpg 225w, https:\/\/lesjambiens.be\/wp-content\/uploads\/2025\/01\/Maria-PETERS-90-ANS-2025-285x380.jpg 285w, https:\/\/lesjambiens.be\/wp-content\/uploads\/2025\/01\/Maria-PETERS-90-ANS-2025.jpg 480w\" sizes=\"auto, (max-width: 225px) 100vw, 225px\" \/>\u00a0 <img loading=\"lazy\" decoding=\"async\" class=\"alignnone size-medium wp-image-1257\" src=\"https:\/\/lesjambiens.be\/wp-content\/uploads\/2025\/01\/Marie-Therese-CLAUSSE-90-ANS-2025-225x300.jpeg\" alt=\"\" width=\"225\" height=\"300\" srcset=\"https:\/\/lesjambiens.be\/wp-content\/uploads\/2025\/01\/Marie-Therese-CLAUSSE-90-ANS-2025-225x300.jpeg 225w, https:\/\/lesjambiens.be\/wp-content\/uploads\/2025\/01\/Marie-Therese-CLAUSSE-90-ANS-2025-285x380.jpeg 285w, https:\/\/lesjambiens.be\/wp-content\/uploads\/2025\/01\/Marie-Therese-CLAUSSE-90-ANS-2025.jpeg 750w\" sizes=\"auto, (max-width: 225px) 100vw, 225px\" \/><\/p>\n<p>&nbsp;<\/p>\n<p>&nbsp;<\/p>\n<div id=\"ConnectiveDocSignExtentionInstalled\" data-extension-version=\"1.0.4\"><\/div>\n","protected":false},"excerpt":{"rendered":"<p>Belle apr\u00e8s-midi r\u00e9cr\u00e9ative en ce samedi 11 janvier 2025 pour notre traditionnel go\u00fbter des rois. Apr\u00e8s la pr\u00e9sentation des voeux, un d\u00e9licieux morceau de galette accompagn\u00e9 d\u2019une p\u00e2tisserie ont \u00e9t\u00e9 &hellip; <a href=\"https:\/\/lesjambiens.be\/index.php\/le-11-janvier-2025\/\" class=\"more-link\">Lire la suite <span class=\"screen-reader-text\">Le 11 janvier 2025 &#8211; F\u00eate des nonag\u00e9naires et go\u00fbter des rois.<\/span><\/a><\/p>\n","protected":false},"author":9,"featured_media":0,"parent":0,"menu_order":0,"comment_status":"closed","ping_status":"closed","template":"","meta":{"footnotes":""},"class_list":["post-1267","page","type-page","status-publish","hentry","without-featured-image"],"yoast_head":"<!-- This site is optimized with the Yoast SEO plugin v27.4 - https:\/\/yoast.com\/product\/yoast-seo-wordpress\/ -->\n<title>Le 11 janvier 2025 - F\u00eate des nonag\u00e9naires et go\u00fbter des rois. - Les Jambiens<\/title>\n<meta name=\"robots\" content=\"index, follow, max-snippet:-1, max-image-preview:large, max-video-preview:-1\" \/>\n<link rel=\"canonical\" href=\"https:\/\/lesjambiens.be\/index.php\/le-11-janvier-2025\/\" \/>\n<meta property=\"og:locale\" content=\"fr_FR\" \/>\n<meta property=\"og:type\" content=\"article\" \/>\n<meta property=\"og:title\" content=\"Le 11 janvier 2025 - F\u00eate des nonag\u00e9naires et go\u00fbter des rois. - Les Jambiens\" \/>\n<meta property=\"og:description\" content=\"Belle apr\u00e8s-midi r\u00e9cr\u00e9ative en ce samedi 11 janvier 2025 pour notre traditionnel go\u00fbter des rois. Apr\u00e8s la pr\u00e9sentation des voeux, un d\u00e9licieux morceau de galette accompagn\u00e9 d\u2019une p\u00e2tisserie ont \u00e9t\u00e9 &hellip; Lire la suite Le 11 janvier 2025 &#8211; F\u00eate des nonag\u00e9naires et go\u00fbter des rois.\" \/>\n<meta property=\"og:url\" content=\"https:\/\/lesjambiens.be\/index.php\/le-11-janvier-2025\/\" \/>\n<meta property=\"og:site_name\" content=\"Les Jambiens\" \/>\n<meta property=\"article:modified_time\" content=\"2025-04-17T20:22:22+00:00\" \/>\n<meta property=\"og:image\" content=\"http:\/\/lesjambiens.be\/wp-content\/uploads\/2025\/01\/Roi-et-reine-2025-225x300.jpeg\" \/>\n<meta name=\"twitter:card\" content=\"summary_large_image\" \/>\n<meta name=\"twitter:label1\" content=\"Dur\u00e9e de lecture estim\u00e9e\" \/>\n\t<meta name=\"twitter:data1\" content=\"1 minute\" \/>\n<script type=\"application\/ld+json\" class=\"yoast-schema-graph\">{\"@context\":\"https:\\\/\\\/schema.org\",\"@graph\":[{\"@type\":\"WebPage\",\"@id\":\"https:\\\/\\\/lesjambiens.be\\\/index.php\\\/le-11-janvier-2025\\\/\",\"url\":\"https:\\\/\\\/lesjambiens.be\\\/index.php\\\/le-11-janvier-2025\\\/\",\"name\":\"Le 11 janvier 2025 - F\u00eate des nonag\u00e9naires et go\u00fbter des rois. - Les Jambiens\",\"isPartOf\":{\"@id\":\"https:\\\/\\\/lesjambiens.be\\\/#website\"},\"primaryImageOfPage\":{\"@id\":\"https:\\\/\\\/lesjambiens.be\\\/index.php\\\/le-11-janvier-2025\\\/#primaryimage\"},\"image\":{\"@id\":\"https:\\\/\\\/lesjambiens.be\\\/index.php\\\/le-11-janvier-2025\\\/#primaryimage\"},\"thumbnailUrl\":\"http:\\\/\\\/lesjambiens.be\\\/wp-content\\\/uploads\\\/2025\\\/01\\\/Roi-et-reine-2025-225x300.jpeg\",\"datePublished\":\"2025-01-24T17:00:09+00:00\",\"dateModified\":\"2025-04-17T20:22:22+00:00\",\"breadcrumb\":{\"@id\":\"https:\\\/\\\/lesjambiens.be\\\/index.php\\\/le-11-janvier-2025\\\/#breadcrumb\"},\"inLanguage\":\"fr-FR\",\"potentialAction\":[{\"@type\":\"ReadAction\",\"target\":[\"https:\\\/\\\/lesjambiens.be\\\/index.php\\\/le-11-janvier-2025\\\/\"]}]},{\"@type\":\"ImageObject\",\"inLanguage\":\"fr-FR\",\"@id\":\"https:\\\/\\\/lesjambiens.be\\\/index.php\\\/le-11-janvier-2025\\\/#primaryimage\",\"url\":\"https:\\\/\\\/lesjambiens.be\\\/wp-content\\\/uploads\\\/2025\\\/01\\\/Roi-et-reine-2025.jpeg\",\"contentUrl\":\"https:\\\/\\\/lesjambiens.be\\\/wp-content\\\/uploads\\\/2025\\\/01\\\/Roi-et-reine-2025.jpeg\",\"width\":750,\"height\":1000},{\"@type\":\"BreadcrumbList\",\"@id\":\"https:\\\/\\\/lesjambiens.be\\\/index.php\\\/le-11-janvier-2025\\\/#breadcrumb\",\"itemListElement\":[{\"@type\":\"ListItem\",\"position\":1,\"name\":\"Accueil\",\"item\":\"https:\\\/\\\/lesjambiens.be\\\/\"},{\"@type\":\"ListItem\",\"position\":2,\"name\":\"Le 11 janvier 2025 &#8211; F\u00eate des nonag\u00e9naires et go\u00fbter des rois.\"}]},{\"@type\":\"WebSite\",\"@id\":\"https:\\\/\\\/lesjambiens.be\\\/#website\",\"url\":\"https:\\\/\\\/lesjambiens.be\\\/\",\"name\":\"Les Jambiens\",\"description\":\"Activit\u00e9s pour les a\u00een\u00e9s \u00e0 Namur\",\"potentialAction\":[{\"@type\":\"SearchAction\",\"target\":{\"@type\":\"EntryPoint\",\"urlTemplate\":\"https:\\\/\\\/lesjambiens.be\\\/?s={search_term_string}\"},\"query-input\":{\"@type\":\"PropertyValueSpecification\",\"valueRequired\":true,\"valueName\":\"search_term_string\"}}],\"inLanguage\":\"fr-FR\"}]}<\/script>\n<!-- \/ Yoast SEO plugin. -->","yoast_head_json":{"title":"Le 11 janvier 2025 - F\u00eate des nonag\u00e9naires et go\u00fbter des rois. - Les Jambiens","robots":{"index":"index","follow":"follow","max-snippet":"max-snippet:-1","max-image-preview":"max-image-preview:large","max-video-preview":"max-video-preview:-1"},"canonical":"https:\/\/lesjambiens.be\/index.php\/le-11-janvier-2025\/","og_locale":"fr_FR","og_type":"article","og_title":"Le 11 janvier 2025 - F\u00eate des nonag\u00e9naires et go\u00fbter des rois. - Les Jambiens","og_description":"Belle apr\u00e8s-midi r\u00e9cr\u00e9ative en ce samedi 11 janvier 2025 pour notre traditionnel go\u00fbter des rois. Apr\u00e8s la pr\u00e9sentation des voeux, un d\u00e9licieux morceau de galette accompagn\u00e9 d\u2019une p\u00e2tisserie ont \u00e9t\u00e9 &hellip; Lire la suite Le 11 janvier 2025 &#8211; F\u00eate des nonag\u00e9naires et go\u00fbter des rois.","og_url":"https:\/\/lesjambiens.be\/index.php\/le-11-janvier-2025\/","og_site_name":"Les Jambiens","article_modified_time":"2025-04-17T20:22:22+00:00","og_image":[{"url":"http:\/\/lesjambiens.be\/wp-content\/uploads\/2025\/01\/Roi-et-reine-2025-225x300.jpeg","type":"","width":"","height":""}],"twitter_card":"summary_large_image","twitter_misc":{"Dur\u00e9e de lecture estim\u00e9e":"1 minute"},"schema":{"@context":"https:\/\/schema.org","@graph":[{"@type":"WebPage","@id":"https:\/\/lesjambiens.be\/index.php\/le-11-janvier-2025\/","url":"https:\/\/lesjambiens.be\/index.php\/le-11-janvier-2025\/","name":"Le 11 janvier 2025 - F\u00eate des nonag\u00e9naires et go\u00fbter des rois. - Les Jambiens","isPartOf":{"@id":"https:\/\/lesjambiens.be\/#website"},"primaryImageOfPage":{"@id":"https:\/\/lesjambiens.be\/index.php\/le-11-janvier-2025\/#primaryimage"},"image":{"@id":"https:\/\/lesjambiens.be\/index.php\/le-11-janvier-2025\/#primaryimage"},"thumbnailUrl":"http:\/\/lesjambiens.be\/wp-content\/uploads\/2025\/01\/Roi-et-reine-2025-225x300.jpeg","datePublished":"2025-01-24T17:00:09+00:00","dateModified":"2025-04-17T20:22:22+00:00","breadcrumb":{"@id":"https:\/\/lesjambiens.be\/index.php\/le-11-janvier-2025\/#breadcrumb"},"inLanguage":"fr-FR","potentialAction":[{"@type":"ReadAction","target":["https:\/\/lesjambiens.be\/index.php\/le-11-janvier-2025\/"]}]},{"@type":"ImageObject","inLanguage":"fr-FR","@id":"https:\/\/lesjambiens.be\/index.php\/le-11-janvier-2025\/#primaryimage","url":"https:\/\/lesjambiens.be\/wp-content\/uploads\/2025\/01\/Roi-et-reine-2025.jpeg","contentUrl":"https:\/\/lesjambiens.be\/wp-content\/uploads\/2025\/01\/Roi-et-reine-2025.jpeg","width":750,"height":1000},{"@type":"BreadcrumbList","@id":"https:\/\/lesjambiens.be\/index.php\/le-11-janvier-2025\/#breadcrumb","itemListElement":[{"@type":"ListItem","position":1,"name":"Accueil","item":"https:\/\/lesjambiens.be\/"},{"@type":"ListItem","position":2,"name":"Le 11 janvier 2025 &#8211; F\u00eate des nonag\u00e9naires et go\u00fbter des rois."}]},{"@type":"WebSite","@id":"https:\/\/lesjambiens.be\/#website","url":"https:\/\/lesjambiens.be\/","name":"Les Jambiens","description":"Activit\u00e9s pour les a\u00een\u00e9s \u00e0 Namur","potentialAction":[{"@type":"SearchAction","target":{"@type":"EntryPoint","urlTemplate":"https:\/\/lesjambiens.be\/?s={search_term_string}"},"query-input":{"@type":"PropertyValueSpecification","valueRequired":true,"valueName":"search_term_string"}}],"inLanguage":"fr-FR"}]}},"_links":{"self":[{"href":"https:\/\/lesjambiens.be\/index.php\/wp-json\/wp\/v2\/pages\/1267","targetHints":{"allow":["GET"]}}],"collection":[{"href":"https:\/\/lesjambiens.be\/index.php\/wp-json\/wp\/v2\/pages"}],"about":[{"href":"https:\/\/lesjambiens.be\/index.php\/wp-json\/wp\/v2\/types\/page"}],"author":[{"embeddable":true,"href":"https:\/\/lesjambiens.be\/index.php\/wp-json\/wp\/v2\/users\/9"}],"replies":[{"embeddable":true,"href":"https:\/\/lesjambiens.be\/index.php\/wp-json\/wp\/v2\/comments?post=1267"}],"version-history":[{"count":5,"href":"https:\/\/lesjambiens.be\/index.php\/wp-json\/wp\/v2\/pages\/1267\/revisions"}],"predecessor-version":[{"id":1365,"href":"https:\/\/lesjambiens.be\/index.php\/wp-json\/wp\/v2\/pages\/1267\/revisions\/1365"}],"wp:attachment":[{"href":"https:\/\/lesjambiens.be\/index.php\/wp-json\/wp\/v2\/media?parent=1267"}],"curies":[{"name":"wp","href":"https:\/\/api.w.org\/{rel}","templated":true}]}}