{"id":120,"date":"2024-04-17T22:44:49","date_gmt":"2024-04-17T20:44:49","guid":{"rendered":"https:\/\/lesjambiens.be\/?page_id=120"},"modified":"2025-09-03T01:20:32","modified_gmt":"2025-09-02T23:20:32","slug":"ateliers-aromatherapie","status":"publish","type":"page","link":"https:\/\/lesjambiens.be\/index.php\/les-sections\/ateliers-aromatherapie\/","title":{"rendered":"Ateliers Aromath\u00e9rapie"},"content":{"rendered":"<h4><img loading=\"lazy\" decoding=\"async\" class=\" wp-image-623 alignleft\" src=\"https:\/\/lesjambiens.be\/wp-content\/uploads\/2024\/08\/Huiles-esssentielles-photo-300x199.jpg\" alt=\"\" width=\"449\" height=\"298\" srcset=\"https:\/\/lesjambiens.be\/wp-content\/uploads\/2024\/08\/Huiles-esssentielles-photo-300x199.jpg 300w, https:\/\/lesjambiens.be\/wp-content\/uploads\/2024\/08\/Huiles-esssentielles-photo-574x380.jpg 574w, https:\/\/lesjambiens.be\/wp-content\/uploads\/2024\/08\/Huiles-esssentielles-photo.jpg 600w\" sizes=\"auto, (max-width: 449px) 100vw, 449px\" \/><\/h4>\n<h4><strong><span style=\"text-decoration: underline;\">Responsable<\/span> :<\/strong><\/h4>\n<p><strong>Claudine TINANT-WAUTHY<\/strong> &#8211; 0479 55.74.24 &#8211; <a href=\"mailto:crwauthy@gmail.com\"><strong>crwauthy@gmail.com<\/strong><\/a><\/p>\n<h4><strong><span style=\"text-decoration: underline;\">Horaire<\/span> :<\/strong><\/h4>\n<p>Le <strong>1er lundi<\/strong> du mois <strong>\u00e0 partir d&rsquo;octobre<br \/>\n<\/strong>de <strong>16h00 \u00e0 19h00<\/strong><\/p>\n<h4><strong><span style=\"text-decoration: underline;\">LIeu<\/span> :<\/strong><\/h4>\n<p><strong><span style=\"color: #3366ff;\"><span style=\"color: #000000;\">Salle Jean Materne<\/span><br \/>\n<\/span><span style=\"color: #3366ff;\"><span style=\"color: #000000;\">All\u00e9e du Parc Astrid, 30<\/span><\/span><span style=\"color: #3366ff;\"><br \/>\n<\/span><span style=\"color: #3366ff;\"><span style=\"color: #000000;\">\u00e0 5100 JAMBES<\/span><\/span><span style=\"color: #3366ff;\"><br \/>\n<\/span><\/strong><\/p>\n<h4><strong><span style=\"text-decoration: underline;\">OBJECTIFS<\/span> :<\/strong><\/h4>\n<p><strong>1 : \u00ab L&rsquo;aromath\u00e9rapie pratique et s\u00e9curis\u00e9e \u00bb<br \/>\n<\/strong><strong>2 : \u00ab Choix et bienfaits des Huiles V\u00e9g\u00e9tales, leur association aux huiles essentielles<br \/>\n<\/strong><strong>3 : \u00ab Rem\u00e8des aux bobos qu&rsquo;apporte l&rsquo;hiver \u00bb<br \/>\n<\/strong><strong>4 : \u00ab Stress, anxi\u00e9t\u00e9, d\u00e9prime, insomnie, burnout, manque de confiance en soi \u00bb<br \/>\n<\/strong><strong>5 : \u00ab Signes du zodiaque, quelles huiles et fleurs choisir ? \u00bb<br \/>\n<\/strong><strong>6 : \u00ab Elles portent le m\u00eame nom mais n&rsquo;ont pas la m\u00eame finalit\u00e9 \u00bb<br \/>\n<\/strong><strong>7 : \u00ab Les Chakras \u00bb ( en 2 ateliers)<br \/>\n<\/strong><strong>8 : \u00ab Quand les fleurs de Bach viennent s&rsquo;associer aux huiles essentielles pour optimiser la<br \/>\ngu\u00e9rison \u00bb<\/strong><\/p>\n<h4><span style=\"text-decoration: underline;\"><strong>PHILOSOPHIE :<\/strong><\/span><\/h4>\n<p>Nous adh\u00e9rons \u00e0 la philosophie de la Soci\u00e9t\u00e9 Royale Asbl \u201cLes Jambiens\u00a0\u00bb<\/p>\n<p>&nbsp;<\/p>\n<div id=\"ConnectiveDocSignExtentionInstalled\" data-extension-version=\"1.0.4\"><\/div>\n","protected":false},"excerpt":{"rendered":"<p>Responsable : Claudine TINANT-WAUTHY &#8211; 0479 55.74.24 &#8211; crwauthy@gmail.com Horaire : Le 1er lundi du mois \u00e0 partir d&rsquo;octobre de 16h00 \u00e0 19h00 LIeu : Salle Jean Materne All\u00e9e du &hellip; <a href=\"https:\/\/lesjambiens.be\/index.php\/les-sections\/ateliers-aromatherapie\/\" class=\"more-link\">Lire la suite <span class=\"screen-reader-text\">Ateliers Aromath\u00e9rapie<\/span><\/a><\/p>\n","protected":false},"author":1,"featured_media":0,"parent":20,"menu_order":0,"comment_status":"closed","ping_status":"closed","template":"","meta":{"footnotes":""},"class_list":["post-120","page","type-page","status-publish","hentry","without-featured-image"],"yoast_head":"<!-- This site is optimized with the Yoast SEO plugin v27.4 - https:\/\/yoast.com\/product\/yoast-seo-wordpress\/ -->\n<title>Ateliers Aromath\u00e9rapie - Les Jambiens<\/title>\n<meta name=\"robots\" content=\"index, follow, max-snippet:-1, max-image-preview:large, max-video-preview:-1\" \/>\n<link rel=\"canonical\" href=\"https:\/\/lesjambiens.be\/index.php\/les-sections\/ateliers-aromatherapie\/\" \/>\n<meta property=\"og:locale\" content=\"fr_FR\" \/>\n<meta property=\"og:type\" content=\"article\" \/>\n<meta property=\"og:title\" content=\"Ateliers Aromath\u00e9rapie - Les Jambiens\" \/>\n<meta property=\"og:description\" content=\"Responsable : Claudine TINANT-WAUTHY &#8211; 0479 55.74.24 &#8211; crwauthy@gmail.com Horaire : Le 1er lundi du mois \u00e0 partir d&rsquo;octobre de 16h00 \u00e0 19h00 LIeu : Salle Jean Materne All\u00e9e du &hellip; Lire la suite Ateliers Aromath\u00e9rapie\" \/>\n<meta property=\"og:url\" content=\"https:\/\/lesjambiens.be\/index.php\/les-sections\/ateliers-aromatherapie\/\" \/>\n<meta property=\"og:site_name\" content=\"Les Jambiens\" \/>\n<meta property=\"article:modified_time\" content=\"2025-09-02T23:20:32+00:00\" \/>\n<meta property=\"og:image\" content=\"http:\/\/lesjambiens.be\/wp-content\/uploads\/2024\/08\/Huiles-esssentielles-photo-300x199.jpg\" \/>\n<meta name=\"twitter:card\" content=\"summary_large_image\" \/>\n<meta name=\"twitter:label1\" content=\"Dur\u00e9e de lecture estim\u00e9e\" \/>\n\t<meta name=\"twitter:data1\" content=\"1 minute\" \/>\n<script type=\"application\/ld+json\" class=\"yoast-schema-graph\">{\"@context\":\"https:\\\/\\\/schema.org\",\"@graph\":[{\"@type\":\"WebPage\",\"@id\":\"https:\\\/\\\/lesjambiens.be\\\/index.php\\\/les-sections\\\/ateliers-aromatherapie\\\/\",\"url\":\"https:\\\/\\\/lesjambiens.be\\\/index.php\\\/les-sections\\\/ateliers-aromatherapie\\\/\",\"name\":\"Ateliers Aromath\u00e9rapie - Les Jambiens\",\"isPartOf\":{\"@id\":\"https:\\\/\\\/lesjambiens.be\\\/#website\"},\"primaryImageOfPage\":{\"@id\":\"https:\\\/\\\/lesjambiens.be\\\/index.php\\\/les-sections\\\/ateliers-aromatherapie\\\/#primaryimage\"},\"image\":{\"@id\":\"https:\\\/\\\/lesjambiens.be\\\/index.php\\\/les-sections\\\/ateliers-aromatherapie\\\/#primaryimage\"},\"thumbnailUrl\":\"http:\\\/\\\/lesjambiens.be\\\/wp-content\\\/uploads\\\/2024\\\/08\\\/Huiles-esssentielles-photo-300x199.jpg\",\"datePublished\":\"2024-04-17T20:44:49+00:00\",\"dateModified\":\"2025-09-02T23:20:32+00:00\",\"breadcrumb\":{\"@id\":\"https:\\\/\\\/lesjambiens.be\\\/index.php\\\/les-sections\\\/ateliers-aromatherapie\\\/#breadcrumb\"},\"inLanguage\":\"fr-FR\",\"potentialAction\":[{\"@type\":\"ReadAction\",\"target\":[\"https:\\\/\\\/lesjambiens.be\\\/index.php\\\/les-sections\\\/ateliers-aromatherapie\\\/\"]}]},{\"@type\":\"ImageObject\",\"inLanguage\":\"fr-FR\",\"@id\":\"https:\\\/\\\/lesjambiens.be\\\/index.php\\\/les-sections\\\/ateliers-aromatherapie\\\/#primaryimage\",\"url\":\"https:\\\/\\\/lesjambiens.be\\\/wp-content\\\/uploads\\\/2024\\\/08\\\/Huiles-esssentielles-photo.jpg\",\"contentUrl\":\"https:\\\/\\\/lesjambiens.be\\\/wp-content\\\/uploads\\\/2024\\\/08\\\/Huiles-esssentielles-photo.jpg\",\"width\":600,\"height\":397},{\"@type\":\"BreadcrumbList\",\"@id\":\"https:\\\/\\\/lesjambiens.be\\\/index.php\\\/les-sections\\\/ateliers-aromatherapie\\\/#breadcrumb\",\"itemListElement\":[{\"@type\":\"ListItem\",\"position\":1,\"name\":\"Accueil\",\"item\":\"https:\\\/\\\/lesjambiens.be\\\/\"},{\"@type\":\"ListItem\",\"position\":2,\"name\":\"Nos sections\",\"item\":\"https:\\\/\\\/lesjambiens.be\\\/index.php\\\/les-sections\\\/\"},{\"@type\":\"ListItem\",\"position\":3,\"name\":\"Ateliers Aromath\u00e9rapie\"}]},{\"@type\":\"WebSite\",\"@id\":\"https:\\\/\\\/lesjambiens.be\\\/#website\",\"url\":\"https:\\\/\\\/lesjambiens.be\\\/\",\"name\":\"Les Jambiens\",\"description\":\"Activit\u00e9s pour les a\u00een\u00e9s \u00e0 Namur\",\"potentialAction\":[{\"@type\":\"SearchAction\",\"target\":{\"@type\":\"EntryPoint\",\"urlTemplate\":\"https:\\\/\\\/lesjambiens.be\\\/?s={search_term_string}\"},\"query-input\":{\"@type\":\"PropertyValueSpecification\",\"valueRequired\":true,\"valueName\":\"search_term_string\"}}],\"inLanguage\":\"fr-FR\"}]}<\/script>\n<!-- \/ Yoast SEO plugin. -->","yoast_head_json":{"title":"Ateliers Aromath\u00e9rapie - Les Jambiens","robots":{"index":"index","follow":"follow","max-snippet":"max-snippet:-1","max-image-preview":"max-image-preview:large","max-video-preview":"max-video-preview:-1"},"canonical":"https:\/\/lesjambiens.be\/index.php\/les-sections\/ateliers-aromatherapie\/","og_locale":"fr_FR","og_type":"article","og_title":"Ateliers Aromath\u00e9rapie - Les Jambiens","og_description":"Responsable : Claudine TINANT-WAUTHY &#8211; 0479 55.74.24 &#8211; crwauthy@gmail.com Horaire : Le 1er lundi du mois \u00e0 partir d&rsquo;octobre de 16h00 \u00e0 19h00 LIeu : Salle Jean Materne All\u00e9e du &hellip; Lire la suite Ateliers Aromath\u00e9rapie","og_url":"https:\/\/lesjambiens.be\/index.php\/les-sections\/ateliers-aromatherapie\/","og_site_name":"Les Jambiens","article_modified_time":"2025-09-02T23:20:32+00:00","og_image":[{"url":"http:\/\/lesjambiens.be\/wp-content\/uploads\/2024\/08\/Huiles-esssentielles-photo-300x199.jpg","type":"","width":"","height":""}],"twitter_card":"summary_large_image","twitter_misc":{"Dur\u00e9e de lecture estim\u00e9e":"1 minute"},"schema":{"@context":"https:\/\/schema.org","@graph":[{"@type":"WebPage","@id":"https:\/\/lesjambiens.be\/index.php\/les-sections\/ateliers-aromatherapie\/","url":"https:\/\/lesjambiens.be\/index.php\/les-sections\/ateliers-aromatherapie\/","name":"Ateliers Aromath\u00e9rapie - Les Jambiens","isPartOf":{"@id":"https:\/\/lesjambiens.be\/#website"},"primaryImageOfPage":{"@id":"https:\/\/lesjambiens.be\/index.php\/les-sections\/ateliers-aromatherapie\/#primaryimage"},"image":{"@id":"https:\/\/lesjambiens.be\/index.php\/les-sections\/ateliers-aromatherapie\/#primaryimage"},"thumbnailUrl":"http:\/\/lesjambiens.be\/wp-content\/uploads\/2024\/08\/Huiles-esssentielles-photo-300x199.jpg","datePublished":"2024-04-17T20:44:49+00:00","dateModified":"2025-09-02T23:20:32+00:00","breadcrumb":{"@id":"https:\/\/lesjambiens.be\/index.php\/les-sections\/ateliers-aromatherapie\/#breadcrumb"},"inLanguage":"fr-FR","potentialAction":[{"@type":"ReadAction","target":["https:\/\/lesjambiens.be\/index.php\/les-sections\/ateliers-aromatherapie\/"]}]},{"@type":"ImageObject","inLanguage":"fr-FR","@id":"https:\/\/lesjambiens.be\/index.php\/les-sections\/ateliers-aromatherapie\/#primaryimage","url":"https:\/\/lesjambiens.be\/wp-content\/uploads\/2024\/08\/Huiles-esssentielles-photo.jpg","contentUrl":"https:\/\/lesjambiens.be\/wp-content\/uploads\/2024\/08\/Huiles-esssentielles-photo.jpg","width":600,"height":397},{"@type":"BreadcrumbList","@id":"https:\/\/lesjambiens.be\/index.php\/les-sections\/ateliers-aromatherapie\/#breadcrumb","itemListElement":[{"@type":"ListItem","position":1,"name":"Accueil","item":"https:\/\/lesjambiens.be\/"},{"@type":"ListItem","position":2,"name":"Nos sections","item":"https:\/\/lesjambiens.be\/index.php\/les-sections\/"},{"@type":"ListItem","position":3,"name":"Ateliers Aromath\u00e9rapie"}]},{"@type":"WebSite","@id":"https:\/\/lesjambiens.be\/#website","url":"https:\/\/lesjambiens.be\/","name":"Les Jambiens","description":"Activit\u00e9s pour les a\u00een\u00e9s \u00e0 Namur","potentialAction":[{"@type":"SearchAction","target":{"@type":"EntryPoint","urlTemplate":"https:\/\/lesjambiens.be\/?s={search_term_string}"},"query-input":{"@type":"PropertyValueSpecification","valueRequired":true,"valueName":"search_term_string"}}],"inLanguage":"fr-FR"}]}},"_links":{"self":[{"href":"https:\/\/lesjambiens.be\/index.php\/wp-json\/wp\/v2\/pages\/120","targetHints":{"allow":["GET"]}}],"collection":[{"href":"https:\/\/lesjambiens.be\/index.php\/wp-json\/wp\/v2\/pages"}],"about":[{"href":"https:\/\/lesjambiens.be\/index.php\/wp-json\/wp\/v2\/types\/page"}],"author":[{"embeddable":true,"href":"https:\/\/lesjambiens.be\/index.php\/wp-json\/wp\/v2\/users\/1"}],"replies":[{"embeddable":true,"href":"https:\/\/lesjambiens.be\/index.php\/wp-json\/wp\/v2\/comments?post=120"}],"version-history":[{"count":18,"href":"https:\/\/lesjambiens.be\/index.php\/wp-json\/wp\/v2\/pages\/120\/revisions"}],"predecessor-version":[{"id":1424,"href":"https:\/\/lesjambiens.be\/index.php\/wp-json\/wp\/v2\/pages\/120\/revisions\/1424"}],"up":[{"embeddable":true,"href":"https:\/\/lesjambiens.be\/index.php\/wp-json\/wp\/v2\/pages\/20"}],"wp:attachment":[{"href":"https:\/\/lesjambiens.be\/index.php\/wp-json\/wp\/v2\/media?parent=120"}],"curies":[{"name":"wp","href":"https:\/\/api.w.org\/{rel}","templated":true}]}}